{"id":756870,"date":"2025-08-28T07:19:59","date_gmt":"2025-08-28T04:19:59","guid":{"rendered":"https:\/\/roveyayinevi.com.tr\/index.php\/urun\/kanayan-yara\/"},"modified":"2026-04-16T03:09:59","modified_gmt":"2026-04-16T00:09:59","slug":"kanayan-yara","status":"publish","type":"product","link":"https:\/\/roveyayinevi.com.tr\/index.php\/urun\/kanayan-yara\/","title":{"rendered":"Kanayan Yara"},"content":{"rendered":"<p>Sonra i\u00e7inde derin bir \u00e7a\u011f\u0131lt\u0131Kalbine akar b\u00fct\u00fcn \u0131rmaklarB\u00f6ylece yemye\u015fil olur bah\u00e7enYemi\u015flenir b\u00fct\u00fcn a\u011fa\u00e7larB\u00f6yle yaz\u0131l\u0131r a\u015fk\u0131n efsanesiNe duyan s\u00f6yler ne bilen s\u00f6ylerS\u00f6z biter s\u00fck\u00fbtun dersiAl\u0131r g\u00f6t\u00fcr\u00fcr seni gidece\u011fin yere<\/p>\n","protected":false},"excerpt":{"rendered":"<p>Sonra i\u00e7inde derin bir \u00e7a\u011f\u0131lt\u0131Kalbine akar b\u00fct\u00fcn \u0131rmaklarB\u00f6ylece yemye\u015fil olur bah\u00e7enYemi\u015flenir b\u00fct\u00fcn a\u011fa\u00e7larB\u00f6yle yaz\u0131l\u0131r a\u015fk\u0131n efsanesiNe duyan s\u00f6yler ne bilen s\u00f6ylerS\u00f6z biter s\u00fck\u00fbtun dersiAl\u0131r g\u00f6t\u00fcr\u00fcr seni<span class=\"excerpt-hellip\"> [\u2026]<\/span><\/p>\n","protected":false},"featured_media":0,"template":"","meta":{"_monsterinsights_skip_tracking":false,"_monsterinsights_sitenote_active":false,"_monsterinsights_sitenote_note":"","_monsterinsights_sitenote_category":0},"product_brand":[],"product_cat":[12291,12509],"product_tag":[],"class_list":{"0":"post-756870","1":"product","2":"type-product","3":"status-publish","5":"product_cat-edebiyat","6":"product_cat-siir","7":"pa_cilt-ciltsiz","8":"pa_tur-kitap","9":"pa_yayinevi-muhit-kitap","10":"pa_yazar-mustafa-ozcelik","12":"first","13":"instock","14":"sale","15":"shipping-taxable","16":"purchasable","17":"product-type-simple"},"_links":{"self":[{"href":"https:\/\/roveyayinevi.com.tr\/index.php\/wp-json\/wp\/v2\/product\/756870","targetHints":{"allow":["GET"]}}],"collection":[{"href":"https:\/\/roveyayinevi.com.tr\/index.php\/wp-json\/wp\/v2\/product"}],"about":[{"href":"https:\/\/roveyayinevi.com.tr\/index.php\/wp-json\/wp\/v2\/types\/product"}],"wp:attachment":[{"href":"https:\/\/roveyayinevi.com.tr\/index.php\/wp-json\/wp\/v2\/media?parent=756870"}],"wp:term":[{"taxonomy":"product_brand","embeddable":true,"href":"https:\/\/roveyayinevi.com.tr\/index.php\/wp-json\/wp\/v2\/product_brand?post=756870"},{"taxonomy":"product_cat","embeddable":true,"href":"https:\/\/roveyayinevi.com.tr\/index.php\/wp-json\/wp\/v2\/product_cat?post=756870"},{"taxonomy":"product_tag","embeddable":true,"href":"https:\/\/roveyayinevi.com.tr\/index.php\/wp-json\/wp\/v2\/product_tag?post=756870"}],"curies":[{"name":"wp","href":"https:\/\/api.w.org\/{rel}","templated":true}]}}