{"id":756868,"date":"2025-08-28T07:19:57","date_gmt":"2025-08-28T04:19:57","guid":{"rendered":"https:\/\/roveyayinevi.com.tr\/index.php\/urun\/ruh-sagligimizi-korumak\/"},"modified":"2026-04-16T03:09:59","modified_gmt":"2026-04-16T00:09:59","slug":"ruh-sagligimizi-korumak","status":"publish","type":"product","link":"https:\/\/roveyayinevi.com.tr\/index.php\/urun\/ruh-sagligimizi-korumak\/","title":{"rendered":"Ruh Sa\u011fl\u0131\u011f\u0131m\u0131z\u0131 Korumak"},"content":{"rendered":"<p>\u0130\u00e7imizdeki \u015fehir biriciktir, hi\u00e7bir yere benzememelidir. \u0130stanbul\u2019un New York\u2019a, Kud\u00fcs\u2019\u00fcn de Manhattan\u2019a benzememesi, kendi olmas\u0131 gerekti\u011fi gibi.\u0130\u00e7imizde ya\u015fayan \u015fehri, i\u00e7inde ya\u015fad\u0131\u011f\u0131m\u0131z \u015fehir etkiliyor. Bu iki \u015fehirdeki ya\u015fam \u00e7ok g\u00fczel olabilir; ne kadar emek verdi\u011fimize, y\u00f6netimi ne kadar elimize ald\u0131\u011f\u0131m\u0131za, koruyup kollama azmimize, imar, in\u015fa, ihya m\u00fccadelemizin ne oranda oldu\u011funa ba\u011fl\u0131. Ve bu tamamen bizimle ilgili: Kendimiz karar verecek, kendimiz u\u011fra\u015faca\u011f\u0131z. Kesinlikle ger\u00e7ekle\u015febilir ama \u0131srar, sebat ve inanca sahip olursak.Biz de i\u00e7imizdeki \u015fehre bakal\u0131m; hangi kokulara, g\u00f6r\u00fcnt\u00fclere al\u0131\u015fk\u0131n durumday\u0131z? Onu hangi renklerle besliyoruz?<\/p>\n","protected":false},"excerpt":{"rendered":"<p>\u0130\u00e7imizdeki \u015fehir biriciktir, hi\u00e7bir yere benzememelidir. \u0130stanbul\u2019un New York\u2019a, Kud\u00fcs\u2019\u00fcn de Manhattan\u2019a benzememesi, kendi olmas\u0131 gerekti\u011fi gibi.\u0130\u00e7imizde ya\u015fayan \u015fehri, i\u00e7inde ya\u015fad\u0131\u011f\u0131m\u0131z \u015fehir etkiliyor. Bu iki \u015fehirdeki<span class=\"excerpt-hellip\"> [\u2026]<\/span><\/p>\n","protected":false},"featured_media":0,"template":"","meta":{"_monsterinsights_skip_tracking":false,"_monsterinsights_sitenote_active":false,"_monsterinsights_sitenote_note":"","_monsterinsights_sitenote_category":0},"product_brand":[],"product_cat":[12357],"product_tag":[],"class_list":{"0":"post-756868","1":"product","2":"type-product","3":"status-publish","5":"product_cat-psikoloji","6":"pa_cilt-ciltsiz","7":"pa_tur-kitap","8":"pa_yayinevi-muhit-kitap","9":"pa_yazar-mehmet-dinc","11":"first","12":"instock","13":"sale","14":"shipping-taxable","15":"purchasable","16":"product-type-simple"},"_links":{"self":[{"href":"https:\/\/roveyayinevi.com.tr\/index.php\/wp-json\/wp\/v2\/product\/756868","targetHints":{"allow":["GET"]}}],"collection":[{"href":"https:\/\/roveyayinevi.com.tr\/index.php\/wp-json\/wp\/v2\/product"}],"about":[{"href":"https:\/\/roveyayinevi.com.tr\/index.php\/wp-json\/wp\/v2\/types\/product"}],"wp:attachment":[{"href":"https:\/\/roveyayinevi.com.tr\/index.php\/wp-json\/wp\/v2\/media?parent=756868"}],"wp:term":[{"taxonomy":"product_brand","embeddable":true,"href":"https:\/\/roveyayinevi.com.tr\/index.php\/wp-json\/wp\/v2\/product_brand?post=756868"},{"taxonomy":"product_cat","embeddable":true,"href":"https:\/\/roveyayinevi.com.tr\/index.php\/wp-json\/wp\/v2\/product_cat?post=756868"},{"taxonomy":"product_tag","embeddable":true,"href":"https:\/\/roveyayinevi.com.tr\/index.php\/wp-json\/wp\/v2\/product_tag?post=756868"}],"curies":[{"name":"wp","href":"https:\/\/api.w.org\/{rel}","templated":true}]}}