{"id":756867,"date":"2025-08-28T07:19:55","date_gmt":"2025-08-28T04:19:55","guid":{"rendered":"https:\/\/roveyayinevi.com.tr\/index.php\/urun\/sikintilarla-mucadele-rehberi\/"},"modified":"2026-04-16T03:09:59","modified_gmt":"2026-04-16T00:09:59","slug":"sikintilarla-mucadele-rehberi","status":"publish","type":"product","link":"https:\/\/roveyayinevi.com.tr\/index.php\/urun\/sikintilarla-mucadele-rehberi\/","title":{"rendered":"S\u0131k\u0131nt\u0131larla M\u00fccadele Rehberi"},"content":{"rendered":"<p>S\u0131k\u0131nt\u0131larla M\u00fccadele Rehberi, hayat\u0131n ini\u015f \u00e7\u0131k\u0131\u015flar\u0131n\u0131 anlamak ve bu zorluklarla ba\u015fa \u00e7\u0131kmak ad\u0131na kendi i\u00e7 d\u00fcnyam\u0131za yolculu\u011fun \u00f6nemine dikkat \u00e7ekmektedir. \u201c\u00c2lemin imar\u0131n\u0131n, \u00c2demin imar\u0131ndan\u201d ge\u00e7ti\u011fi anlay\u0131\u015f\u0131ndan hareketle zorluklar\u0131n \u00fcstesinden gelmek i\u00e7in i\u00e7sel bir diren\u00e7 geli\u015ftirmenin de\u011ferini vurgulamakta, bu yolculukta okuyucular\u0131na rehberlik etmektedir. Kitap, \u201ck\u00fcsmek kolay, vazge\u00e7mek kolay, yenilmek kolay ama biz bu d\u00fcnyaya kolay bir hayat ya\u015famaya gelmedik\u201d d\u00fc\u015f\u00fcncesinden hareketle dalgalar\u0131 durdurmaya \u00e7al\u0131\u015fmak yerine s\u00f6rf yapmay\u0131 \u00f6nermektedir. Bir ba\u015fka deyi\u015fle, s\u0131k\u0131nt\u0131larla ba\u015fa \u00e7\u0131kmay\u0131 \u00f6\u011frenmenin ne kadar de\u011ferli bir tutum oldu\u011funu s\u0131cak bir sohbet havas\u0131nda sunmakta ve buna y\u00f6nelik y\u00f6ntemler ortaya koymaktad\u0131r.S\u0131k\u0131nt\u0131larla M\u00fccadele Rehberi\u2019nin sayfalar\u0131 aras\u0131nda dola\u015f\u0131rken; bir yandan ruhunuzu \u0131s\u0131tan, zihninizi ayd\u0131nlatan ve kalbinizi ferahlatan d\u00fc\u015f\u00fcncelerle kar\u015f\u0131la\u015facak, \u00f6te yandan \u201cBu konuyu hi\u00e7 bu a\u00e7\u0131dan ele almam\u0131\u015ft\u0131m\u201d diyece\u011finiz uyan\u0131\u015flar ya\u015fayacaks\u0131n\u0131z. Ya\u015fad\u0131\u011f\u0131n\u0131z fark\u0131ndal\u0131klar\u0131, g\u00fcnl\u00fck ya\u015fama aktarabilmeniz ad\u0131na kitap boyunca sunulanpratik \u00e7\u00f6z\u00fcmlerle desteklendi\u011finizi hissedeceksiniz. Duygu, d\u00fc\u015f\u00fcnce ve davran\u0131\u015flara b\u00fct\u00fcnsel olarak hitap eden bu yakla\u015f\u0131m tarz\u0131, hayat\u0131n zorluklar\u0131na kar\u015f\u0131 giri\u015fti\u011finiz m\u00fccadelede sizlere rehberlik sunacakt\u0131r.<\/p>\n","protected":false},"excerpt":{"rendered":"<p>S\u0131k\u0131nt\u0131larla M\u00fccadele Rehberi, hayat\u0131n ini\u015f \u00e7\u0131k\u0131\u015flar\u0131n\u0131 anlamak ve bu zorluklarla ba\u015fa \u00e7\u0131kmak ad\u0131na kendi i\u00e7 d\u00fcnyam\u0131za yolculu\u011fun \u00f6nemine dikkat \u00e7ekmektedir. \u201c\u00c2lemin imar\u0131n\u0131n, \u00c2demin imar\u0131ndan\u201d ge\u00e7ti\u011fi anlay\u0131\u015f\u0131ndan<span class=\"excerpt-hellip\"> [\u2026]<\/span><\/p>\n","protected":false},"featured_media":0,"template":"","meta":{"_monsterinsights_skip_tracking":false,"_monsterinsights_sitenote_active":false,"_monsterinsights_sitenote_note":"","_monsterinsights_sitenote_category":0},"product_brand":[],"product_cat":[12357],"product_tag":[],"class_list":{"0":"post-756867","1":"product","2":"type-product","3":"status-publish","5":"product_cat-psikoloji","6":"pa_cilt-ciltsiz","7":"pa_tur-kitap","8":"pa_yayinevi-muhit-kitap","9":"pa_yazar-mehmet-dinc-idris-topcuoglu","11":"first","12":"instock","13":"sale","14":"shipping-taxable","15":"purchasable","16":"product-type-simple"},"_links":{"self":[{"href":"https:\/\/roveyayinevi.com.tr\/index.php\/wp-json\/wp\/v2\/product\/756867","targetHints":{"allow":["GET"]}}],"collection":[{"href":"https:\/\/roveyayinevi.com.tr\/index.php\/wp-json\/wp\/v2\/product"}],"about":[{"href":"https:\/\/roveyayinevi.com.tr\/index.php\/wp-json\/wp\/v2\/types\/product"}],"wp:attachment":[{"href":"https:\/\/roveyayinevi.com.tr\/index.php\/wp-json\/wp\/v2\/media?parent=756867"}],"wp:term":[{"taxonomy":"product_brand","embeddable":true,"href":"https:\/\/roveyayinevi.com.tr\/index.php\/wp-json\/wp\/v2\/product_brand?post=756867"},{"taxonomy":"product_cat","embeddable":true,"href":"https:\/\/roveyayinevi.com.tr\/index.php\/wp-json\/wp\/v2\/product_cat?post=756867"},{"taxonomy":"product_tag","embeddable":true,"href":"https:\/\/roveyayinevi.com.tr\/index.php\/wp-json\/wp\/v2\/product_tag?post=756867"}],"curies":[{"name":"wp","href":"https:\/\/api.w.org\/{rel}","templated":true}]}}