{"id":756865,"date":"2025-08-28T07:19:51","date_gmt":"2025-08-28T04:19:51","guid":{"rendered":"https:\/\/roveyayinevi.com.tr\/index.php\/urun\/kayayi-delen-incir\/"},"modified":"2026-04-16T03:09:59","modified_gmt":"2026-04-16T00:09:59","slug":"kayayi-delen-incir","status":"publish","type":"product","link":"https:\/\/roveyayinevi.com.tr\/index.php\/urun\/kayayi-delen-incir\/","title":{"rendered":"Kayay\u0131 Delen \u0130ncir"},"content":{"rendered":"<p>Turgut Uyar\u2019\u0131n Beh\u00e7et Necatigil \u015eiir \u00d6d\u00fcl\u00fc\u2019n\u00fc alan kitab\u0131 Kayay\u0131 Delen \u0130ncir   Turgut Uyar\u2019\u0131n Beh\u00e7et Necatigil \u015eiir \u00d6d\u00fcl\u00fc\u2019n\u00fc alan kitab\u0131 Kayay\u0131 Delen \u0130ncir   Yap\u0131 Kredi Yay\u0131nlar\u0131, toplu \u015fiirler ve \u00f6yk\u00fcler ciltlerinde \u00f6ne \u00e7\u0131kan kitaplar\u0131n ayr\u0131 bas\u0131mlar\u0131n\u0131 s\u00fcrd\u00fcr\u00fcyor. Bu kapsamda, Turgut Uyar\u2019\u0131n \u015fiir kitab\u0131 Kayay\u0131 Delen \u0130ncir yeniden ba\u011f\u0131ms\u0131z bi\u00e7imde okuruna ula\u015f\u0131yor. Kitap, 1982 y\u0131l\u0131nda \u00e7\u0131km\u0131\u015f \u015fiir kitaplar\u0131 aras\u0131ndan se\u00e7ilerek Necatigil \u015eiir \u00d6d\u00fcl\u00fc\u2019ne de\u011fer g\u00f6r\u00fclm\u00fc\u015ft\u00fc. Kayay\u0131 Delen \u0130ncir, 12 Eyl\u00fcl \u00f6ncesi ve sonras\u0131 \u00f6ne \u00e7\u0131kan sorunlar ve duyarl\u0131klar gere\u011fi, \u015fairin \u00f6nceki hi\u00e7bir kitab\u0131nda rastlanmayacak \u00f6l\u00e7\u00fcde \u201cy\u00fckl\u00fc\u201d bir toplumsal i\u00e7eri\u011fe sahiptir. Ancak d\u00f6nemin \u015fairlerinden farkl\u0131 olarak Turgut Uyar bunu \u015fiir dilinden, estetik yakla\u015f\u0131m\u0131ndan \u00f6d\u00fcn vermeden, yani \u015fiirini slogan s\u00f6yleyi\u015fe alet etmeden ger\u00e7ekle\u015ftirmi\u015ftir. Birey olarak yine yaln\u0131zd\u0131r, \u00e7\u0131k\u0131\u015fs\u0131zd\u0131r ama bireysel kurtulu\u015fu toplumsal kurtulu\u015fta g\u00f6ren bir bilince her zaman sahiptir. Uyar\u2019\u0131n b\u00fct\u00fcn \u015fiirlerini kapsayan B\u00fcy\u00fck Saat kitab\u0131 i\u00e7inde yer alan Kayay\u0131 Delen \u0130ncir herhangi bir de\u011fi\u015fiklik olmadan yay\u0131na haz\u0131rland\u0131. Ayr\u0131ca, \u015fairin kitap dosyas\u0131n\u0131 haz\u0131rlarken yapt\u0131\u011f\u0131 karton kapak bu bask\u0131n\u0131n kapak g\u00f6rseli oldu.   \u015fimdi nedir ilk bak\u0131\u015fta yitirilen ey g\u00f6zleri maden ey ilk g\u00fcne\u015f saatinin \u00e7ubu\u011fu de ki a\u015fk pusudad\u0131r ve bir d\u00fckk\u00e2nda \u00f6l\u00fcms\u00fczl\u00fc\u011f\u00fcn m\u00fchr\u00fcn\u00fc kaz\u0131r <\/p>\n","protected":false},"excerpt":{"rendered":"<p>Turgut Uyar\u2019\u0131n Beh\u00e7et Necatigil \u015eiir \u00d6d\u00fcl\u00fc\u2019n\u00fc alan kitab\u0131 Kayay\u0131 Delen \u0130ncir Turgut Uyar\u2019\u0131n Beh\u00e7et Necatigil \u015eiir \u00d6d\u00fcl\u00fc\u2019n\u00fc alan kitab\u0131 Kayay\u0131 Delen \u0130ncir Yap\u0131 Kredi Yay\u0131nlar\u0131, toplu<span class=\"excerpt-hellip\"> [\u2026]<\/span><\/p>\n","protected":false},"featured_media":0,"template":"","meta":{"_monsterinsights_skip_tracking":false,"_monsterinsights_sitenote_active":false,"_monsterinsights_sitenote_note":"","_monsterinsights_sitenote_category":0},"product_brand":[],"product_cat":[12291,12509],"product_tag":[],"class_list":{"0":"post-756865","1":"product","2":"type-product","3":"status-publish","5":"product_cat-edebiyat","6":"product_cat-siir","7":"pa_cilt-ciltsiz","8":"pa_tur-kitap","9":"pa_yayinevi-yapi-kredi-yayinlari","10":"pa_yazar-turgut-uyar","12":"first","13":"instock","14":"sale","15":"shipping-taxable","16":"purchasable","17":"product-type-simple"},"_links":{"self":[{"href":"https:\/\/roveyayinevi.com.tr\/index.php\/wp-json\/wp\/v2\/product\/756865","targetHints":{"allow":["GET"]}}],"collection":[{"href":"https:\/\/roveyayinevi.com.tr\/index.php\/wp-json\/wp\/v2\/product"}],"about":[{"href":"https:\/\/roveyayinevi.com.tr\/index.php\/wp-json\/wp\/v2\/types\/product"}],"wp:attachment":[{"href":"https:\/\/roveyayinevi.com.tr\/index.php\/wp-json\/wp\/v2\/media?parent=756865"}],"wp:term":[{"taxonomy":"product_brand","embeddable":true,"href":"https:\/\/roveyayinevi.com.tr\/index.php\/wp-json\/wp\/v2\/product_brand?post=756865"},{"taxonomy":"product_cat","embeddable":true,"href":"https:\/\/roveyayinevi.com.tr\/index.php\/wp-json\/wp\/v2\/product_cat?post=756865"},{"taxonomy":"product_tag","embeddable":true,"href":"https:\/\/roveyayinevi.com.tr\/index.php\/wp-json\/wp\/v2\/product_tag?post=756865"}],"curies":[{"name":"wp","href":"https:\/\/api.w.org\/{rel}","templated":true}]}}