{"id":756863,"date":"2025-08-28T07:19:47","date_gmt":"2025-08-28T04:19:47","guid":{"rendered":"https:\/\/roveyayinevi.com.tr\/index.php\/urun\/kayitsiz-adam\/"},"modified":"2026-04-16T03:09:59","modified_gmt":"2026-04-16T00:09:59","slug":"kayitsiz-adam","status":"publish","type":"product","link":"https:\/\/roveyayinevi.com.tr\/index.php\/urun\/kayitsiz-adam\/","title":{"rendered":"Kay\u0131ts\u0131z Adam"},"content":{"rendered":"<p>K\u0131sa \u00f6m\u00fcrl\u00fc bir dergide yay\u0131mlanan, sonra herkes taraf\u0131ndan unutulan Proust\u2019un bu \u00f6yk\u00fcs\u00fc, Philip Kolb taraf\u0131ndan yeniden bulunmu\u015ftur. \u00d6yk\u00fc 1896 y\u0131l\u0131nda La Vie contemporaine dergisinde yay\u0131mlanm\u0131\u015ft\u0131. \u00d6yk\u00fcn\u00fcn, Proust yirmi iki ya\u015f\u0131ndayken 1893 y\u0131l\u0131nda yaz\u0131lm\u0131\u015f oldu\u011funu d\u00fc\u015f\u00fcnebiliriz. Bu gen\u00e7lik yap\u0131t\u0131nda, kar\u015f\u0131m\u0131za \u00e7\u0131kacak son derece Proustvari izlekler ve s\u00f6zler bizi hem e\u011flendirecek hem de merak i\u00e7inde b\u0131rakacakt\u0131r. Bunlar\u0131n aras\u0131nda, ast\u0131m krizlerini, cattleyalar\u0131, Opera\u2019y\u0131, \u00f6zellikle de halihaz\u0131rda Swann\u2019\u0131n Bir A\u015fk\u0131\u2019nda ve Kay\u0131p Zaman\u0131n \u0130zinde\u2019nin anlat\u0131c\u0131s\u0131n\u0131n Guermantes D\u00fc\u015fesi ve Albertine\u2019in duygular\u0131na dair \u00e7\u00f6z\u00fcmlemesinde geli\u015ftirilecek olan a\u015fk\u0131n billurla\u015fmas\u0131 \u00fczerine bir incelemeyi sayabiliriz.   \u201cTek bir m\u00fccevher takmam\u0131\u015ft\u0131, sar\u0131 t\u00fclden bluzu cattleyalarla kapl\u0131yd\u0131, karanl\u0131k bir kuleden sarkan cans\u0131z \u0131\u015f\u0131k s\u00fcslemeleri misali siyah sa\u00e7lar\u0131na da birka\u00e7 cattleya takm\u0131\u015ft\u0131.\u201d  \u201cKay\u0131ts\u0131z Adam Proust sisteminin bir minyat\u00fcr\u00fcd\u00fcr.\u201d Mehmet Rifat, B\u00fcy\u00fct\u00fcc\u00fc Mercek <\/p>\n","protected":false},"excerpt":{"rendered":"<p>K\u0131sa \u00f6m\u00fcrl\u00fc bir dergide yay\u0131mlanan, sonra herkes taraf\u0131ndan unutulan Proust\u2019un bu \u00f6yk\u00fcs\u00fc, Philip Kolb taraf\u0131ndan yeniden bulunmu\u015ftur. \u00d6yk\u00fc 1896 y\u0131l\u0131nda La Vie contemporaine dergisinde yay\u0131mlanm\u0131\u015ft\u0131. \u00d6yk\u00fcn\u00fcn,<span class=\"excerpt-hellip\"> [\u2026]<\/span><\/p>\n","protected":false},"featured_media":0,"template":"","meta":{"_monsterinsights_skip_tracking":false,"_monsterinsights_sitenote_active":false,"_monsterinsights_sitenote_note":"","_monsterinsights_sitenote_category":0},"product_brand":[],"product_cat":[12291,12711],"product_tag":[],"class_list":{"0":"post-756863","1":"product","2":"type-product","3":"status-publish","5":"product_cat-edebiyat","6":"product_cat-roman-oyku","7":"pa_cilt-ciltsiz","8":"pa_tur-kitap","9":"pa_yayinevi-yapi-kredi-yayinlari","10":"pa_yazar-marcel-proust","12":"first","13":"instock","14":"sale","15":"shipping-taxable","16":"purchasable","17":"product-type-simple"},"_links":{"self":[{"href":"https:\/\/roveyayinevi.com.tr\/index.php\/wp-json\/wp\/v2\/product\/756863","targetHints":{"allow":["GET"]}}],"collection":[{"href":"https:\/\/roveyayinevi.com.tr\/index.php\/wp-json\/wp\/v2\/product"}],"about":[{"href":"https:\/\/roveyayinevi.com.tr\/index.php\/wp-json\/wp\/v2\/types\/product"}],"wp:attachment":[{"href":"https:\/\/roveyayinevi.com.tr\/index.php\/wp-json\/wp\/v2\/media?parent=756863"}],"wp:term":[{"taxonomy":"product_brand","embeddable":true,"href":"https:\/\/roveyayinevi.com.tr\/index.php\/wp-json\/wp\/v2\/product_brand?post=756863"},{"taxonomy":"product_cat","embeddable":true,"href":"https:\/\/roveyayinevi.com.tr\/index.php\/wp-json\/wp\/v2\/product_cat?post=756863"},{"taxonomy":"product_tag","embeddable":true,"href":"https:\/\/roveyayinevi.com.tr\/index.php\/wp-json\/wp\/v2\/product_tag?post=756863"}],"curies":[{"name":"wp","href":"https:\/\/api.w.org\/{rel}","templated":true}]}}