{"id":756862,"date":"2025-08-28T07:19:45","date_gmt":"2025-08-28T04:19:45","guid":{"rendered":"https:\/\/roveyayinevi.com.tr\/index.php\/urun\/turk-istihbarat-tarihi\/"},"modified":"2026-04-06T13:28:03","modified_gmt":"2026-04-06T10:28:03","slug":"turk-istihbarat-tarihi","status":"publish","type":"product","link":"https:\/\/roveyayinevi.com.tr\/index.php\/urun\/turk-istihbarat-tarihi\/","title":{"rendered":"T\u00fcrk \u0130stihbarat Tarihi"},"content":{"rendered":"<p>\u00dclkemizde istihbaratla ilgili \u00e7al\u0131\u015fmalar\u0131n say\u0131s\u0131nda son y\u0131llarda bir art\u0131\u015f ya\u015fanm\u0131\u015ft\u0131r. Buna ra\u011fmen, T\u00fcrk tarihinin ba\u015flang\u0131c\u0131ndan g\u00fcn\u00fcm\u00fcze kadar gelen s\u00fcreci i\u00e7eren kapsaml\u0131 bir eser yaz\u0131lmam\u0131\u015ft\u0131r. \u201cT\u00fcrk \u0130stihbarat Tarihi\u201d ba\u015fl\u0131\u011f\u0131 alt\u0131nda i\u015flenebilecek konunun kapsam\u0131, T\u00fcrk tarihinin ba\u015flang\u0131c\u0131ndan g\u00fcn\u00fcm\u00fcze kadar istihbarat faaliyeti ve bunu y\u00fcr\u00fcten kurumlar\u0131 i\u00e7ine almak zorundad\u0131r. Bu da yakla\u015f\u0131k iki bin y\u0131ll\u0131k bir tarih ve farkl\u0131 co\u011frafyalarda kurulmu\u015f onlarca devletin tarihiyle ba\u011flant\u0131l\u0131d\u0131r.  Birbirini tamamlayacak nitelikte bir\u00e7ok b\u00f6l\u00fcm\u00fcn bulundu\u011fu bu kitap, kapsad\u0131\u011f\u0131 zaman dilimi ve i\u00e7erik olarak T\u00fcrk istihbarat tarihi konusunda akademik nitelikteki ilk \u00f6rnektir. Yakla\u015f\u0131k iki bin y\u0131ll\u0131k bir tarihi s\u00fcre\u00e7te istihbarat\u0131n bug\u00fcnk\u00fc modern yap\u0131lar\u0131 ortaya \u00e7\u0131karan kurumsalla\u015fma ser\u00fcvenini, kafalardaki daha \u00f6nce bahsi ge\u00e7en tahrif edilmi\u015f ve yanl\u0131\u015f bilgiden kurtararak anlatmak amac\u0131ndad\u0131r.                            Kitap, ge\u00e7mi\u015ften g\u00fcn\u00fcm\u00fcze kadar olan s\u00fcre\u00e7te T\u00fcrk devletlerinin istihbarat k\u00fclt\u00fcrleri, \u00f6rg\u00fctleri ve alg\u0131lar\u0131, istihbarat olaylar\u0131, istihbarat, kar\u015f\u0131 istihbarat, espiyonaj, kontrespiyonaj faaliyetleri ve istihbarat \u00e7ark\u0131 \u00e7er\u00e7evesinde istihbarat yakla\u015f\u0131mlar\u0131 ve istihbarat teorileri do\u011frultusunda bir perspektif sunmay\u0131 ama\u00e7lamaktad\u0131r.  <\/p>\n","protected":false},"excerpt":{"rendered":"<p>\u00dclkemizde istihbaratla ilgili \u00e7al\u0131\u015fmalar\u0131n say\u0131s\u0131nda son y\u0131llarda bir art\u0131\u015f ya\u015fanm\u0131\u015ft\u0131r. Buna ra\u011fmen, T\u00fcrk tarihinin ba\u015flang\u0131c\u0131ndan g\u00fcn\u00fcm\u00fcze kadar gelen s\u00fcreci i\u00e7eren kapsaml\u0131 bir eser yaz\u0131lmam\u0131\u015ft\u0131r. \u201cT\u00fcrk \u0130stihbarat<span class=\"excerpt-hellip\"> [\u2026]<\/span><\/p>\n","protected":false},"featured_media":0,"template":"","meta":{"_monsterinsights_skip_tracking":false,"_monsterinsights_sitenote_active":false,"_monsterinsights_sitenote_note":"","_monsterinsights_sitenote_category":0},"product_brand":[],"product_cat":[13590,12337],"product_tag":[],"class_list":{"0":"post-756862","1":"product","2":"type-product","3":"status-publish","5":"product_cat-arastirma-inceleme-politika-siyaset","6":"product_cat-politika-siyaset","7":"pa_cilt-ciltsiz","8":"pa_tur-kitap","9":"pa_yayinevi-yeditepe-yayinevi","10":"pa_yazar-kolektif","12":"first","13":"instock","14":"sale","15":"shipping-taxable","16":"purchasable","17":"product-type-simple"},"_links":{"self":[{"href":"https:\/\/roveyayinevi.com.tr\/index.php\/wp-json\/wp\/v2\/product\/756862","targetHints":{"allow":["GET"]}}],"collection":[{"href":"https:\/\/roveyayinevi.com.tr\/index.php\/wp-json\/wp\/v2\/product"}],"about":[{"href":"https:\/\/roveyayinevi.com.tr\/index.php\/wp-json\/wp\/v2\/types\/product"}],"wp:attachment":[{"href":"https:\/\/roveyayinevi.com.tr\/index.php\/wp-json\/wp\/v2\/media?parent=756862"}],"wp:term":[{"taxonomy":"product_brand","embeddable":true,"href":"https:\/\/roveyayinevi.com.tr\/index.php\/wp-json\/wp\/v2\/product_brand?post=756862"},{"taxonomy":"product_cat","embeddable":true,"href":"https:\/\/roveyayinevi.com.tr\/index.php\/wp-json\/wp\/v2\/product_cat?post=756862"},{"taxonomy":"product_tag","embeddable":true,"href":"https:\/\/roveyayinevi.com.tr\/index.php\/wp-json\/wp\/v2\/product_tag?post=756862"}],"curies":[{"name":"wp","href":"https:\/\/api.w.org\/{rel}","templated":true}]}}