{"id":756861,"date":"2025-08-28T07:19:44","date_gmt":"2025-08-28T04:19:44","guid":{"rendered":"https:\/\/roveyayinevi.com.tr\/index.php\/urun\/kabe-tarihi\/"},"modified":"2026-04-16T03:09:59","modified_gmt":"2026-04-16T00:09:59","slug":"kabe-tarihi","status":"publish","type":"product","link":"https:\/\/roveyayinevi.com.tr\/index.php\/urun\/kabe-tarihi\/","title":{"rendered":"Ka\u2019be Tarihi"},"content":{"rendered":"<p>S\u00fcheyl\u00ee Ahmed b. Hemdem Kethud\u00e2\u2019n\u0131n eserleri sadece kendi devrinde de\u011fil, daha sonraki y\u0131llarda da zevkle okunmu\u015f, hatta bu nedenle baz\u0131lar\u0131 \u0130brahim M\u00fcteferrika taraf\u0131ndan da bas\u0131lm\u0131\u015ft\u0131r. S\u00fcheyl\u00ee\u2019nin \u00f6nemli eserlerinden  birisi de T\u00e2rih-i Mekke-i M\u00fckerreme\u2019dir. 1039\/1629-30 y\u0131l\u0131nda meydana gelen selden Ka\u2018be b\u00fcy\u00fck zarar g\u00f6rm\u00fc\u015f, iki duvar\u0131 tamamen y\u0131k\u0131lm\u0131\u015ft\u0131. Tamir i\u00e7in yap\u0131lan ke\u015fifte, kalan k\u0131sm\u0131n da y\u0131k\u0131larak yeniden yap\u0131lmas\u0131 gereklili\u011fi ortaya \u00e7\u0131kt\u0131. Ancak Mekke ulemas\u0131 ve halk\u0131 y\u0131k\u0131ma \u015fiddetle kar\u015f\u0131 \u00e7\u0131kt\u0131lar. Buna sebep Ka\u2019be\u2019nin iki kez y\u0131k\u0131laca\u011f\u0131, \u00fc\u00e7\u00fcnc\u00fcs\u00fcnde yery\u00fcz\u00fcnden kald\u0131r\u0131laca\u011f\u0131n\u0131 haber veren bir hadis-i \u015ferifti. Tamirat i\u00e7in g\u00f6revlendirilen R\u0131dvan A\u011fa \u00f6nce d\u00f6rt mezhep \u00e2limlerinden tamir i\u00e7in y\u0131k\u0131m\u0131n caiz oldu\u011funa dair fetvalar alarak tamirata ba\u015flad\u0131. S\u00fcheyl\u00ee bu eserde tamirat\u0131n g\u00fcn g\u00fcn b\u00fct\u00fcn safhalar\u0131n\u0131 anlatmaktad\u0131r. Eserin di\u011fer b\u00f6l\u00fcmlerinde Ka\u2019be\u2019nin bina edili\u015fi, Ka\u2019be\u2019yi tahrib eden b\u00fcy\u00fck seller, yap\u0131lan kapsaml\u0131 tamirat, Ka\u2019be\u2019ye hizmet edenler, Ka\u2019be\u2019ye \u00f6rt\u00fc \u00f6rtmek \u00e2detinin ortaya \u00e7\u0131k\u0131\u015f\u0131 gibi konularda  muteber bilgiler vermektedir. Eserin sonunda tamirat i\u00e7in al\u0131nan fetvalar\u0131n Arap\u00e7a as\u0131llar\u0131yla T\u00fcrk\u00e7e \u00f6zetleri de bulunmaktad\u0131r.<\/p>\n","protected":false},"excerpt":{"rendered":"<p>S\u00fcheyl\u00ee Ahmed b. Hemdem Kethud\u00e2\u2019n\u0131n eserleri sadece kendi devrinde de\u011fil, daha sonraki y\u0131llarda da zevkle okunmu\u015f, hatta bu nedenle baz\u0131lar\u0131 \u0130brahim M\u00fcteferrika taraf\u0131ndan da bas\u0131lm\u0131\u015ft\u0131r. S\u00fcheyl\u00ee\u2019nin<span class=\"excerpt-hellip\"> [\u2026]<\/span><\/p>\n","protected":false},"featured_media":0,"template":"","meta":{"_monsterinsights_skip_tracking":false,"_monsterinsights_sitenote_active":false,"_monsterinsights_sitenote_note":"","_monsterinsights_sitenote_category":0},"product_brand":[],"product_cat":[13517,12304],"product_tag":[],"class_list":{"0":"post-756861","1":"product","2":"type-product","3":"status-publish","5":"product_cat-osmanli-tarihi","6":"product_cat-tarih","7":"pa_cilt-ciltsiz","8":"pa_tur-kitap","9":"pa_yayinevi-yeditepe-yayinevi","10":"pa_yazar-ahmed-bin-hemdem-kethuda","12":"first","13":"instock","14":"sale","15":"shipping-taxable","16":"purchasable","17":"product-type-simple"},"_links":{"self":[{"href":"https:\/\/roveyayinevi.com.tr\/index.php\/wp-json\/wp\/v2\/product\/756861","targetHints":{"allow":["GET"]}}],"collection":[{"href":"https:\/\/roveyayinevi.com.tr\/index.php\/wp-json\/wp\/v2\/product"}],"about":[{"href":"https:\/\/roveyayinevi.com.tr\/index.php\/wp-json\/wp\/v2\/types\/product"}],"wp:attachment":[{"href":"https:\/\/roveyayinevi.com.tr\/index.php\/wp-json\/wp\/v2\/media?parent=756861"}],"wp:term":[{"taxonomy":"product_brand","embeddable":true,"href":"https:\/\/roveyayinevi.com.tr\/index.php\/wp-json\/wp\/v2\/product_brand?post=756861"},{"taxonomy":"product_cat","embeddable":true,"href":"https:\/\/roveyayinevi.com.tr\/index.php\/wp-json\/wp\/v2\/product_cat?post=756861"},{"taxonomy":"product_tag","embeddable":true,"href":"https:\/\/roveyayinevi.com.tr\/index.php\/wp-json\/wp\/v2\/product_tag?post=756861"}],"curies":[{"name":"wp","href":"https:\/\/api.w.org\/{rel}","templated":true}]}}