{"id":756860,"date":"2025-08-28T07:19:42","date_gmt":"2025-08-28T04:19:42","guid":{"rendered":"https:\/\/roveyayinevi.com.tr\/index.php\/urun\/turkiye-tarihi-cografya-arastirmalari\/"},"modified":"2026-04-16T03:09:59","modified_gmt":"2026-04-16T00:09:59","slug":"turkiye-tarihi-cografya-arastirmalari","status":"publish","type":"product","link":"https:\/\/roveyayinevi.com.tr\/index.php\/urun\/turkiye-tarihi-cografya-arastirmalari\/","title":{"rendered":"T\u00fcrkiye Tarihi Co\u011frafya Ara\u015ft\u0131rmalar\u0131"},"content":{"rendered":"<p>T\u00fcrkiye, co\u011frafi konumu ve do\u011fal-be\u015fer\u00ee fakt\u00f6rler ba\u011flam\u0131nda sahip oldu\u011fu \u00fcst\u00fcn nitelikleri nedeniyle \u00e7ok uzun zamand\u0131r isk\u00e2na sahne olmu\u015f, \u00e7ok say\u0131da k\u00fclt\u00fcr ve medeniyetin filizlendi\u011fi, k\u00f6k sald\u0131\u011f\u0131 b\u00fcy\u00fck bir mekand\u0131r. Bu nitelik, otomatikman T\u00fcrkiye topraklar\u0131n\u0131n tarih\u00ee co\u011frafya kayna\u011f\u0131 olabilecek say\u0131s\u0131z eser, an\u0131t, mek\u00e2n ve di\u011fer unsurlar\u0131n zenginli\u011fi yan\u0131nda, bilinen-bilinmeyen, toprak alt\u0131nda-toprak \u00fcst\u00fcnde say\u0131s\u0131z f\u0131rsatlara sahip zengin bir potansiyel bar\u0131nd\u0131rmas\u0131na yol a\u00e7m\u0131\u015ft\u0131r. Bu b\u00fcy\u00fck potansiyel ise eskiden beri, \u00e7ok say\u0131da ara\u015ft\u0131rmac\u0131 ve m\u00fcellifin kendi bak\u0131\u015f a\u00e7\u0131s\u0131 do\u011frultusunda \u00e7al\u0131\u015fma yapmas\u0131n\u0131 sa\u011flam\u0131\u015f, do\u011fal olarak konumuz ba\u011flam\u0131nda \u00e7ok say\u0131da eser \u00fcretilmi\u015ftir. Fakat tarih\u00ee co\u011frafya \u00f6zelinde, bir taraftan isimlendirme ve kimlik sorunlar\u0131, di\u011fer taraftan konuya dair yap\u0131lm\u0131\u015f t\u00fcm ara\u015ft\u0131rmalar\u0131n bir envanterini haz\u0131rlamak amac\u0131nda olmayan bu \u00e7al\u0131\u015fmada, ana hatlar\u0131yla tarih\u00ee co\u011frafya ara\u015ft\u0131rmalar\u0131n\u0131n genel bir g\u00f6r\u00fcnt\u00fcs\u00fc \u00e7\u0131kar\u0131lm\u0131\u015ft\u0131r. \u00dclkemizde yap\u0131lan \u00e7al\u0131\u015fmalar\u0131n tamam\u0131n\u0131 i\u00e7ermek m\u00fcmk\u00fcn olmad\u0131\u011f\u0131ndan, sadece tarihi co\u011frafyan\u0131n ana hatlar\u0131n\u0131 merkeze alarak \u00f6ncelikle konunun kavramsal boyutunu ortaya koymak, disipliner sistem i\u00e7indeki yerini do\u011fru tespit etmek, temel ve ay\u0131rt edici \u00f6zelliklerini ortaya koyarak m\u00fcelliflerin kabulleri \u00fczerinden asgari m\u00fc\u015ftereklerde uzla\u015f\u0131labilecek bir tarihi co\u011frafya zemini olu\u015fturulmas\u0131, elinizdeki kitab\u0131n temel amac\u0131d\u0131r.<\/p>\n","protected":false},"excerpt":{"rendered":"<p>T\u00fcrkiye, co\u011frafi konumu ve do\u011fal-be\u015fer\u00ee fakt\u00f6rler ba\u011flam\u0131nda sahip oldu\u011fu \u00fcst\u00fcn nitelikleri nedeniyle \u00e7ok uzun zamand\u0131r isk\u00e2na sahne olmu\u015f, \u00e7ok say\u0131da k\u00fclt\u00fcr ve medeniyetin filizlendi\u011fi, k\u00f6k sald\u0131\u011f\u0131<span class=\"excerpt-hellip\"> [\u2026]<\/span><\/p>\n","protected":false},"featured_media":0,"template":"","meta":{"_monsterinsights_skip_tracking":false,"_monsterinsights_sitenote_active":false,"_monsterinsights_sitenote_note":"","_monsterinsights_sitenote_category":0},"product_brand":[],"product_cat":[12304,13650],"product_tag":[],"class_list":{"0":"post-756860","1":"product","2":"type-product","3":"status-publish","5":"product_cat-tarih","6":"product_cat-turk-tarihi-arastirmalari","7":"pa_cilt-ciltsiz","8":"pa_tur-kitap","9":"pa_yayinevi-yeditepe-yayinevi","10":"pa_yazar-kolektif","12":"first","13":"instock","14":"sale","15":"shipping-taxable","16":"purchasable","17":"product-type-simple"},"_links":{"self":[{"href":"https:\/\/roveyayinevi.com.tr\/index.php\/wp-json\/wp\/v2\/product\/756860","targetHints":{"allow":["GET"]}}],"collection":[{"href":"https:\/\/roveyayinevi.com.tr\/index.php\/wp-json\/wp\/v2\/product"}],"about":[{"href":"https:\/\/roveyayinevi.com.tr\/index.php\/wp-json\/wp\/v2\/types\/product"}],"wp:attachment":[{"href":"https:\/\/roveyayinevi.com.tr\/index.php\/wp-json\/wp\/v2\/media?parent=756860"}],"wp:term":[{"taxonomy":"product_brand","embeddable":true,"href":"https:\/\/roveyayinevi.com.tr\/index.php\/wp-json\/wp\/v2\/product_brand?post=756860"},{"taxonomy":"product_cat","embeddable":true,"href":"https:\/\/roveyayinevi.com.tr\/index.php\/wp-json\/wp\/v2\/product_cat?post=756860"},{"taxonomy":"product_tag","embeddable":true,"href":"https:\/\/roveyayinevi.com.tr\/index.php\/wp-json\/wp\/v2\/product_tag?post=756860"}],"curies":[{"name":"wp","href":"https:\/\/api.w.org\/{rel}","templated":true}]}}