{"id":756856,"date":"2025-08-28T07:19:35","date_gmt":"2025-08-28T04:19:35","guid":{"rendered":"https:\/\/roveyayinevi.com.tr\/index.php\/urun\/milli-mecmua-sayi-35-kasim-aralik-2023\/"},"modified":"2026-04-16T03:09:59","modified_gmt":"2026-04-16T00:09:59","slug":"milli-mecmua-sayi-35-kasim-aralik-2023","status":"publish","type":"product","link":"https:\/\/roveyayinevi.com.tr\/index.php\/urun\/milli-mecmua-sayi-35-kasim-aralik-2023\/","title":{"rendered":"Milli Mecmua Say\u0131 35 \/ Kas\u0131m &#8211; Aral\u0131k 2023"},"content":{"rendered":"<p>Mill\u00ee Mecm\u00fba, 2018 y\u0131l\u0131ndan itibaren dosya konusu usul\u00fcyle 35 say\u0131 ne\u015fretti. M\u00fchim konulardan m\u00fcte\u015fekkil bu dosyalar; edeb\u00ee \u2013 fikr\u00ee portre \u00e7al\u0131\u015fmalar\u0131, d\u00fc\u015f\u00fcnce ak\u0131mlar\u0131, T\u00fcrk tarihinden fig\u00fcrler, T\u00fcrk co\u011frafyas\u0131ndan n\u00fcveler ve \u0130sl\u00e2m d\u00fc\u015f\u00fcncesinin \u00e7e\u015fitli problemleri i\u00e7erdi. 35 say\u0131 i\u00e7erisinde 15 dosyada, \u00f6nemli \u015fahsiyete, ilgili konularda sorular y\u00f6neltildi. Her bir s\u00f6yle\u015fi, bug\u00fcn hayli hacimli h\u00e2le geldi ve okuyucular a\u00e7\u0131s\u0131ndan hepsine birden eri\u015fimi zorla\u015ft\u0131. \u00dcstelik, s\u00f6yle\u015fi yap\u0131lan \u015fahsiyetler i\u00e7erisinde rahmet-i rahmana kavu\u015fan b\u00fcy\u00fcklerimiz de oldu. 2023 y\u0131l\u0131n\u0131n son say\u0131s\u0131, bu gerek\u00e7elerle s\u00f6yle\u015filerin derlenmesine ayr\u0131ld\u0131.Yay\u0131mlanan ilk say\u0131s\u0131nda bug\u00fcne Mill\u00ee d\u00fc\u015f\u00fcnce s\u0131n\u0131rlar\u0131n\u0131 belirlemeye \u00e7al\u0131\u015fan Mill\u00ee Mecm\u00fba, yapt\u0131\u011f\u0131 s\u00f6yle\u015filer ile bu s\u0131n\u0131r\u0131n k\u00f6\u015fe ta\u015flar\u0131n\u0131 da okuruna sundu. T\u00fcrk d\u00fc\u015f\u00fcncesine \u00f6nemli katk\u0131lar yapan birbirinden \u00f6nemli isimlerle T\u00fcrkl\u00fc\u011f\u00fcn d\u00fcn\u00fcn\u00fc, bug\u00fcn\u00fcn\u00fc ve yar\u0131n\u0131n\u0131 konu\u015ftu. Gelecek say\u0131lar\u0131nda da bu gayreti do\u011frultusunda hareket edecek ve mill\u00ee k\u00fclliyat olu\u015fturma seferberli\u011finin yolba\u015f\u00e7\u0131l\u0131\u011f\u0131 g\u00f6revini s\u00fcrd\u00fcrecek.1, 3, 4, 5, 7, 10, 14, 15, 19, 20, 27, 28, 29 ve 30. say\u0131larda yer alan bu s\u00f6yle\u015filer; Ahmet Bican Ercilasun, \u00d6mer Tu\u011frul \u0130nan\u00e7er, Erkan G\u00f6ksu, S\u00fcleyman \u00c7obano\u011flu, Ayhan B\u0131\u00e7ak, M. C\u00fcneyt Kaya, Hasan Erimez, Osman G. \u00d6zg\u00fcdenli, G\u00fclay Bezer, Murat Y\u0131lmaz, Ali Bademci, Arzu Enver Ero\u011fan, Hasip Sayg\u0131l\u0131, Ozan Bodur, Ekmeleddin \u0130hsano\u011flu, \u00d6zkul \u00c7obano\u011flu ve Mehmet Ak\u0131nc\u0131 ile ger\u00e7ekle\u015ftirilmi\u015ftir.<\/p>\n","protected":false},"excerpt":{"rendered":"<p>Mill\u00ee Mecm\u00fba, 2018 y\u0131l\u0131ndan itibaren dosya konusu usul\u00fcyle 35 say\u0131 ne\u015fretti. M\u00fchim konulardan m\u00fcte\u015fekkil bu dosyalar; edeb\u00ee \u2013 fikr\u00ee portre \u00e7al\u0131\u015fmalar\u0131, d\u00fc\u015f\u00fcnce ak\u0131mlar\u0131, T\u00fcrk tarihinden fig\u00fcrler,<span class=\"excerpt-hellip\"> [\u2026]<\/span><\/p>\n","protected":false},"featured_media":0,"template":"","meta":{"_monsterinsights_skip_tracking":false,"_monsterinsights_sitenote_active":false,"_monsterinsights_sitenote_note":"","_monsterinsights_sitenote_category":0},"product_brand":[],"product_cat":[13527],"product_tag":[],"class_list":{"0":"post-756856","1":"product","2":"type-product","3":"status-publish","5":"product_cat-sureli-yayinlar","6":"pa_cilt-ciltsiz","7":"pa_tur-dergi","8":"pa_yayinevi-otuken-nesriyat","9":"pa_yazar-kolektif","11":"first","12":"instock","13":"sale","14":"shipping-taxable","15":"purchasable","16":"product-type-simple"},"_links":{"self":[{"href":"https:\/\/roveyayinevi.com.tr\/index.php\/wp-json\/wp\/v2\/product\/756856","targetHints":{"allow":["GET"]}}],"collection":[{"href":"https:\/\/roveyayinevi.com.tr\/index.php\/wp-json\/wp\/v2\/product"}],"about":[{"href":"https:\/\/roveyayinevi.com.tr\/index.php\/wp-json\/wp\/v2\/types\/product"}],"wp:attachment":[{"href":"https:\/\/roveyayinevi.com.tr\/index.php\/wp-json\/wp\/v2\/media?parent=756856"}],"wp:term":[{"taxonomy":"product_brand","embeddable":true,"href":"https:\/\/roveyayinevi.com.tr\/index.php\/wp-json\/wp\/v2\/product_brand?post=756856"},{"taxonomy":"product_cat","embeddable":true,"href":"https:\/\/roveyayinevi.com.tr\/index.php\/wp-json\/wp\/v2\/product_cat?post=756856"},{"taxonomy":"product_tag","embeddable":true,"href":"https:\/\/roveyayinevi.com.tr\/index.php\/wp-json\/wp\/v2\/product_tag?post=756856"}],"curies":[{"name":"wp","href":"https:\/\/api.w.org\/{rel}","templated":true}]}}