{"id":756853,"date":"2025-08-28T07:19:32","date_gmt":"2025-08-28T04:19:32","guid":{"rendered":"https:\/\/roveyayinevi.com.tr\/index.php\/urun\/2025-tyt-ayt-kpss-dgs-ales-permutasyon-kombinasyon-olasilik-denemeleri\/"},"modified":"2026-04-16T03:09:59","modified_gmt":"2026-04-16T00:09:59","slug":"2025-tyt-ayt-kpss-dgs-ales-permutasyon-kombinasyon-olasilik-denemeleri","status":"publish","type":"product","link":"https:\/\/roveyayinevi.com.tr\/index.php\/urun\/2025-tyt-ayt-kpss-dgs-ales-permutasyon-kombinasyon-olasilik-denemeleri\/","title":{"rendered":"2025 TYT \u2013 AYT \u2013 KPSS \u2013 DGS \u2013 ALES Perm\u00fctasyon Kombinasyon Olas\u0131l\u0131k Denemeleri"},"content":{"rendered":"<p>2024 TYT \u2013 AYT \u2013 KPSS \u2013 DGS \u2013 ALES Perm\u00fctasyon Kombinasyon Olas\u0131l\u0131k Denemeleri<\/p>\n","protected":false},"excerpt":{"rendered":"<p>2024 TYT \u2013 AYT \u2013 KPSS \u2013 DGS \u2013 ALES Perm\u00fctasyon Kombinasyon Olas\u0131l\u0131k Denemeleri<\/p>\n","protected":false},"featured_media":0,"template":"","meta":{"_monsterinsights_skip_tracking":false,"_monsterinsights_sitenote_active":false,"_monsterinsights_sitenote_note":"","_monsterinsights_sitenote_category":0},"product_brand":[],"product_cat":[12566,13473],"product_tag":[],"class_list":{"0":"post-756853","1":"product","2":"type-product","3":"status-publish","5":"product_cat-egitim","6":"product_cat-sinavlara-hazirlik-okula-yardimci-kaynaklar","7":"pa_cilt-ciltsiz","8":"pa_tur-kitap","9":"pa_yayinevi-marka-yayinlari","10":"pa_yazar-yasin-kara","12":"first","13":"instock","14":"sale","15":"shipping-taxable","16":"purchasable","17":"product-type-simple"},"_links":{"self":[{"href":"https:\/\/roveyayinevi.com.tr\/index.php\/wp-json\/wp\/v2\/product\/756853","targetHints":{"allow":["GET"]}}],"collection":[{"href":"https:\/\/roveyayinevi.com.tr\/index.php\/wp-json\/wp\/v2\/product"}],"about":[{"href":"https:\/\/roveyayinevi.com.tr\/index.php\/wp-json\/wp\/v2\/types\/product"}],"wp:attachment":[{"href":"https:\/\/roveyayinevi.com.tr\/index.php\/wp-json\/wp\/v2\/media?parent=756853"}],"wp:term":[{"taxonomy":"product_brand","embeddable":true,"href":"https:\/\/roveyayinevi.com.tr\/index.php\/wp-json\/wp\/v2\/product_brand?post=756853"},{"taxonomy":"product_cat","embeddable":true,"href":"https:\/\/roveyayinevi.com.tr\/index.php\/wp-json\/wp\/v2\/product_cat?post=756853"},{"taxonomy":"product_tag","embeddable":true,"href":"https:\/\/roveyayinevi.com.tr\/index.php\/wp-json\/wp\/v2\/product_tag?post=756853"}],"curies":[{"name":"wp","href":"https:\/\/api.w.org\/{rel}","templated":true}]}}