{"id":756849,"date":"2025-08-28T07:19:26","date_gmt":"2025-08-28T04:19:26","guid":{"rendered":"https:\/\/roveyayinevi.com.tr\/index.php\/urun\/denizlerin-istanbul\/"},"modified":"2026-04-16T03:09:59","modified_gmt":"2026-04-16T00:09:59","slug":"denizlerin-istanbul","status":"publish","type":"product","link":"https:\/\/roveyayinevi.com.tr\/index.php\/urun\/denizlerin-istanbul\/","title":{"rendered":"Denizlerin, \u0130stanbul"},"content":{"rendered":"<p>Kinayelerle, g\u00f6ndermelerle ince bir mizah anlay\u0131\u015f\u0131yla \u00f6rg\u00fclenmi\u015f Denizlerin, \u0130stanbul kitab\u0131nda Selimo\u011flu, sadece ve sadece denizcili\u011fin ruhunda oldu\u011fu i\u00e7in eril ve sade dili kullan\u0131r ve bize denizcilerin d\u00fcnyas\u0131ndan k\u0131sa hik\u00e2yeler anlat\u0131r. \u00c7o\u011fu zaman bu hik\u00e2yeler bir d\u00f6nem anlat\u0131s\u0131 haline gelir. K\u0131sa ve uzun c\u00fcmleleri yerine g\u00f6re kullan\u0131r ve ayn\u0131 zamanda eksiltilmi\u015f c\u00fcmle de onun \u00f6zelliklerinden biridir. Kulland\u0131\u011f\u0131 dilin en b\u00fcy\u00fck \u00f6zelli\u011fi sade, anla\u015f\u0131l\u0131r ve i\u00e7rek oldu\u011fudur. Kelime oyunlar\u0131na girmez, edebi kayg\u0131s\u0131na d\u00fc\u015fmez, herkesin anlayabilece\u011fi seviyede sade bir dil kullanm\u0131\u015ft\u0131r, Denizlerin, \u0130stanbul kitab\u0131nda. Vecdi \u00c7\u0131rac\u0131o\u011flu     DEN\u0130ZLER\u0130N, \u0130STANBUL   Zeyyat Selimo\u011flu, bir \u0130stanbul yazar\u0131d\u0131r. Denize bakan, g\u00f6ren, anlayan anlatan tutumunun izlerini i\u00e7inden deniz ge\u00e7en bir kentin ger\u00e7ekli\u011fine bakarak kurar. Bu anlamda denizi bir anlat\u0131 karakteri olarak \u00e7\u0131kar\u0131r kar\u015f\u0131m\u0131za. Betimlemelerinin \u00f6tesinde soluk alan, ya\u015fama can veren bir canl\u0131d\u0131r kentin denizi onun \u00f6yk\u00fclerinde. Denize \u00f6vg\u00fc de\u011fil, denizin ger\u00e7e\u011fine bakmakt\u0131r onun anlat\u0131c\u0131l\u0131\u011f\u0131n\u0131n \u00e7\u0131k\u0131\u015f noktas\u0131nda ana d\u00fc\u015f\u00fcnce. Denizlerin, \u0130stanbul\u2019u \u00fc\u00e7 denizi bulu\u015fturan kentin \u00f6yk\u00fcleri olarak okuyabilirsiniz. S\u00f6z\u00fcn ta\u015f\u0131y\u0131c\u0131 g\u00fcc\u00fc, insan\u0131n ya\u015fama ve do\u011faya olan tutkusu, ba\u011fl\u0131l\u0131\u011f\u0131 Selimo\u011flu\u2019nun bu \u00f6yk\u00fclerinde de gene kar\u015f\u0131m\u0131za \u00e7\u0131k\u0131yor. Yeni bir bi\u00e7im, yeni bir s\u00f6zle\u2026 Eksilmeyen ironisinin yans\u0131malar\u0131yla\u2026 Zamanlar, yerler, mek\u00e2nlar de\u011fi\u015fse de insan\u0131n denizle kentle \u00f6yk\u00fcs\u00fc sarmal bir halde s\u00fcr\u00fcyor Zeyyat Selimo\u011flu\u2019nun anlat\u0131lar\u0131nda.   Vecdi \u00c7\u0131rac\u0131o\u011flu\u2019nun sunu\u015f yaz\u0131s\u0131yla <\/p>\n","protected":false},"excerpt":{"rendered":"<p>Kinayelerle, g\u00f6ndermelerle ince bir mizah anlay\u0131\u015f\u0131yla \u00f6rg\u00fclenmi\u015f Denizlerin, \u0130stanbul kitab\u0131nda Selimo\u011flu, sadece ve sadece denizcili\u011fin ruhunda oldu\u011fu i\u00e7in eril ve sade dili kullan\u0131r ve bize denizcilerin<span class=\"excerpt-hellip\"> [\u2026]<\/span><\/p>\n","protected":false},"featured_media":0,"template":"","meta":{"_monsterinsights_skip_tracking":false,"_monsterinsights_sitenote_active":false,"_monsterinsights_sitenote_note":"","_monsterinsights_sitenote_category":0},"product_brand":[],"product_cat":[12291,18202],"product_tag":[],"class_list":{"0":"post-756849","1":"product","2":"type-product","3":"status-publish","5":"product_cat-edebiyat","6":"product_cat-hikaye","7":"pa_cilt-ciltsiz","8":"pa_tur-kitap","9":"pa_yayinevi-eksik-parca-yayinlari","10":"pa_yazar-zeyyat-selimoglu","12":"first","13":"instock","14":"sale","15":"shipping-taxable","16":"purchasable","17":"product-type-simple"},"_links":{"self":[{"href":"https:\/\/roveyayinevi.com.tr\/index.php\/wp-json\/wp\/v2\/product\/756849","targetHints":{"allow":["GET"]}}],"collection":[{"href":"https:\/\/roveyayinevi.com.tr\/index.php\/wp-json\/wp\/v2\/product"}],"about":[{"href":"https:\/\/roveyayinevi.com.tr\/index.php\/wp-json\/wp\/v2\/types\/product"}],"wp:attachment":[{"href":"https:\/\/roveyayinevi.com.tr\/index.php\/wp-json\/wp\/v2\/media?parent=756849"}],"wp:term":[{"taxonomy":"product_brand","embeddable":true,"href":"https:\/\/roveyayinevi.com.tr\/index.php\/wp-json\/wp\/v2\/product_brand?post=756849"},{"taxonomy":"product_cat","embeddable":true,"href":"https:\/\/roveyayinevi.com.tr\/index.php\/wp-json\/wp\/v2\/product_cat?post=756849"},{"taxonomy":"product_tag","embeddable":true,"href":"https:\/\/roveyayinevi.com.tr\/index.php\/wp-json\/wp\/v2\/product_tag?post=756849"}],"curies":[{"name":"wp","href":"https:\/\/api.w.org\/{rel}","templated":true}]}}