{"id":756848,"date":"2025-08-28T07:19:25","date_gmt":"2025-08-28T04:19:25","guid":{"rendered":"https:\/\/roveyayinevi.com.tr\/index.php\/urun\/turk-devrimi-ve-ataturk\/"},"modified":"2026-04-16T03:09:59","modified_gmt":"2026-04-16T00:09:59","slug":"turk-devrimi-ve-ataturk","status":"publish","type":"product","link":"https:\/\/roveyayinevi.com.tr\/index.php\/urun\/turk-devrimi-ve-ataturk\/","title":{"rendered":"T\u00fcrk Devrimi ve Atat\u00fcrk"},"content":{"rendered":"<p>Avrupa modernle\u015fmesinin getirdi\u011fi yenilikler kar\u015f\u0131s\u0131nda T\u00fcrk milletinin \u00e7a\u011f d\u0131\u015f\u0131 kalmama \u00e7abas\u0131n\u0131n bir \u00fcr\u00fcn\u00fc olan ve Atat\u00fcrk\u2019\u00fcn uza\u011f\u0131 g\u00f6ren hamleleriyle ileriye ta\u015f\u0131nan T\u00fcrk devrimi, meden\u00ee milletler aras\u0131nda onurlu bir \u015fekilde varolmam\u0131z\u0131 ve ya\u015famam\u0131z\u0131 sa\u011flayan en \u00f6nemli at\u0131l\u0131mlar\u0131m\u0131z\u0131 kaps\u0131yor. Devrimler, salt Avrupa k\u0131tas\u0131n\u0131n sosyal ve k\u00fclt\u00fcrel geli\u015fmelerini de\u011fil Osmanl\u0131 yenile\u015fmesini ve Cedit\u00e7ilik hareketlerini de arka planda bar\u0131nd\u0131ran geni\u015f i\u00e7erikli bir tarih perspektifinden de\u011ferlendirilmelidir. Bunun yan\u0131nda b\u00fct\u00fcn devrimlerin en ger\u00e7ek\u00e7i ve hayata ta\u015f\u0131y\u0131c\u0131 kararlar\u0131n\u0131n mimar\u0131 Atat\u00fcrk\u2019t\u00fcr. T\u00fcrk devriminin b\u00fct\u00fcn gayreti modern devletin gere\u011fi olan standardizasyonu sa\u011flamak, ayr\u0131cal\u0131klar\u0131 ortadan kald\u0131rmak ve e\u015fit vatanda\u015flar yaratmakt\u0131 ki bunu da ba\u015fard\u0131. 1937\u2019de de temel kurucu ilkeler Anayasada a\u00e7\u0131kland\u0131 ve yeni T\u00fcrk devletinin m\u00fchr\u00fc bas\u0131ld\u0131. Bu kitapta, kronolojik olarak devrimlerin her biri; \u00f6nemi, i\u015flevi ve faydas\u0131 a\u00e7\u0131s\u0131ndan ele al\u0131nd\u0131. A\u00e7\u0131klamalar s\u0131ras\u0131nda birer akademi niteli\u011fi ta\u015f\u0131yan ilgili kanun gerek\u00e7elerinden ve Meclis m\u00fczakerelerinden faydalan\u0131ld\u0131. Ayr\u0131ca devrimlerin birbiriyle ili\u015fkileri tablolarla net bir \u015fekilde ortaya kondu. \u00c7al\u0131\u015fma, sadece genel okur kitlesine de\u011fil, ilk, orta ve y\u00fcksek\u00f6\u011frenim \u00f6\u011frencilerine de faydal\u0131 olacak bir yard\u0131mc\u0131 ders kitab\u0131 h\u00fcviyetinde tasarland\u0131.<\/p>\n","protected":false},"excerpt":{"rendered":"<p>Avrupa modernle\u015fmesinin getirdi\u011fi yenilikler kar\u015f\u0131s\u0131nda T\u00fcrk milletinin \u00e7a\u011f d\u0131\u015f\u0131 kalmama \u00e7abas\u0131n\u0131n bir \u00fcr\u00fcn\u00fc olan ve Atat\u00fcrk\u2019\u00fcn uza\u011f\u0131 g\u00f6ren hamleleriyle ileriye ta\u015f\u0131nan T\u00fcrk devrimi, meden\u00ee milletler aras\u0131nda<span class=\"excerpt-hellip\"> [\u2026]<\/span><\/p>\n","protected":false},"featured_media":0,"template":"","meta":{"_monsterinsights_skip_tracking":false,"_monsterinsights_sitenote_active":false,"_monsterinsights_sitenote_note":"","_monsterinsights_sitenote_category":0},"product_brand":[],"product_cat":[12530,12304],"product_tag":[],"class_list":{"0":"post-756848","1":"product","2":"type-product","3":"status-publish","5":"product_cat-mustafa-kemal-ataturk","6":"product_cat-tarih","7":"pa_cilt-ciltsiz","8":"pa_tur-kitap","9":"pa_yayinevi-otuken-nesriyat","10":"pa_yazar-konuralp-ercilasun","12":"first","13":"instock","14":"sale","15":"shipping-taxable","16":"purchasable","17":"product-type-simple"},"_links":{"self":[{"href":"https:\/\/roveyayinevi.com.tr\/index.php\/wp-json\/wp\/v2\/product\/756848","targetHints":{"allow":["GET"]}}],"collection":[{"href":"https:\/\/roveyayinevi.com.tr\/index.php\/wp-json\/wp\/v2\/product"}],"about":[{"href":"https:\/\/roveyayinevi.com.tr\/index.php\/wp-json\/wp\/v2\/types\/product"}],"wp:attachment":[{"href":"https:\/\/roveyayinevi.com.tr\/index.php\/wp-json\/wp\/v2\/media?parent=756848"}],"wp:term":[{"taxonomy":"product_brand","embeddable":true,"href":"https:\/\/roveyayinevi.com.tr\/index.php\/wp-json\/wp\/v2\/product_brand?post=756848"},{"taxonomy":"product_cat","embeddable":true,"href":"https:\/\/roveyayinevi.com.tr\/index.php\/wp-json\/wp\/v2\/product_cat?post=756848"},{"taxonomy":"product_tag","embeddable":true,"href":"https:\/\/roveyayinevi.com.tr\/index.php\/wp-json\/wp\/v2\/product_tag?post=756848"}],"curies":[{"name":"wp","href":"https:\/\/api.w.org\/{rel}","templated":true}]}}