{"id":756845,"date":"2025-08-28T07:19:20","date_gmt":"2025-08-28T04:19:20","guid":{"rendered":"https:\/\/roveyayinevi.com.tr\/index.php\/urun\/atlasla-orta-cagda-bir-gun\/"},"modified":"2026-04-16T03:09:59","modified_gmt":"2026-04-16T00:09:59","slug":"atlasla-orta-cagda-bir-gun","status":"publish","type":"product","link":"https:\/\/roveyayinevi.com.tr\/index.php\/urun\/atlasla-orta-cagda-bir-gun\/","title":{"rendered":"Atlas\u2019la Orta \u00c7a\u011f\u2019da Bir G\u00fcn"},"content":{"rendered":"<p>ATLAS, D\u00dcNYA TAR\u0130H\u0130N\u0130 \u00c7OK SEVER! Belki de ba\u015fka bir \u00fclkeye ve ba\u015fka bir zamana yolculuk yapabilmek i\u00e7in g\u00f6zlerini k\u0131rpmas\u0131 yeterli oldu\u011fu i\u00e7indir! \u00d6rne\u011fin, bug\u00fcn ORTA \u00c7A\u011e\u2019da bir gizemi \u00e7\u00f6zmeye \u00e7al\u0131\u015fan bir \u00e7ocuk o ve ismi Averus. Bu inan\u0131lmaz macerada ona e\u015flik etmeye ne dersin? Bu kitapta, pek \u00e7ok engele ra\u011fmen bir kaleyi ke\u015ffedecek, eski efsanelere tan\u0131k olacak ve hatta nas\u0131l \u015e\u00d6VALYE olabilece\u011fini \u00f6\u011freneceksin!<\/p>\n","protected":false},"excerpt":{"rendered":"<p>ATLAS, D\u00dcNYA TAR\u0130H\u0130N\u0130 \u00c7OK SEVER! Belki de ba\u015fka bir \u00fclkeye ve ba\u015fka bir zamana yolculuk yapabilmek i\u00e7in g\u00f6zlerini k\u0131rpmas\u0131 yeterli oldu\u011fu i\u00e7indir! \u00d6rne\u011fin, bug\u00fcn ORTA \u00c7A\u011e\u2019da<span class=\"excerpt-hellip\"> [\u2026]<\/span><\/p>\n","protected":false},"featured_media":0,"template":"","meta":{"_monsterinsights_skip_tracking":false,"_monsterinsights_sitenote_active":false,"_monsterinsights_sitenote_note":"","_monsterinsights_sitenote_category":0},"product_brand":[],"product_cat":[12274,12284],"product_tag":[],"class_list":{"0":"post-756845","1":"product","2":"type-product","3":"status-publish","5":"product_cat-cocuk-ve-genclik-kitaplari","6":"product_cat-hikayeler","7":"pa_cilt-ciltsiz","8":"pa_tur-kitap","9":"pa_yayinevi-orenda","10":"pa_yazar-jacopo-olivieri","12":"first","13":"instock","14":"sale","15":"shipping-taxable","16":"purchasable","17":"product-type-simple"},"_links":{"self":[{"href":"https:\/\/roveyayinevi.com.tr\/index.php\/wp-json\/wp\/v2\/product\/756845","targetHints":{"allow":["GET"]}}],"collection":[{"href":"https:\/\/roveyayinevi.com.tr\/index.php\/wp-json\/wp\/v2\/product"}],"about":[{"href":"https:\/\/roveyayinevi.com.tr\/index.php\/wp-json\/wp\/v2\/types\/product"}],"wp:attachment":[{"href":"https:\/\/roveyayinevi.com.tr\/index.php\/wp-json\/wp\/v2\/media?parent=756845"}],"wp:term":[{"taxonomy":"product_brand","embeddable":true,"href":"https:\/\/roveyayinevi.com.tr\/index.php\/wp-json\/wp\/v2\/product_brand?post=756845"},{"taxonomy":"product_cat","embeddable":true,"href":"https:\/\/roveyayinevi.com.tr\/index.php\/wp-json\/wp\/v2\/product_cat?post=756845"},{"taxonomy":"product_tag","embeddable":true,"href":"https:\/\/roveyayinevi.com.tr\/index.php\/wp-json\/wp\/v2\/product_tag?post=756845"}],"curies":[{"name":"wp","href":"https:\/\/api.w.org\/{rel}","templated":true}]}}