{"id":756844,"date":"2025-08-28T07:19:19","date_gmt":"2025-08-28T04:19:19","guid":{"rendered":"https:\/\/roveyayinevi.com.tr\/index.php\/urun\/atlasla-antik-romada-bir-gun\/"},"modified":"2026-04-16T03:09:59","modified_gmt":"2026-04-16T00:09:59","slug":"atlasla-antik-romada-bir-gun","status":"publish","type":"product","link":"https:\/\/roveyayinevi.com.tr\/index.php\/urun\/atlasla-antik-romada-bir-gun\/","title":{"rendered":"Atlas\u2019la Antik Roma\u2019da Bir G\u00fcn"},"content":{"rendered":"<p>ATLAS, D\u00dcNYA TAR\u0130H\u0130N\u0130 \u00c7OK SEVER! Belki de ba\u015fka bir \u00fclkeye ve ba\u015fka bir zamana yolculuk yapabilmek i\u00e7in g\u00f6zlerini k\u0131rpmas\u0131 yeterli oldu\u011fu i\u00e7indir! \u00d6rne\u011fin, bug\u00fcn o ANT\u0130K ROMA\u2019da ve ismi Averius. Bu inan\u0131lmaz macerada ona e\u015flik etmeye ne dersin? \u0130MPARATOR ile tan\u0131\u015facak, eski zamanlar\u0131n en b\u00fcy\u00fck ordusunun KOMUTANI ile sohbet edece ve hatta GLADYAT\u00d6R D\u00d6V\u00dc\u015e\u00dcNE tan\u0131kl\u0131k edeceksin!<\/p>\n","protected":false},"excerpt":{"rendered":"<p>ATLAS, D\u00dcNYA TAR\u0130H\u0130N\u0130 \u00c7OK SEVER! Belki de ba\u015fka bir \u00fclkeye ve ba\u015fka bir zamana yolculuk yapabilmek i\u00e7in g\u00f6zlerini k\u0131rpmas\u0131 yeterli oldu\u011fu i\u00e7indir! \u00d6rne\u011fin, bug\u00fcn o ANT\u0130K<span class=\"excerpt-hellip\"> [\u2026]<\/span><\/p>\n","protected":false},"featured_media":0,"template":"","meta":{"_monsterinsights_skip_tracking":false,"_monsterinsights_sitenote_active":false,"_monsterinsights_sitenote_note":"","_monsterinsights_sitenote_category":0},"product_brand":[],"product_cat":[12274,12284],"product_tag":[],"class_list":{"0":"post-756844","1":"product","2":"type-product","3":"status-publish","5":"product_cat-cocuk-ve-genclik-kitaplari","6":"product_cat-hikayeler","7":"pa_cilt-ciltsiz","8":"pa_tur-kitap","9":"pa_yayinevi-orenda","10":"pa_yazar-jacopo-olivieri","12":"first","13":"instock","14":"sale","15":"shipping-taxable","16":"purchasable","17":"product-type-simple"},"_links":{"self":[{"href":"https:\/\/roveyayinevi.com.tr\/index.php\/wp-json\/wp\/v2\/product\/756844","targetHints":{"allow":["GET"]}}],"collection":[{"href":"https:\/\/roveyayinevi.com.tr\/index.php\/wp-json\/wp\/v2\/product"}],"about":[{"href":"https:\/\/roveyayinevi.com.tr\/index.php\/wp-json\/wp\/v2\/types\/product"}],"wp:attachment":[{"href":"https:\/\/roveyayinevi.com.tr\/index.php\/wp-json\/wp\/v2\/media?parent=756844"}],"wp:term":[{"taxonomy":"product_brand","embeddable":true,"href":"https:\/\/roveyayinevi.com.tr\/index.php\/wp-json\/wp\/v2\/product_brand?post=756844"},{"taxonomy":"product_cat","embeddable":true,"href":"https:\/\/roveyayinevi.com.tr\/index.php\/wp-json\/wp\/v2\/product_cat?post=756844"},{"taxonomy":"product_tag","embeddable":true,"href":"https:\/\/roveyayinevi.com.tr\/index.php\/wp-json\/wp\/v2\/product_tag?post=756844"}],"curies":[{"name":"wp","href":"https:\/\/api.w.org\/{rel}","templated":true}]}}