{"id":756843,"date":"2025-08-28T07:19:17","date_gmt":"2025-08-28T04:19:17","guid":{"rendered":"https:\/\/roveyayinevi.com.tr\/index.php\/urun\/atlasla-aztek-imparatorlugunda-bir-gun\/"},"modified":"2026-04-16T03:09:59","modified_gmt":"2026-04-16T00:09:59","slug":"atlasla-aztek-imparatorlugunda-bir-gun","status":"publish","type":"product","link":"https:\/\/roveyayinevi.com.tr\/index.php\/urun\/atlasla-aztek-imparatorlugunda-bir-gun\/","title":{"rendered":"Atlas\u2019la Aztek \u0130mparatorlu\u011fu\u2019nda Bir G\u00fcn"},"content":{"rendered":"<p>ATLAS, D\u00dcNYA TAR\u0130H\u0130N\u0130 \u00c7OK SEVER! Belki de ba\u015fka bir \u00fclkeye ve ba\u015fka bir zamana tarihte yolculuk yapabilmek i\u00e7in g\u00f6zlerini k\u0131rpmas\u0131 yeterli oldu\u011fu i\u00e7indir! \u00d6rne\u011fin, bug\u00fcn Aztek \u0130mparatorlu\u011fu\u2019nda ya\u015fayan bir \u00e7ocuk o ve ismi Avetl. Bu inan\u0131lmaz macerada ona e\u015flik etmeye ne dersin? Bu kitapta gizemli ve son derece g\u00fc\u00e7l\u00fc, mitolojik AZTEK TANRILARIYLA tan\u0131\u015facak, futbolun en eski atas\u0131 olarak say\u0131lan bir sporu ke\u015ffedecek ve insan olarak KURBAN ED\u0130LMEKTEN son anda kurtulan Avetl\u2019le heyecandan heyecana ko\u015facaks\u0131n!<\/p>\n","protected":false},"excerpt":{"rendered":"<p>ATLAS, D\u00dcNYA TAR\u0130H\u0130N\u0130 \u00c7OK SEVER! Belki de ba\u015fka bir \u00fclkeye ve ba\u015fka bir zamana tarihte yolculuk yapabilmek i\u00e7in g\u00f6zlerini k\u0131rpmas\u0131 yeterli oldu\u011fu i\u00e7indir! \u00d6rne\u011fin, bug\u00fcn Aztek<span class=\"excerpt-hellip\"> [\u2026]<\/span><\/p>\n","protected":false},"featured_media":0,"template":"","meta":{"_monsterinsights_skip_tracking":false,"_monsterinsights_sitenote_active":false,"_monsterinsights_sitenote_note":"","_monsterinsights_sitenote_category":0},"product_brand":[],"product_cat":[12274,12284],"product_tag":[],"class_list":{"0":"post-756843","1":"product","2":"type-product","3":"status-publish","5":"product_cat-cocuk-ve-genclik-kitaplari","6":"product_cat-hikayeler","7":"pa_cilt-ciltsiz","8":"pa_tur-kitap","9":"pa_yayinevi-orenda","10":"pa_yazar-jacopo-olivieri","12":"first","13":"instock","14":"sale","15":"shipping-taxable","16":"purchasable","17":"product-type-simple"},"_links":{"self":[{"href":"https:\/\/roveyayinevi.com.tr\/index.php\/wp-json\/wp\/v2\/product\/756843","targetHints":{"allow":["GET"]}}],"collection":[{"href":"https:\/\/roveyayinevi.com.tr\/index.php\/wp-json\/wp\/v2\/product"}],"about":[{"href":"https:\/\/roveyayinevi.com.tr\/index.php\/wp-json\/wp\/v2\/types\/product"}],"wp:attachment":[{"href":"https:\/\/roveyayinevi.com.tr\/index.php\/wp-json\/wp\/v2\/media?parent=756843"}],"wp:term":[{"taxonomy":"product_brand","embeddable":true,"href":"https:\/\/roveyayinevi.com.tr\/index.php\/wp-json\/wp\/v2\/product_brand?post=756843"},{"taxonomy":"product_cat","embeddable":true,"href":"https:\/\/roveyayinevi.com.tr\/index.php\/wp-json\/wp\/v2\/product_cat?post=756843"},{"taxonomy":"product_tag","embeddable":true,"href":"https:\/\/roveyayinevi.com.tr\/index.php\/wp-json\/wp\/v2\/product_tag?post=756843"}],"curies":[{"name":"wp","href":"https:\/\/api.w.org\/{rel}","templated":true}]}}