{"id":756842,"date":"2025-08-28T07:19:15","date_gmt":"2025-08-28T04:19:15","guid":{"rendered":"https:\/\/roveyayinevi.com.tr\/index.php\/urun\/atlasla-antik-yunanda-bir-gun\/"},"modified":"2026-04-16T03:09:59","modified_gmt":"2026-04-16T00:09:59","slug":"atlasla-antik-yunanda-bir-gun","status":"publish","type":"product","link":"https:\/\/roveyayinevi.com.tr\/index.php\/urun\/atlasla-antik-yunanda-bir-gun\/","title":{"rendered":"Atlas\u2019la Antik Yunan\u2019da Bir G\u00fcn"},"content":{"rendered":"<p>ATLAS, D\u00dcNYA TAR\u0130H\u0130N\u0130 \u00c7OK SEVER!Belki de ba\u015fka bir \u00fclkeye ve ba\u015fka bir zamana yolculuk yapabilmek i\u00e7in g\u00f6zlerini k\u0131rpmas\u0131 yeterli oldu\u011fui\u00e7indir! \u00d6rne\u011fin, bug\u00fcn ANT\u0130K YUNAN\u2019da ya\u015fayan bir \u00e7ocuk o ve ismi Averos. Bu inan\u0131lmaz macerada onae\u015flik etmeye ne dersin? Bu kitapta seni bekleyen pek \u00e7ok s\u00fcrprizin yan\u0131 s\u0131ra filozoflar, sanat\u00e7\u0131lar, hattaZEUS ve di\u011fer mitolojik YUNAN TANRILARI bile var!<\/p>\n","protected":false},"excerpt":{"rendered":"<p>ATLAS, D\u00dcNYA TAR\u0130H\u0130N\u0130 \u00c7OK SEVER!Belki de ba\u015fka bir \u00fclkeye ve ba\u015fka bir zamana yolculuk yapabilmek i\u00e7in g\u00f6zlerini k\u0131rpmas\u0131 yeterli oldu\u011fui\u00e7indir! \u00d6rne\u011fin, bug\u00fcn ANT\u0130K YUNAN\u2019da ya\u015fayan bir<span class=\"excerpt-hellip\"> [\u2026]<\/span><\/p>\n","protected":false},"featured_media":0,"template":"","meta":{"_monsterinsights_skip_tracking":false,"_monsterinsights_sitenote_active":false,"_monsterinsights_sitenote_note":"","_monsterinsights_sitenote_category":0},"product_brand":[],"product_cat":[12274,12284],"product_tag":[],"class_list":{"0":"post-756842","1":"product","2":"type-product","3":"status-publish","5":"product_cat-cocuk-ve-genclik-kitaplari","6":"product_cat-hikayeler","7":"pa_cilt-ciltsiz","8":"pa_tur-kitap","9":"pa_yayinevi-orenda","10":"pa_yazar-jacopo-olivieri","12":"first","13":"instock","14":"sale","15":"shipping-taxable","16":"purchasable","17":"product-type-simple"},"_links":{"self":[{"href":"https:\/\/roveyayinevi.com.tr\/index.php\/wp-json\/wp\/v2\/product\/756842","targetHints":{"allow":["GET"]}}],"collection":[{"href":"https:\/\/roveyayinevi.com.tr\/index.php\/wp-json\/wp\/v2\/product"}],"about":[{"href":"https:\/\/roveyayinevi.com.tr\/index.php\/wp-json\/wp\/v2\/types\/product"}],"wp:attachment":[{"href":"https:\/\/roveyayinevi.com.tr\/index.php\/wp-json\/wp\/v2\/media?parent=756842"}],"wp:term":[{"taxonomy":"product_brand","embeddable":true,"href":"https:\/\/roveyayinevi.com.tr\/index.php\/wp-json\/wp\/v2\/product_brand?post=756842"},{"taxonomy":"product_cat","embeddable":true,"href":"https:\/\/roveyayinevi.com.tr\/index.php\/wp-json\/wp\/v2\/product_cat?post=756842"},{"taxonomy":"product_tag","embeddable":true,"href":"https:\/\/roveyayinevi.com.tr\/index.php\/wp-json\/wp\/v2\/product_tag?post=756842"}],"curies":[{"name":"wp","href":"https:\/\/api.w.org\/{rel}","templated":true}]}}