{"id":756840,"date":"2025-08-28T07:19:11","date_gmt":"2025-08-28T04:19:11","guid":{"rendered":"https:\/\/roveyayinevi.com.tr\/index.php\/urun\/kizilcahamam-dugun-gelenekleri-ve-dugun-muzikleri\/"},"modified":"2026-04-16T03:09:59","modified_gmt":"2026-04-16T00:09:59","slug":"kizilcahamam-dugun-gelenekleri-ve-dugun-muzikleri","status":"publish","type":"product","link":"https:\/\/roveyayinevi.com.tr\/index.php\/urun\/kizilcahamam-dugun-gelenekleri-ve-dugun-muzikleri\/","title":{"rendered":"K\u0131z\u0131lcahamam D\u00fc\u011f\u00fcn Gelenekleri ve D\u00fc\u011f\u00fcn M\u00fczikleri"},"content":{"rendered":"<p>D\u00fc\u011f\u00fcnler, i\u00e7erdikleri zengin gelenek \u00f6r\u00fcnt\u00fcs\u00fc sayesinde var olduklar\u0131 k\u00fclt\u00fcr\u00fcn pek \u00e7ok unsurunu i\u00e7inde bar\u0131nd\u0131rmaktad\u0131r. Bu bak\u0131mdan kendilerine has yap\u0131lar\u0131yla yer ald\u0131klar\u0131 k\u00fclt\u00fcrle ilgili \u00f6nemli bir veri kayna\u011f\u0131 olu\u015fturmaktad\u0131r. D\u00fc\u011f\u00fcn rit\u00fceline e\u015flik eden m\u00fczikler ise k\u00fclt\u00fcr\u00fcn \u00f6nemli bir yans\u0131t\u0131c\u0131s\u0131 olman\u0131n yan\u0131 s\u0131ra, k\u00fclt\u00fcrel miras\u0131n nesiller boyunca aktar\u0131m\u0131n\u0131 sa\u011flayabilen nitelikler ta\u015f\u0131mas\u0131 nedeniyle ayr\u0131ca \u00f6nem arz etmektedir.  Bu kitap, 1998-1999 y\u0131llar\u0131 aras\u0131nda Ankara\u2019n\u0131n K\u0131z\u0131lcahamam il\u00e7esinde ger\u00e7ekle\u015ftirilmi\u015f olan etnom\u00fczikolojik bir alan ara\u015ft\u0131rmas\u0131n\u0131 i\u00e7ermektedir. Kitapta y\u00f6renin d\u00fc\u011f\u00fcn gelenekleri incelenmi\u015f ve d\u00fc\u011f\u00fcn rit\u00fceline e\u015flik eden m\u00fczikler derlenerek notaya al\u0131nm\u0131\u015ft\u0131r. Ara\u015ft\u0131rma, gelene\u011fin izini s\u00fcrebilmek i\u00e7in etnografik ve etnom\u00fczikolojik bir yakla\u015f\u0131mla yap\u0131lm\u0131\u015ft\u0131r. Y\u00f6renin zaman ve mek\u00e2nlar\u0131ndan tarihsel, s\u00f6zel ve m\u00fczikal bir kesit sunan bu \u00e7al\u0131\u015fmayla, gelecekte ba\u015fka y\u00f6relerle ilgili yap\u0131lacak di\u011fer etnom\u00fczikolojik ara\u015ft\u0131rmalara kaynak olu\u015fturmak ve alana katk\u0131 sa\u011flamak ama\u00e7lanm\u0131\u015ft\u0131r. <\/p>\n","protected":false},"excerpt":{"rendered":"<p>D\u00fc\u011f\u00fcnler, i\u00e7erdikleri zengin gelenek \u00f6r\u00fcnt\u00fcs\u00fc sayesinde var olduklar\u0131 k\u00fclt\u00fcr\u00fcn pek \u00e7ok unsurunu i\u00e7inde bar\u0131nd\u0131rmaktad\u0131r. Bu bak\u0131mdan kendilerine has yap\u0131lar\u0131yla yer ald\u0131klar\u0131 k\u00fclt\u00fcrle ilgili \u00f6nemli bir veri<span class=\"excerpt-hellip\"> [\u2026]<\/span><\/p>\n","protected":false},"featured_media":0,"template":"","meta":{"_monsterinsights_skip_tracking":false,"_monsterinsights_sitenote_active":false,"_monsterinsights_sitenote_note":"","_monsterinsights_sitenote_category":0},"product_brand":[],"product_cat":[14556],"product_tag":[],"class_list":{"0":"post-756840","1":"product","2":"type-product","3":"status-publish","5":"product_cat-muzik","6":"pa_cilt-ciltsiz","7":"pa_tur-kitap","8":"pa_yayinevi-muzik-egitimi-yayinlari","9":"pa_yazar-pinar-besevli","11":"first","12":"instock","13":"sale","14":"shipping-taxable","15":"purchasable","16":"product-type-simple"},"_links":{"self":[{"href":"https:\/\/roveyayinevi.com.tr\/index.php\/wp-json\/wp\/v2\/product\/756840","targetHints":{"allow":["GET"]}}],"collection":[{"href":"https:\/\/roveyayinevi.com.tr\/index.php\/wp-json\/wp\/v2\/product"}],"about":[{"href":"https:\/\/roveyayinevi.com.tr\/index.php\/wp-json\/wp\/v2\/types\/product"}],"wp:attachment":[{"href":"https:\/\/roveyayinevi.com.tr\/index.php\/wp-json\/wp\/v2\/media?parent=756840"}],"wp:term":[{"taxonomy":"product_brand","embeddable":true,"href":"https:\/\/roveyayinevi.com.tr\/index.php\/wp-json\/wp\/v2\/product_brand?post=756840"},{"taxonomy":"product_cat","embeddable":true,"href":"https:\/\/roveyayinevi.com.tr\/index.php\/wp-json\/wp\/v2\/product_cat?post=756840"},{"taxonomy":"product_tag","embeddable":true,"href":"https:\/\/roveyayinevi.com.tr\/index.php\/wp-json\/wp\/v2\/product_tag?post=756840"}],"curies":[{"name":"wp","href":"https:\/\/api.w.org\/{rel}","templated":true}]}}