{"id":756839,"date":"2025-08-28T07:19:09","date_gmt":"2025-08-28T04:19:09","guid":{"rendered":"https:\/\/roveyayinevi.com.tr\/index.php\/urun\/rebel-moon-1-ibolum-atesin-cocugu\/"},"modified":"2026-04-16T03:09:59","modified_gmt":"2026-04-16T00:09:59","slug":"rebel-moon-1-ibolum-atesin-cocugu","status":"publish","type":"product","link":"https:\/\/roveyayinevi.com.tr\/index.php\/urun\/rebel-moon-1-ibolum-atesin-cocugu\/","title":{"rendered":"Rebel Moon 1.iB\u00f6l\u00fcm \u2013 Ate\u015fin \u00c7ocu\u011fu"},"content":{"rendered":"<p>Evrenin en uzak k\u00f6\u015felerindeki bir ayda bulunan bar\u0131\u015f\u00e7\u0131l bir yerle\u015fim yeri, zorba Naip Balisarius\u2019un ordular\u0131 taraf\u0131ndan tehdit edilir. K\u00f6yl\u00fcler aras\u0131nda ya\u015fayan gizemli yabanc\u0131 Kora (Sofia Boutella), hayatta kalmak i\u00e7in en b\u00fcy\u00fck umutlar\u0131 olur. Ana D\u00fcnya\u2019ya kar\u015f\u0131 imk\u00e2ns\u0131z bir direni\u015fi ba\u015flatacak e\u011fitimli sava\u015f\u00e7\u0131lar bulma g\u00f6revi Kora\u2019ya verilir. Farkl\u0131 d\u00fcnyalardan gelen, ortak kurtulu\u015f ve intikam aray\u0131\u015f\u0131n\u0131 payla\u015fan yabanc\u0131lar, isyanc\u0131lar, k\u00f6yl\u00fcler ve sava\u015f yetimlerinden olu\u015fan k\u00fc\u00e7\u00fck bir sava\u015f\u00e7\u0131 grubu toplan\u0131r. B\u00fct\u00fcn Alemin g\u00f6lgesi en beklenmedik aylar\u0131n \u00fczerine d\u00fc\u015ferken, yeni bir kahramanlar ordusu kurulur. <\/p>\n","protected":false},"excerpt":{"rendered":"<p>Evrenin en uzak k\u00f6\u015felerindeki bir ayda bulunan bar\u0131\u015f\u00e7\u0131l bir yerle\u015fim yeri, zorba Naip Balisarius\u2019un ordular\u0131 taraf\u0131ndan tehdit edilir. K\u00f6yl\u00fcler aras\u0131nda ya\u015fayan gizemli yabanc\u0131 Kora (Sofia Boutella),<span class=\"excerpt-hellip\"> [\u2026]<\/span><\/p>\n","protected":false},"featured_media":0,"template":"","meta":{"_monsterinsights_skip_tracking":false,"_monsterinsights_sitenote_active":false,"_monsterinsights_sitenote_note":"","_monsterinsights_sitenote_category":0},"product_brand":[],"product_cat":[12540,12291],"product_tag":[],"class_list":{"0":"post-756839","1":"product","2":"type-product","3":"status-publish","5":"product_cat-bilim-kurgu","6":"product_cat-edebiyat","7":"pa_cilt-ciltsiz","8":"pa_tur-kitap","9":"pa_yayinevi-eksik-parca-yayinlari","10":"pa_yazar-v-castro","12":"first","13":"instock","14":"sale","15":"shipping-taxable","16":"purchasable","17":"product-type-simple"},"_links":{"self":[{"href":"https:\/\/roveyayinevi.com.tr\/index.php\/wp-json\/wp\/v2\/product\/756839","targetHints":{"allow":["GET"]}}],"collection":[{"href":"https:\/\/roveyayinevi.com.tr\/index.php\/wp-json\/wp\/v2\/product"}],"about":[{"href":"https:\/\/roveyayinevi.com.tr\/index.php\/wp-json\/wp\/v2\/types\/product"}],"wp:attachment":[{"href":"https:\/\/roveyayinevi.com.tr\/index.php\/wp-json\/wp\/v2\/media?parent=756839"}],"wp:term":[{"taxonomy":"product_brand","embeddable":true,"href":"https:\/\/roveyayinevi.com.tr\/index.php\/wp-json\/wp\/v2\/product_brand?post=756839"},{"taxonomy":"product_cat","embeddable":true,"href":"https:\/\/roveyayinevi.com.tr\/index.php\/wp-json\/wp\/v2\/product_cat?post=756839"},{"taxonomy":"product_tag","embeddable":true,"href":"https:\/\/roveyayinevi.com.tr\/index.php\/wp-json\/wp\/v2\/product_tag?post=756839"}],"curies":[{"name":"wp","href":"https:\/\/api.w.org\/{rel}","templated":true}]}}