{"id":756838,"date":"2025-08-28T07:19:07","date_gmt":"2025-08-28T04:19:07","guid":{"rendered":"https:\/\/roveyayinevi.com.tr\/index.php\/urun\/genc-olmak\/"},"modified":"2026-04-16T03:09:59","modified_gmt":"2026-04-16T00:09:59","slug":"genc-olmak","status":"publish","type":"product","link":"https:\/\/roveyayinevi.com.tr\/index.php\/urun\/genc-olmak\/","title":{"rendered":"Gen\u00e7 Olmak"},"content":{"rendered":"<p>Ergenlik heyecan verici, g\u00fczel ve e\u011flencelidir. Bazen de hem zor hem tuhaft\u0131r. \u00c7ocukluk ve yeti\u015fkinlik aras\u0131ndas\u0131n\u0131zd\u0131r. Ba\u015fkalar\u0131yla bir arada ama yaln\u0131z. Ebeveynler kenarda durur ama deneseler de pek bir \u015fey anlamazlar.   \u00d6du\u0308llu\u0308 Norve\u00e7li yazar, aktris Linn Sk\u00e5ber gen\u00e7lerle r\u00f6portajlar yapt\u0131. Onlara sivilcelerinden bar\u0131\u015fa ve kayba kadar pek \u00e7ok konuda sorular sordu. Gen\u00e7 olman\u0131n en iyi yan\u0131 nedir? En k\u00f6tu\u0308su\u0308 nedir? Ebeveynlerinizi nas\u0131l g\u00f6ru\u0308yorsunuz? Nelerden korkuyorsunuz?   Bu r\u00f6portajlardan, ergenlik d\u00f6nemini ak\u0131lda kal\u0131c\u0131 ve etkileyici \u015fekilde yakalayan, gen\u00e7lerin bak\u0131\u015f a\u00e7\u0131s\u0131ndan kurgusal monologlardan olu\u015fan bu kitab\u0131 yazd\u0131. Bu kitap herkese hitap ediyor. Anla\u015f\u0131l\u0131r, e\u011flenceli ve i\u00e7ten. Lisa Aisato\u2019nun metinlerin ruhuna uyan \u00e7izimleri de kitab\u0131 zenginle\u015ftiriyor.   \u201cKitab\u0131 okuduktan sonra insanlara, bedene ve duygulara dair yeni bir bak\u0131\u015f a\u00e7\u0131s\u0131na sahip oldum, daha \u00f6nce g\u00f6rmedi\u011fim \u015feyleri fark etmemi sa\u011flad\u0131 (&#8230;) Hik\u00e2yelerin bir\u00e7o\u011funda kendimi \u00e7ok iyi tan\u0131yorum. Okudu\u011fum en iyi kitap.\u201d EVEN WARSLA MEEN (15 ya\u015f\u0131nda)   \u201cElbette, tu\u0308m ergenli\u011fimi kucaklamay\u0131 ba\u015faramad\u0131m, nas\u0131l ba\u015farabilirdim ki? Ben bir yeti\u015fkinim ve asla bu gizli toplulu\u011fun ger\u00e7ek bir par\u00e7as\u0131 olamam. Ama onlara yak\u0131n oldum, bana a\u00e7\u0131ld\u0131lar ve yeni d\u00f6\u015fenmi\u015f odalar\u0131nda hayat\u0131n nas\u0131l oldu\u011funa dair bir dizi gu\u0308zel, s\u0131cak, komik ve hu\u0308zu\u0308nlu\u0308 hik\u00e2ye dinledim.\u201d LINN SK\u00c5BER <\/p>\n","protected":false},"excerpt":{"rendered":"<p>Ergenlik heyecan verici, g\u00fczel ve e\u011flencelidir. Bazen de hem zor hem tuhaft\u0131r. \u00c7ocukluk ve yeti\u015fkinlik aras\u0131ndas\u0131n\u0131zd\u0131r. Ba\u015fkalar\u0131yla bir arada ama yaln\u0131z. Ebeveynler kenarda durur ama deneseler<span class=\"excerpt-hellip\"> [\u2026]<\/span><\/p>\n","protected":false},"featured_media":0,"template":"","meta":{"_monsterinsights_skip_tracking":false,"_monsterinsights_sitenote_active":false,"_monsterinsights_sitenote_note":"","_monsterinsights_sitenote_category":0},"product_brand":[],"product_cat":[12777,12291],"product_tag":[],"class_list":{"0":"post-756838","1":"product","2":"type-product","3":"status-publish","5":"product_cat-deneme","6":"product_cat-edebiyat","7":"pa_cilt-ciltsiz","8":"pa_tur-kitap","9":"pa_yayinevi-eksik-parca-yayinlari","10":"pa_yazar-linn-skaber","12":"first","13":"instock","14":"sale","15":"shipping-taxable","16":"purchasable","17":"product-type-simple"},"_links":{"self":[{"href":"https:\/\/roveyayinevi.com.tr\/index.php\/wp-json\/wp\/v2\/product\/756838","targetHints":{"allow":["GET"]}}],"collection":[{"href":"https:\/\/roveyayinevi.com.tr\/index.php\/wp-json\/wp\/v2\/product"}],"about":[{"href":"https:\/\/roveyayinevi.com.tr\/index.php\/wp-json\/wp\/v2\/types\/product"}],"wp:attachment":[{"href":"https:\/\/roveyayinevi.com.tr\/index.php\/wp-json\/wp\/v2\/media?parent=756838"}],"wp:term":[{"taxonomy":"product_brand","embeddable":true,"href":"https:\/\/roveyayinevi.com.tr\/index.php\/wp-json\/wp\/v2\/product_brand?post=756838"},{"taxonomy":"product_cat","embeddable":true,"href":"https:\/\/roveyayinevi.com.tr\/index.php\/wp-json\/wp\/v2\/product_cat?post=756838"},{"taxonomy":"product_tag","embeddable":true,"href":"https:\/\/roveyayinevi.com.tr\/index.php\/wp-json\/wp\/v2\/product_tag?post=756838"}],"curies":[{"name":"wp","href":"https:\/\/api.w.org\/{rel}","templated":true}]}}