{"id":756836,"date":"2025-08-28T07:19:05","date_gmt":"2025-08-28T04:19:05","guid":{"rendered":"https:\/\/roveyayinevi.com.tr\/index.php\/urun\/dogunun-bati-ile-karsilasmasi\/"},"modified":"2026-04-16T03:09:59","modified_gmt":"2026-04-16T00:09:59","slug":"dogunun-bati-ile-karsilasmasi","status":"publish","type":"product","link":"https:\/\/roveyayinevi.com.tr\/index.php\/urun\/dogunun-bati-ile-karsilasmasi\/","title":{"rendered":"Do\u011fu\u2019nun Bat\u0131 ile Kar\u015f\u0131la\u015fmas\u0131"},"content":{"rendered":"<p>Osmanl\u0131 \u0130mparatorlu\u011fu, kritik de\u011fi\u015fim anlar\u0131na kendi sistemi i\u00e7inde \u00e7e\u015fitli yan\u0131tlar \u00fcreterek 600 y\u0131l hayatta kald\u0131. Fakat 18. y\u00fczy\u0131lda Bat\u0131\u2019n\u0131n bilimsel devrimi, ayd\u0131nlanmas\u0131 ve farkl\u0131 co\u011frafyalar\u0131 ke\u015ffi, Osmanl\u0131 \u0130mparatorlu\u011fu i\u00e7in yeni yan\u0131tlar gerektiren bir d\u00f6nemin kap\u0131s\u0131n\u0131 aralad\u0131. Do\u011fu ve Bat\u0131 yeni bir d\u00fcnya d\u00fczeninin arifesinde, gelenek ile modern aras\u0131nda birbirlerini yeniden tan\u0131d\u0131, tan\u0131mlad\u0131.   Yirmisekiz Mehmed \u00c7elebi\u2019nin seyahatnamesi Osmanl\u0131lar\u0131n Bat\u0131\u2019ya, Bat\u0131\u2019n\u0131n Osmanl\u0131lara bu yeni bak\u0131\u015f\u0131n\u0131n \u00f6rne\u011fini sunuyor. Yeme i\u00e7me k\u00fclt\u00fcr\u00fcnden e\u011flenceye, diplomatik protokollerden devletleraras\u0131 ili\u015fkilere farkl\u0131l\u0131klar ve benzerlikler onun el\u00e7ili\u011finde su y\u00fcz\u00fcne \u00e7\u0131k\u0131yor. Fransa\u2019daki Turqueire modas\u0131 ile Osmanl\u0131\u2019da matbaan\u0131n kurulmas\u0131 bu d\u00f6nemde n\u00fcveleniyor. Mehmed \u00c7elebi\u2019den sonra giden el\u00e7iler, k\u00fclt\u00fcrel aktar\u0131m ve yay\u0131l\u0131m i\u00e7in bir momentum etkisi yaratarak Osmanl\u0131 d\u00fcnya g\u00f6r\u00fc\u015f\u00fcn\u00fc \u015fekillendiren akt\u00f6rler h\u00e2line geliyor.   Osmanl\u0131-T\u00fcrkiye modernle\u015fme tarihinin siyasi ve k\u00fclt\u00fcrel sacayaklar\u0131n\u0131 incelikle \u00f6ren bu kitap, Bat\u0131\u2019n\u0131n teknolojide ilerlemesi, ticari yay\u0131lmas\u0131 kar\u015f\u0131s\u0131nda Osmanl\u0131 \u0130mpratorlu\u011fu\u2019nun bundan nas\u0131l etkilendi\u011fini \u00f6zl\u00fc bir bi\u00e7imde anlat\u0131yor.  <\/p>\n","protected":false},"excerpt":{"rendered":"<p>Osmanl\u0131 \u0130mparatorlu\u011fu, kritik de\u011fi\u015fim anlar\u0131na kendi sistemi i\u00e7inde \u00e7e\u015fitli yan\u0131tlar \u00fcreterek 600 y\u0131l hayatta kald\u0131. Fakat 18. y\u00fczy\u0131lda Bat\u0131\u2019n\u0131n bilimsel devrimi, ayd\u0131nlanmas\u0131 ve farkl\u0131 co\u011frafyalar\u0131 ke\u015ffi,<span class=\"excerpt-hellip\"> [\u2026]<\/span><\/p>\n","protected":false},"featured_media":0,"template":"","meta":{"_monsterinsights_skip_tracking":false,"_monsterinsights_sitenote_active":false,"_monsterinsights_sitenote_note":"","_monsterinsights_sitenote_category":0},"product_brand":[],"product_cat":[13517,12304],"product_tag":[],"class_list":{"0":"post-756836","1":"product","2":"type-product","3":"status-publish","5":"product_cat-osmanli-tarihi","6":"product_cat-tarih","7":"pa_cilt-ciltsiz","8":"pa_tur-kitap","9":"pa_yayinevi-fol-kitap","10":"pa_yazar-fatma-muge-gocek","12":"first","13":"instock","14":"sale","15":"shipping-taxable","16":"purchasable","17":"product-type-simple"},"_links":{"self":[{"href":"https:\/\/roveyayinevi.com.tr\/index.php\/wp-json\/wp\/v2\/product\/756836","targetHints":{"allow":["GET"]}}],"collection":[{"href":"https:\/\/roveyayinevi.com.tr\/index.php\/wp-json\/wp\/v2\/product"}],"about":[{"href":"https:\/\/roveyayinevi.com.tr\/index.php\/wp-json\/wp\/v2\/types\/product"}],"wp:attachment":[{"href":"https:\/\/roveyayinevi.com.tr\/index.php\/wp-json\/wp\/v2\/media?parent=756836"}],"wp:term":[{"taxonomy":"product_brand","embeddable":true,"href":"https:\/\/roveyayinevi.com.tr\/index.php\/wp-json\/wp\/v2\/product_brand?post=756836"},{"taxonomy":"product_cat","embeddable":true,"href":"https:\/\/roveyayinevi.com.tr\/index.php\/wp-json\/wp\/v2\/product_cat?post=756836"},{"taxonomy":"product_tag","embeddable":true,"href":"https:\/\/roveyayinevi.com.tr\/index.php\/wp-json\/wp\/v2\/product_tag?post=756836"}],"curies":[{"name":"wp","href":"https:\/\/api.w.org\/{rel}","templated":true}]}}