{"id":756833,"date":"2025-08-28T07:18:59","date_gmt":"2025-08-28T04:18:59","guid":{"rendered":"https:\/\/roveyayinevi.com.tr\/index.php\/urun\/demir-dul\/"},"modified":"2026-04-16T03:09:58","modified_gmt":"2026-04-16T00:09:58","slug":"demir-dul","status":"publish","type":"product","link":"https:\/\/roveyayinevi.com.tr\/index.php\/urun\/demir-dul\/","title":{"rendered":"Demir Dul"},"content":{"rendered":"<p>Huaxia\u2019n\u0131n erkek \u00e7ocuklar\u0131, \u00c7in Seddi\u2019nin \u00f6tesinde gizlenen mekanik uzayl\u0131larla sava\u015fabilecek dev d\u00f6n\u00fc\u015f\u00fcml\u00fc Krizalitlere pilotluk yapmak i\u00e7in kar\u015f\u0131 cinsleriyle e\u015fle\u015fmenin hayalini kurard\u0131. Gen\u00e7 k\u0131zlardan beklenen ise, bu hedef u\u011fruna sorgusuzca can vermekti.   18 ya\u015f\u0131ndaki Zetian, k\u0131z karde\u015finin \u00f6l\u00fcm\u00fcnden sorumlu as erkek pilota suikast d\u00fczenlemek i\u00e7in kendini cariye-pilot olarak sunar. \u0130ntikam\u0131n\u0131 ise kimsenin beklemedi\u011fi bir \u015fekilde al\u0131r: Pilotlar aras\u0131ndaki psi\u015fik ba\u011f arac\u0131l\u0131\u011f\u0131yla onu \u00f6ld\u00fcrerek. Kokpitten yara almadan \u00e7\u0131kt\u0131\u011f\u0131nda art\u0131k \u201cDemir Dul\u201ddur: Krizalitleri g\u00fc\u00e7lendirmek i\u00e7in erkek e\u015fi kurban edebilen, bu nedenle korkulan ve s\u0131r gibi saklanan o kad\u0131n pilot t\u00fcr\u00fc.   Zetian, korku uyand\u0131ran fakat paha bi\u00e7ilmez zihinsel g\u00fcc\u00fcn\u00fcn ehlile\u015ftirilmesi i\u00e7in Huaxia\u2019daki en g\u00fc\u00e7l\u00fc ve en tart\u0131\u015fmal\u0131 erkek pilot Li Shimin ile e\u015fle\u015ftirilir. Gelgelelim, nihayet g\u00fcc\u00fcn tad\u0131na varan Zetian o kadar kolay sinmeyecek; kad\u0131n d\u00fc\u015fman\u0131 olagelmi\u015f pilotluk sisteminin i\u015fleyi\u015fini tam olarak \u00e7\u00f6zene ve daha fazla gen\u00e7 k\u0131z\u0131n kurban edilmesini engelleyene dek eline ge\u00e7en hi\u00e7bir f\u0131rsat\u0131 ka\u00e7\u0131rmayacakt\u0131r.   #1 New York Times Bestseller USA Today Bestseller \u2022 The Indigo, Y\u0131l\u0131n #1 Numaral\u0131 Gen\u00e7 Yeti\u015fkin Kitab\u0131, 2021 \u2022 Barnes and Noble, Y\u0131l\u0131n Gen\u00e7 Yeti\u015fkin Kitab\u0131 \u00d6d\u00fcl\u00fc Kazanan\u0131, 2022 \u2022 Amy Mathers, Gen\u00e7 Yeti\u015fkin Kitab\u0131 \u00d6d\u00fcl\u00fc Kazanan\u0131, 2022 \u2022 Arlene Barlin, \u201cEn \u0130yi Bilimkurgu ve Fantezi\u201d dal\u0131nda Y\u0131l\u0131n \u00d6d\u00fcl\u00fc, 2022 \u2022 Andre Norton Nebula \u00d6d\u00fcl\u00fc Finalisti, 2021 \u2022 \u201cEn \u0130yi Gen\u00e7 Yeti\u015fkin Kitab\u0131\u201d dal\u0131nda Lodestar \u00d6d\u00fcl\u00fc Finalisti, 2022 \u2022 \u201cEn \u0130yi Gen\u00e7 Yeti\u015fkin Roman\u0131\u201d ve \u201c\u0130lk Roman\u201d dallar\u0131nda Locus \u00d6d\u00fclleri Finalisti, 2022 \u2022 Book Riot\u2019un \u201cT\u00fcm Zamanlar\u0131n En \u0130yi 20 Bilimkurgu Kitab\u0131\u201d listesinde \u2022 New York Halk K\u00fct\u00fcphanesi, Gen\u00e7ler \u0130\u00e7in En \u0130yi Kitap, 2021   \u201cDemir Dul heyecan verici, aksiyon dolu bir bilimkurgu hik\u00e2yesi ve ataerkil k\u00fclt\u00fcre y\u00f6nelik sert bir ele\u015ftiri.\u201d \u2014Shelf Awareness   \u201cDemir Dul\u2019un hem fiziksel hem de zihinsel sava\u015flarla bezenmi\u015f aksiyon dolu olay \u00f6rg\u00fcs\u00fc, orijinal ve queer temalar\u0131n yan\u0131 s\u0131ra Zetian\u2019\u0131n sars\u0131lmaz, katartik feminizmini i\u00e7eriyor.\u201d \u2014Kirkus Reviews   \u201cBu seri y\u00fcksek enerjili, feminist, queer anlat\u0131lar arayanlara hitap edecek.\u201d \u2014Publishers Weekly   \u201cE\u011flenceli ve heyecanl\u0131, bazen okumas\u0131 korkun\u00e7 ama her hal\u00fck\u00e2rda bir karaktere \u00e2\u015f\u0131k olman\u0131z\u0131 sa\u011flayacak t\u00fcrden, inan\u0131lmaz bir roman.\u201d \u2014Tor Online   \u201cKesinlikle destans\u0131. En \u00e7\u0131lg\u0131n hayallerimin tarihi esintili, f\u00fct\u00fcristik bilimkurgusu. Demir Dul, dev mekanizmalar ve tavizsiz karakterlerle dolu bir d\u00fcnyaya bal\u0131klama dal\u0131yor. Xiran Jay Zhao\u2019nun kaleminin ac\u0131mas\u0131z g\u00fczelli\u011fi, beni son sayfas\u0131na kadar bu kitaba esir etti.\u201d \u2014Chloe Gong, New York Times \u00e7oksatan yazar\u0131   \u201cBir kitab\u0131n ilkel \u00e7\u0131\u011fl\u0131\u011f\u0131 gibi yank\u0131lanan Demir Dul, t\u00fcm bu \u00f6fkeyi ve daha fazlas\u0131n\u0131, titiz bir tempo ve parlak bir d\u00fcnya in\u015fas\u0131 ile birle\u015ftirerek, muazzam bir destans\u0131 anlat\u0131 haline geliyor.\u201d \u2014E.K. Johnston, New York Times \u00e7oksatan yazar\u0131   \u201cDemir Dul\u2019da Zhao, dudak u\u00e7uklatan aksiyonu ve erdemli, boyun e\u011fmeyen kad\u0131n kahraman\u0131yla heyecan verici, ac\u0131mas\u0131z bir hik\u00e2ye yarat\u0131yor. Zetian durdurulamaz; ona tezah\u00fcrat yapmaman\u0131z i\u00e7in size meydan okuyorum.\u201d \u2014Elizabeth Lim, \u015eafa\u011f\u0131 \u00d6r ve Ak\u015fam\u0131 \u00c7\u00f6z romanlar\u0131n\u0131n New York Times \u00e7oksatan yazar\u0131 <\/p>\n","protected":false},"excerpt":{"rendered":"<p>Huaxia\u2019n\u0131n erkek \u00e7ocuklar\u0131, \u00c7in Seddi\u2019nin \u00f6tesinde gizlenen mekanik uzayl\u0131larla sava\u015fabilecek dev d\u00f6n\u00fc\u015f\u00fcml\u00fc Krizalitlere pilotluk yapmak i\u00e7in kar\u015f\u0131 cinsleriyle e\u015fle\u015fmenin hayalini kurard\u0131. Gen\u00e7 k\u0131zlardan beklenen ise, bu<span class=\"excerpt-hellip\"> [\u2026]<\/span><\/p>\n","protected":false},"featured_media":0,"template":"","meta":{"_monsterinsights_skip_tracking":false,"_monsterinsights_sitenote_active":false,"_monsterinsights_sitenote_note":"","_monsterinsights_sitenote_category":0},"product_brand":[],"product_cat":[12540,12291],"product_tag":[],"class_list":{"0":"post-756833","1":"product","2":"type-product","3":"status-publish","5":"product_cat-bilim-kurgu","6":"product_cat-edebiyat","7":"pa_cilt-ciltsiz","8":"pa_tur-kitap","9":"pa_yayinevi-yabanci-yayinevi","10":"pa_yazar-xiran-jay-zhao","12":"first","13":"instock","14":"sale","15":"shipping-taxable","16":"purchasable","17":"product-type-simple"},"_links":{"self":[{"href":"https:\/\/roveyayinevi.com.tr\/index.php\/wp-json\/wp\/v2\/product\/756833","targetHints":{"allow":["GET"]}}],"collection":[{"href":"https:\/\/roveyayinevi.com.tr\/index.php\/wp-json\/wp\/v2\/product"}],"about":[{"href":"https:\/\/roveyayinevi.com.tr\/index.php\/wp-json\/wp\/v2\/types\/product"}],"wp:attachment":[{"href":"https:\/\/roveyayinevi.com.tr\/index.php\/wp-json\/wp\/v2\/media?parent=756833"}],"wp:term":[{"taxonomy":"product_brand","embeddable":true,"href":"https:\/\/roveyayinevi.com.tr\/index.php\/wp-json\/wp\/v2\/product_brand?post=756833"},{"taxonomy":"product_cat","embeddable":true,"href":"https:\/\/roveyayinevi.com.tr\/index.php\/wp-json\/wp\/v2\/product_cat?post=756833"},{"taxonomy":"product_tag","embeddable":true,"href":"https:\/\/roveyayinevi.com.tr\/index.php\/wp-json\/wp\/v2\/product_tag?post=756833"}],"curies":[{"name":"wp","href":"https:\/\/api.w.org\/{rel}","templated":true}]}}