{"id":756825,"date":"2025-08-28T07:18:09","date_gmt":"2025-08-28T04:18:09","guid":{"rendered":"https:\/\/roveyayinevi.com.tr\/index.php\/urun\/fazil-husnu-daglarcanin-soz-kuslari\/"},"modified":"2026-04-16T03:09:58","modified_gmt":"2026-04-16T00:09:58","slug":"fazil-husnu-daglarcanin-soz-kuslari","status":"publish","type":"product","link":"https:\/\/roveyayinevi.com.tr\/index.php\/urun\/fazil-husnu-daglarcanin-soz-kuslari\/","title":{"rendered":"Faz\u0131l H\u00fcsn\u00fc Da\u011flarca\u2019n\u0131n S\u00f6z Ku\u015flar\u0131"},"content":{"rendered":"<p>Edebiyat\u0131m\u0131z\u0131n \u015fair ve yazarlar\u0131n\u0131n hayatlar\u0131n\u0131 resimli hikayelerle ke\u015ffetmeye var m\u0131s\u0131n\u0131z? \u015eiirlerle ya\u015fanm\u0131\u015f; \u00f6zlem, umut ve m\u00fccadele dolu ya\u015fam\u0131m\u0131 dinlemeye haz\u0131r ms\u0131n\u0131z? <\/p>\n","protected":false},"excerpt":{"rendered":"<p>Edebiyat\u0131m\u0131z\u0131n \u015fair ve yazarlar\u0131n\u0131n hayatlar\u0131n\u0131 resimli hikayelerle ke\u015ffetmeye var m\u0131s\u0131n\u0131z? \u015eiirlerle ya\u015fanm\u0131\u015f; \u00f6zlem, umut ve m\u00fccadele dolu ya\u015fam\u0131m\u0131 dinlemeye haz\u0131r ms\u0131n\u0131z?<\/p>\n","protected":false},"featured_media":0,"template":"","meta":{"_monsterinsights_skip_tracking":false,"_monsterinsights_sitenote_active":false,"_monsterinsights_sitenote_note":"","_monsterinsights_sitenote_category":0},"product_brand":[],"product_cat":[12274,12284],"product_tag":[],"class_list":{"0":"post-756825","1":"product","2":"type-product","3":"status-publish","5":"product_cat-cocuk-ve-genclik-kitaplari","6":"product_cat-hikayeler","7":"pa_cilt-ciltsiz","8":"pa_tur-kitap","9":"pa_yayinevi-eksik-parca-yayinlari","10":"pa_yazar-erdogan-ogultekin","12":"first","13":"instock","14":"sale","15":"shipping-taxable","16":"purchasable","17":"product-type-simple"},"_links":{"self":[{"href":"https:\/\/roveyayinevi.com.tr\/index.php\/wp-json\/wp\/v2\/product\/756825","targetHints":{"allow":["GET"]}}],"collection":[{"href":"https:\/\/roveyayinevi.com.tr\/index.php\/wp-json\/wp\/v2\/product"}],"about":[{"href":"https:\/\/roveyayinevi.com.tr\/index.php\/wp-json\/wp\/v2\/types\/product"}],"wp:attachment":[{"href":"https:\/\/roveyayinevi.com.tr\/index.php\/wp-json\/wp\/v2\/media?parent=756825"}],"wp:term":[{"taxonomy":"product_brand","embeddable":true,"href":"https:\/\/roveyayinevi.com.tr\/index.php\/wp-json\/wp\/v2\/product_brand?post=756825"},{"taxonomy":"product_cat","embeddable":true,"href":"https:\/\/roveyayinevi.com.tr\/index.php\/wp-json\/wp\/v2\/product_cat?post=756825"},{"taxonomy":"product_tag","embeddable":true,"href":"https:\/\/roveyayinevi.com.tr\/index.php\/wp-json\/wp\/v2\/product_tag?post=756825"}],"curies":[{"name":"wp","href":"https:\/\/api.w.org\/{rel}","templated":true}]}}