{"id":756821,"date":"2025-08-28T07:18:01","date_gmt":"2025-08-28T04:18:01","guid":{"rendered":"https:\/\/roveyayinevi.com.tr\/index.php\/urun\/yedi-kilise\/"},"modified":"2026-04-16T03:09:58","modified_gmt":"2026-04-16T00:09:58","slug":"yedi-kilise","status":"publish","type":"product","link":"https:\/\/roveyayinevi.com.tr\/index.php\/urun\/yedi-kilise\/","title":{"rendered":"Yedi Kilise"},"content":{"rendered":"<p>&#8220;Ten rengi ister beyaz ister esmer olsun. Gitti\u011fi ibadethane ister cami ister kilise olsun. Bu \u00fclke t\u00fcm renkleriyle bir b\u00fct\u00fcnd\u00fcr. Arada s\u0131rada birbirimize k\u0131r\u0131labilir, k\u0131zabilir hatta birbirimizi d\u00f6vebiliriz ama bize d\u0131\u015ftan gelebilecek her t\u00fcrl\u00fc sald\u0131r\u0131da tek y\u00fcrek olmay\u0131 da biliriz. \u0130\u015fte s\u0131n\u0131rda ya\u015fayan insanlar\u0131n hayatlar\u0131ndan bu dersi \u00e7\u0131kard\u0131m.&#8221;<\/p>\n","protected":false},"excerpt":{"rendered":"<p>&#8220;Ten rengi ister beyaz ister esmer olsun. Gitti\u011fi ibadethane ister cami ister kilise olsun. Bu \u00fclke t\u00fcm renkleriyle bir b\u00fct\u00fcnd\u00fcr. Arada s\u0131rada birbirimize k\u0131r\u0131labilir, k\u0131zabilir hatta<span class=\"excerpt-hellip\"> [\u2026]<\/span><\/p>\n","protected":false},"featured_media":0,"template":"","meta":{"_monsterinsights_skip_tracking":false,"_monsterinsights_sitenote_active":false,"_monsterinsights_sitenote_note":"","_monsterinsights_sitenote_category":0},"product_brand":[],"product_cat":[12803,12291],"product_tag":[],"class_list":{"0":"post-756821","1":"product","2":"type-product","3":"status-publish","5":"product_cat-aksiyon-macera","6":"product_cat-edebiyat","7":"pa_cilt-ciltsiz","8":"pa_tur-kitap","9":"pa_yayinevi-kitap-muptelasi-yayinlari","10":"pa_yazar-selami-cinarci","12":"first","13":"instock","14":"sale","15":"shipping-taxable","16":"purchasable","17":"product-type-simple"},"_links":{"self":[{"href":"https:\/\/roveyayinevi.com.tr\/index.php\/wp-json\/wp\/v2\/product\/756821","targetHints":{"allow":["GET"]}}],"collection":[{"href":"https:\/\/roveyayinevi.com.tr\/index.php\/wp-json\/wp\/v2\/product"}],"about":[{"href":"https:\/\/roveyayinevi.com.tr\/index.php\/wp-json\/wp\/v2\/types\/product"}],"wp:attachment":[{"href":"https:\/\/roveyayinevi.com.tr\/index.php\/wp-json\/wp\/v2\/media?parent=756821"}],"wp:term":[{"taxonomy":"product_brand","embeddable":true,"href":"https:\/\/roveyayinevi.com.tr\/index.php\/wp-json\/wp\/v2\/product_brand?post=756821"},{"taxonomy":"product_cat","embeddable":true,"href":"https:\/\/roveyayinevi.com.tr\/index.php\/wp-json\/wp\/v2\/product_cat?post=756821"},{"taxonomy":"product_tag","embeddable":true,"href":"https:\/\/roveyayinevi.com.tr\/index.php\/wp-json\/wp\/v2\/product_tag?post=756821"}],"curies":[{"name":"wp","href":"https:\/\/api.w.org\/{rel}","templated":true}]}}