{"id":756818,"date":"2025-08-28T07:17:56","date_gmt":"2025-08-28T04:17:56","guid":{"rendered":"https:\/\/roveyayinevi.com.tr\/index.php\/urun\/ruzgara-direnen-kuslar\/"},"modified":"2026-04-16T03:09:58","modified_gmt":"2026-04-16T00:09:58","slug":"ruzgara-direnen-kuslar","status":"publish","type":"product","link":"https:\/\/roveyayinevi.com.tr\/index.php\/urun\/ruzgara-direnen-kuslar\/","title":{"rendered":"R\u00fczgara Direnen Ku\u015flar"},"content":{"rendered":"<p>H\u0131rsl\u0131 bir \u00e7ocuktum  Hep akran\u0131mla yar\u0131\u015ft\u0131m  Birincilik yar\u0131\u015f\u0131yla doluydu her an\u0131m  En g\u00fczel k\u0131z\u0131n kocas\u0131 ben olmal\u0131yd\u0131m  \u00d6\u011fretmenler odas\u0131n\u0131n medar\u0131 iftihar\u0131  Y\u00fczy\u0131l\u0131n dehas\u0131  Gelecek vaat eden \u00e7ocuk  Hepsi ben olmal\u0131yd\u0131m  <\/p>\n","protected":false},"excerpt":{"rendered":"<p>H\u0131rsl\u0131 bir \u00e7ocuktum Hep akran\u0131mla yar\u0131\u015ft\u0131m Birincilik yar\u0131\u015f\u0131yla doluydu her an\u0131m En g\u00fczel k\u0131z\u0131n kocas\u0131 ben olmal\u0131yd\u0131m \u00d6\u011fretmenler odas\u0131n\u0131n medar\u0131 iftihar\u0131 Y\u00fczy\u0131l\u0131n dehas\u0131 Gelecek vaat eden<span class=\"excerpt-hellip\"> [\u2026]<\/span><\/p>\n","protected":false},"featured_media":0,"template":"","meta":{"_monsterinsights_skip_tracking":false,"_monsterinsights_sitenote_active":false,"_monsterinsights_sitenote_note":"","_monsterinsights_sitenote_category":0},"product_brand":[],"product_cat":[12291,12509],"product_tag":[],"class_list":{"0":"post-756818","1":"product","2":"type-product","3":"status-publish","5":"product_cat-edebiyat","6":"product_cat-siir","7":"pa_cilt-ciltsiz","8":"pa_tur-kitap","9":"pa_yayinevi-kitap-muptelasi-yayinlari","10":"pa_yazar-emre-altun","12":"first","13":"instock","14":"sale","15":"shipping-taxable","16":"purchasable","17":"product-type-simple"},"_links":{"self":[{"href":"https:\/\/roveyayinevi.com.tr\/index.php\/wp-json\/wp\/v2\/product\/756818","targetHints":{"allow":["GET"]}}],"collection":[{"href":"https:\/\/roveyayinevi.com.tr\/index.php\/wp-json\/wp\/v2\/product"}],"about":[{"href":"https:\/\/roveyayinevi.com.tr\/index.php\/wp-json\/wp\/v2\/types\/product"}],"wp:attachment":[{"href":"https:\/\/roveyayinevi.com.tr\/index.php\/wp-json\/wp\/v2\/media?parent=756818"}],"wp:term":[{"taxonomy":"product_brand","embeddable":true,"href":"https:\/\/roveyayinevi.com.tr\/index.php\/wp-json\/wp\/v2\/product_brand?post=756818"},{"taxonomy":"product_cat","embeddable":true,"href":"https:\/\/roveyayinevi.com.tr\/index.php\/wp-json\/wp\/v2\/product_cat?post=756818"},{"taxonomy":"product_tag","embeddable":true,"href":"https:\/\/roveyayinevi.com.tr\/index.php\/wp-json\/wp\/v2\/product_tag?post=756818"}],"curies":[{"name":"wp","href":"https:\/\/api.w.org\/{rel}","templated":true}]}}