{"id":756817,"date":"2025-08-28T07:17:54","date_gmt":"2025-08-28T04:17:54","guid":{"rendered":"https:\/\/roveyayinevi.com.tr\/index.php\/urun\/gebekilise\/"},"modified":"2026-04-16T03:09:58","modified_gmt":"2026-04-16T00:09:58","slug":"gebekilise","status":"publish","type":"product","link":"https:\/\/roveyayinevi.com.tr\/index.php\/urun\/gebekilise\/","title":{"rendered":"Gebekilise"},"content":{"rendered":"<p>3 Farkl\u0131 Hik\u00e2ye, 3 Farkl\u0131 Ya\u015fam&#8230; M\u00fcbadele y\u0131llar\u0131nda b\u00fct\u00fcn yak\u0131nlar\u0131n\u0131 kaybeden Rum \u00e7ocu\u011fu ile ona sahip \u00e7\u0131kan T\u00fcrk aile aras\u0131ndaki sevgi ba\u011f\u0131&#8230; Sava\u015f\u0131n nas\u0131l kapanmaz yaralar olu\u015fturdu\u011funuz anlatan Cemal&#8217;in \u00f6yk\u00fcs\u00fc&#8230; Hi\u00e7 tan\u0131mad\u0131\u011f\u0131, uzak durmaya \u00e7al\u0131\u015ft\u0131\u011f\u0131 insanlardan dedesini dinleyip gururlanan k\u00f6y \u00f6\u011fretmenin duygular\u0131&#8230; <\/p>\n","protected":false},"excerpt":{"rendered":"<p>3 Farkl\u0131 Hik\u00e2ye, 3 Farkl\u0131 Ya\u015fam&#8230; M\u00fcbadele y\u0131llar\u0131nda b\u00fct\u00fcn yak\u0131nlar\u0131n\u0131 kaybeden Rum \u00e7ocu\u011fu ile ona sahip \u00e7\u0131kan T\u00fcrk aile aras\u0131ndaki sevgi ba\u011f\u0131&#8230; Sava\u015f\u0131n nas\u0131l kapanmaz yaralar<span class=\"excerpt-hellip\"> [\u2026]<\/span><\/p>\n","protected":false},"featured_media":0,"template":"","meta":{"_monsterinsights_skip_tracking":false,"_monsterinsights_sitenote_active":false,"_monsterinsights_sitenote_note":"","_monsterinsights_sitenote_category":0},"product_brand":[],"product_cat":[12291,12711],"product_tag":[],"class_list":{"0":"post-756817","1":"product","2":"type-product","3":"status-publish","5":"product_cat-edebiyat","6":"product_cat-roman-oyku","7":"pa_cilt-ciltsiz","8":"pa_tur-kitap","9":"pa_yayinevi-kitap-muptelasi-yayinlari","10":"pa_yazar-sefa-yilmaz","12":"first","13":"instock","14":"sale","15":"shipping-taxable","16":"purchasable","17":"product-type-simple"},"_links":{"self":[{"href":"https:\/\/roveyayinevi.com.tr\/index.php\/wp-json\/wp\/v2\/product\/756817","targetHints":{"allow":["GET"]}}],"collection":[{"href":"https:\/\/roveyayinevi.com.tr\/index.php\/wp-json\/wp\/v2\/product"}],"about":[{"href":"https:\/\/roveyayinevi.com.tr\/index.php\/wp-json\/wp\/v2\/types\/product"}],"wp:attachment":[{"href":"https:\/\/roveyayinevi.com.tr\/index.php\/wp-json\/wp\/v2\/media?parent=756817"}],"wp:term":[{"taxonomy":"product_brand","embeddable":true,"href":"https:\/\/roveyayinevi.com.tr\/index.php\/wp-json\/wp\/v2\/product_brand?post=756817"},{"taxonomy":"product_cat","embeddable":true,"href":"https:\/\/roveyayinevi.com.tr\/index.php\/wp-json\/wp\/v2\/product_cat?post=756817"},{"taxonomy":"product_tag","embeddable":true,"href":"https:\/\/roveyayinevi.com.tr\/index.php\/wp-json\/wp\/v2\/product_tag?post=756817"}],"curies":[{"name":"wp","href":"https:\/\/api.w.org\/{rel}","templated":true}]}}