{"id":756816,"date":"2025-08-28T07:17:51","date_gmt":"2025-08-28T04:17:51","guid":{"rendered":"https:\/\/roveyayinevi.com.tr\/index.php\/urun\/mutlu-vadi\/"},"modified":"2026-04-16T03:09:58","modified_gmt":"2026-04-16T00:09:58","slug":"mutlu-vadi","status":"publish","type":"product","link":"https:\/\/roveyayinevi.com.tr\/index.php\/urun\/mutlu-vadi\/","title":{"rendered":"Mutlu Vadi"},"content":{"rendered":"<p>\u201cHangi yolu y\u00fcr\u00fcd\u00fcysem, hangi yoldan da ka\u00e7\u0131nd\u0131ysam hepsi burada bitiyordu, bir \u00e7\u0131k\u0131\u015f yolu daha olmayan, s\u0131rf o y\u00fczden bile \u00f6l\u00fcm\u00fcn mek\u00e2n\u0131na benzeyen ve muhakkak meleklerin arazisine yak\u0131n d\u00fc\u015fen bu vadide&#8230;\u201d Annemarie Schwarzenbach, Nazizm\u2019i do\u011furan, cinsel y\u00f6neliminden dolay\u0131 onu da yaln\u0131z b\u0131rakan burjuva toplumundan ka\u00e7an bir yirminci y\u00fczy\u0131l g\u00f6\u00e7ebesi; sars\u0131c\u0131 metinlere imza atm\u0131\u015f bir modern seyyah-yazar. 1939\u2019da yay\u0131mlanan otobiyografik roman\u0131 Mutlu Vadi\u2019de de kendi hayat\u0131n\u0131n u\u00e7urumlar\u0131nda ve \u00e7eli\u015fkilerinde geziniyor. Roman\u0131n anlat\u0131c\u0131s\u0131, Tahran\u2019\u0131n g\u00fcne\u015ften kavruldu\u011fu bir yaz mevsiminde baz\u0131 arkada\u015flar\u0131yla birlikte yaylaya ka\u00e7ar. Asl\u0131nda kendisi zaten hep firardad\u0131r, k\u0131s\u0131tlay\u0131c\u0131 olarak alg\u0131lad\u0131\u011f\u0131 varolu\u015ftan ka\u00e7ar. Kendi kimli\u011fini aramak amac\u0131yla y\u0131llard\u0131r d\u00fcnyay\u0131 dola\u015fmaktad\u0131r. Ne var ki \u0130ran\u2019\u0131n yabanc\u0131, sessiz do\u011fas\u0131nda keder onu avucuna alm\u0131\u015ft\u0131r. Bir ba\u015f\u0131na de\u011fildir fakat yapayaln\u0131zd\u0131r; u\u011fruna \u00e7aba harcad\u0131\u011f\u0131 \u201c\u00f6zg\u00fcrl\u00fckle\u201d ba\u015fa \u00e7\u0131kamamaktad\u0131r. Bir yandan \u0130svi\u00e7re\u2019deki ge\u00e7mi\u015fini, \u00e7ocuklu\u011funu unutmak ister, di\u011fer yandan \u00f6zlemini \u00e7eker. T\u00fcm bu \u00e7eli\u015fkiler \u0130ran\u2019da, gen\u00e7 bir T\u00fcrk k\u0131z\u0131na duydu\u011fu a\u015fkla derinle\u015fir. Bug\u00fcn ve d\u00fcn, hayal ve hakikat, y\u00fcrek burkan bu lirik romanda i\u00e7 i\u00e7e ge\u00e7iyor. \u201cMutlu Vadi, kendine yabanc\u0131la\u015fan modern insan\u0131n varolu\u015fsal yaln\u0131zl\u0131\u011f\u0131 ve par\u00e7alanm\u0131\u015fl\u0131\u011f\u0131 \u00fczerine \u015fiirsel bir anlat\u0131.\u201d \u2014Neue Z\u00fcrcher Zeitung<\/p>\n","protected":false},"excerpt":{"rendered":"<p>\u201cHangi yolu y\u00fcr\u00fcd\u00fcysem, hangi yoldan da ka\u00e7\u0131nd\u0131ysam hepsi burada bitiyordu, bir \u00e7\u0131k\u0131\u015f yolu daha olmayan, s\u0131rf o y\u00fczden bile \u00f6l\u00fcm\u00fcn mek\u00e2n\u0131na benzeyen ve muhakkak meleklerin arazisine<span class=\"excerpt-hellip\"> [\u2026]<\/span><\/p>\n","protected":false},"featured_media":0,"template":"","meta":{"_monsterinsights_skip_tracking":false,"_monsterinsights_sitenote_active":false,"_monsterinsights_sitenote_note":"","_monsterinsights_sitenote_category":0},"product_brand":[],"product_cat":[12291,12711],"product_tag":[],"class_list":{"0":"post-756816","1":"product","2":"type-product","3":"status-publish","5":"product_cat-edebiyat","6":"product_cat-roman-oyku","7":"pa_cilt-ciltsiz","8":"pa_tur-kitap","9":"pa_yayinevi-everest-yayinlari","10":"pa_yazar-annemarie-schwarzenbach","12":"first","13":"instock","14":"sale","15":"shipping-taxable","16":"purchasable","17":"product-type-simple"},"_links":{"self":[{"href":"https:\/\/roveyayinevi.com.tr\/index.php\/wp-json\/wp\/v2\/product\/756816","targetHints":{"allow":["GET"]}}],"collection":[{"href":"https:\/\/roveyayinevi.com.tr\/index.php\/wp-json\/wp\/v2\/product"}],"about":[{"href":"https:\/\/roveyayinevi.com.tr\/index.php\/wp-json\/wp\/v2\/types\/product"}],"wp:attachment":[{"href":"https:\/\/roveyayinevi.com.tr\/index.php\/wp-json\/wp\/v2\/media?parent=756816"}],"wp:term":[{"taxonomy":"product_brand","embeddable":true,"href":"https:\/\/roveyayinevi.com.tr\/index.php\/wp-json\/wp\/v2\/product_brand?post=756816"},{"taxonomy":"product_cat","embeddable":true,"href":"https:\/\/roveyayinevi.com.tr\/index.php\/wp-json\/wp\/v2\/product_cat?post=756816"},{"taxonomy":"product_tag","embeddable":true,"href":"https:\/\/roveyayinevi.com.tr\/index.php\/wp-json\/wp\/v2\/product_tag?post=756816"}],"curies":[{"name":"wp","href":"https:\/\/api.w.org\/{rel}","templated":true}]}}