{"id":756815,"date":"2025-08-28T07:17:49","date_gmt":"2025-08-28T04:17:49","guid":{"rendered":"https:\/\/roveyayinevi.com.tr\/index.php\/urun\/gun-yildizi\/"},"modified":"2026-04-16T03:09:58","modified_gmt":"2026-04-16T00:09:58","slug":"gun-yildizi","status":"publish","type":"product","link":"https:\/\/roveyayinevi.com.tr\/index.php\/urun\/gun-yildizi\/","title":{"rendered":"G\u00fcn Y\u0131ld\u0131z\u0131"},"content":{"rendered":"<p>1944 y\u0131l\u0131&#8230; \u0130kinci D\u00fcnya Sava\u015f\u0131\u2019n\u0131n t\u00fcm \u015fiddeti ile devam etti\u011fi g\u00fcnler. Bulgaristan topraklar\u0131nda orta\u011f\u0131 Almanya\u2019n\u0131n askerleri cirit atmakta. Ancak i\u015fler bu iki \u00fclke i\u00e7in hi\u00e7 iyiye gitmiyor. Bir yandan M\u00fcttefikler iyiden iyiye \u00fcst\u00fcnl\u00fc\u011f\u00fc ele ge\u00e7irmekteler, di\u011fer yandan \u00fclkedeki SSCB destekli sosyalist \u00f6rg\u00fctlenmeler ciddi manada te\u015fkilatlanm\u0131\u015f durumda. B\u00fct\u00fcn bu olaylar\u0131n i\u00e7inde bir T\u00fcrk casusu, \u201cG\u00fcn Y\u0131ld\u0131z\u0131\u201d kod adl\u0131 Mustafa \u0130zzet de var. Alman misyonunun dibinde sahte kimlikle girdi\u011fi radyo binas\u0131nda, konu\u015fulan edilen ne varsa \u00fcstlerine raporlayan kahraman\u0131m\u0131z bir anda kendini karma\u015f\u0131k olaylar\u0131n i\u00e7inde bulur. \u00dclkedeki T\u00fcrk istihbarat\u0131n\u0131n baz\u0131 elemanlar\u0131, kim oldu\u011fu me\u00e7hul birileri taraf\u0131ndan teker teker avlanmaktad\u0131r. G\u00fcn Y\u0131ld\u0131z\u0131 hem kendini korumaya almal\u0131 hem de bu cinayetlerin arkas\u0131nda kimlerin oldu\u011funu bulmal\u0131d\u0131r. Heyecanl\u0131 bir kovalamaca ba\u015flar. Hele cinayetlerin arkas\u0131nda hi\u00e7 umulmad\u0131k ki\u015filerin olabilece\u011fi ihtimali ortaya \u00e7\u0131k\u0131nca, durum daha da \u015fa\u015fk\u0131nl\u0131k verici h\u00e2le gelir.   Serinin ilk kitab\u0131 Kurt G\u00f6lgesi\u2019nde so\u011fuk sava\u015f d\u00f6neminin en gerilimli y\u0131llar\u0131n\u0131 R\u00fcstem adl\u0131 kahraman\u0131m\u0131z\u0131n a\u011fz\u0131ndan anlatan Hamdi Akyol, ikinci kitapta ilk kitab\u0131n \u00f6nemli kahramanlar\u0131ndan \u201cG\u00fcn Y\u0131ld\u0131z\u0131\u201dn\u0131n \u00fclkeye ge\u00e7i\u015fini, istihbarat faaliyetlerini ve sonras\u0131nda istasyon \u015fefi olu\u015funu bu kez onun a\u011fz\u0131ndan anlat\u0131yor. Dikkatli okurlar, Kurt G\u00f6lgesi\u2019nde okuduklar\u0131 kimi isimlerle bu sefer \u00e7eyrek as\u0131r \u00f6ncesinde kar\u015f\u0131la\u015facaklar. S\u00fcrpriz g\u00f6ndermeler, ustal\u0131kla \u00f6r\u00fclm\u00fc\u015f karakter hik\u00e2yeleri ve soluk solu\u011fa bir aksiyon&#8230; <\/p>\n","protected":false},"excerpt":{"rendered":"<p>1944 y\u0131l\u0131&#8230; \u0130kinci D\u00fcnya Sava\u015f\u0131\u2019n\u0131n t\u00fcm \u015fiddeti ile devam etti\u011fi g\u00fcnler. Bulgaristan topraklar\u0131nda orta\u011f\u0131 Almanya\u2019n\u0131n askerleri cirit atmakta. Ancak i\u015fler bu iki \u00fclke i\u00e7in hi\u00e7 iyiye<span class=\"excerpt-hellip\"> [\u2026]<\/span><\/p>\n","protected":false},"featured_media":0,"template":"","meta":{"_monsterinsights_skip_tracking":false,"_monsterinsights_sitenote_active":false,"_monsterinsights_sitenote_note":"","_monsterinsights_sitenote_category":0},"product_brand":[],"product_cat":[12291,12711],"product_tag":[],"class_list":{"0":"post-756815","1":"product","2":"type-product","3":"status-publish","5":"product_cat-edebiyat","6":"product_cat-roman-oyku","7":"pa_cilt-ciltsiz","8":"pa_tur-kitap","9":"pa_yayinevi-kapi-yayinlari","10":"pa_yazar-hamdi-akyol","12":"first","13":"instock","14":"sale","15":"shipping-taxable","16":"purchasable","17":"product-type-simple"},"_links":{"self":[{"href":"https:\/\/roveyayinevi.com.tr\/index.php\/wp-json\/wp\/v2\/product\/756815","targetHints":{"allow":["GET"]}}],"collection":[{"href":"https:\/\/roveyayinevi.com.tr\/index.php\/wp-json\/wp\/v2\/product"}],"about":[{"href":"https:\/\/roveyayinevi.com.tr\/index.php\/wp-json\/wp\/v2\/types\/product"}],"wp:attachment":[{"href":"https:\/\/roveyayinevi.com.tr\/index.php\/wp-json\/wp\/v2\/media?parent=756815"}],"wp:term":[{"taxonomy":"product_brand","embeddable":true,"href":"https:\/\/roveyayinevi.com.tr\/index.php\/wp-json\/wp\/v2\/product_brand?post=756815"},{"taxonomy":"product_cat","embeddable":true,"href":"https:\/\/roveyayinevi.com.tr\/index.php\/wp-json\/wp\/v2\/product_cat?post=756815"},{"taxonomy":"product_tag","embeddable":true,"href":"https:\/\/roveyayinevi.com.tr\/index.php\/wp-json\/wp\/v2\/product_tag?post=756815"}],"curies":[{"name":"wp","href":"https:\/\/api.w.org\/{rel}","templated":true}]}}