{"id":756810,"date":"2025-08-28T07:17:41","date_gmt":"2025-08-28T04:17:41","guid":{"rendered":"https:\/\/roveyayinevi.com.tr\/index.php\/urun\/bana-dokunmayan-yilan-bin-yasasin-atasozleriyle-degerler-egitimi\/"},"modified":"2026-04-16T03:09:58","modified_gmt":"2026-04-16T00:09:58","slug":"bana-dokunmayan-yilan-bin-yasasin-atasozleriyle-degerler-egitimi","status":"publish","type":"product","link":"https:\/\/roveyayinevi.com.tr\/index.php\/urun\/bana-dokunmayan-yilan-bin-yasasin-atasozleriyle-degerler-egitimi\/","title":{"rendered":"Bana Dokunmayan Y\u0131lan Bin Ya\u015fas\u0131n (Atas\u00f6zleriyle De\u011ferler E\u011fitimi)"},"content":{"rendered":"<p>Atas\u00f6zleri ve de\u011ferler e\u011fitimi setimizle hem birbirinden e\u011flenceli hik\u00e2yeler okuyacak, hem de atas\u00f6z\u00fc deyimlerin anlamlar\u0131n\u0131 \u00f6\u011freneceksiniz. Dilimizi do\u011fru ve etkili kullanman\u0131n yan\u0131 s\u0131ra toplumsal de\u011ferleri i\u00e7selle\u015ftirme yolculu\u011funda da bu kitaplar sizinle. <\/p>\n","protected":false},"excerpt":{"rendered":"<p>Atas\u00f6zleri ve de\u011ferler e\u011fitimi setimizle hem birbirinden e\u011flenceli hik\u00e2yeler okuyacak, hem de atas\u00f6z\u00fc deyimlerin anlamlar\u0131n\u0131 \u00f6\u011freneceksiniz. Dilimizi do\u011fru ve etkili kullanman\u0131n yan\u0131 s\u0131ra toplumsal de\u011ferleri i\u00e7selle\u015ftirme<span class=\"excerpt-hellip\"> [\u2026]<\/span><\/p>\n","protected":false},"featured_media":0,"template":"","meta":{"_monsterinsights_skip_tracking":false,"_monsterinsights_sitenote_active":false,"_monsterinsights_sitenote_note":"","_monsterinsights_sitenote_category":0},"product_brand":[],"product_cat":[12274,15842],"product_tag":[],"class_list":{"0":"post-756810","1":"product","2":"type-product","3":"status-publish","5":"product_cat-cocuk-ve-genclik-kitaplari","6":"product_cat-egitici-kitaplar","7":"pa_cilt-ciltsiz","8":"pa_tur-kitap","9":"pa_yayinevi-fark-yayinlari","10":"pa_yazar-h-ismail-ozbolat","12":"first","13":"instock","14":"sale","15":"shipping-taxable","16":"purchasable","17":"product-type-simple"},"_links":{"self":[{"href":"https:\/\/roveyayinevi.com.tr\/index.php\/wp-json\/wp\/v2\/product\/756810","targetHints":{"allow":["GET"]}}],"collection":[{"href":"https:\/\/roveyayinevi.com.tr\/index.php\/wp-json\/wp\/v2\/product"}],"about":[{"href":"https:\/\/roveyayinevi.com.tr\/index.php\/wp-json\/wp\/v2\/types\/product"}],"wp:attachment":[{"href":"https:\/\/roveyayinevi.com.tr\/index.php\/wp-json\/wp\/v2\/media?parent=756810"}],"wp:term":[{"taxonomy":"product_brand","embeddable":true,"href":"https:\/\/roveyayinevi.com.tr\/index.php\/wp-json\/wp\/v2\/product_brand?post=756810"},{"taxonomy":"product_cat","embeddable":true,"href":"https:\/\/roveyayinevi.com.tr\/index.php\/wp-json\/wp\/v2\/product_cat?post=756810"},{"taxonomy":"product_tag","embeddable":true,"href":"https:\/\/roveyayinevi.com.tr\/index.php\/wp-json\/wp\/v2\/product_tag?post=756810"}],"curies":[{"name":"wp","href":"https:\/\/api.w.org\/{rel}","templated":true}]}}