{"id":756802,"date":"2025-08-28T07:17:27","date_gmt":"2025-08-28T04:17:27","guid":{"rendered":"https:\/\/roveyayinevi.com.tr\/index.php\/urun\/yaz-ciz-boya-bul-kes-yapistir\/"},"modified":"2026-01-30T03:46:36","modified_gmt":"2026-01-30T00:46:36","slug":"yaz-ciz-boya-bul-kes-yapistir","status":"publish","type":"product","link":"https:\/\/roveyayinevi.com.tr\/index.php\/urun\/yaz-ciz-boya-bul-kes-yapistir\/","title":{"rendered":"Yaz \u00c7iz Boya Bul Kes Yap\u0131\u015ft\u0131r"},"content":{"rendered":"<p>\u00b7         Yeni bir oyun oynamaya haz\u0131r m\u0131s\u0131n? Bu oyunu oynamak i\u00e7in arkada\u015flar\u0131m\u0131z renkli boyalar, renkli ka\u011f\u0131tlar, makas, yap\u0131\u015ft\u0131r\u0131c\u0131, eski gazete ve dergiler&#8230; Bir de kocaman hayal g\u00fcc\u00fc. Haz\u0131rsan ba\u015fla o zaman&#8230; <\/p>\n","protected":false},"excerpt":{"rendered":"<p>\u00b7 Yeni bir oyun oynamaya haz\u0131r m\u0131s\u0131n? Bu oyunu oynamak i\u00e7in arkada\u015flar\u0131m\u0131z renkli boyalar, renkli ka\u011f\u0131tlar, makas, yap\u0131\u015ft\u0131r\u0131c\u0131, eski gazete ve dergiler&#8230; Bir de kocaman hayal<span class=\"excerpt-hellip\"> [\u2026]<\/span><\/p>\n","protected":false},"featured_media":0,"template":"","meta":{"_monsterinsights_skip_tracking":false,"_monsterinsights_sitenote_active":false,"_monsterinsights_sitenote_note":"","_monsterinsights_sitenote_category":0},"product_brand":[],"product_cat":[12644,12274],"product_tag":[],"class_list":{"0":"post-756802","1":"product","2":"type-product","3":"status-publish","5":"product_cat-boyama-kitaplari","6":"product_cat-cocuk-ve-genclik-kitaplari","7":"pa_cilt-ciltsiz","8":"pa_tur-kitap","9":"pa_yayinevi-vova-yayinlari","10":"pa_yazar-kemal-altunboga","12":"first","13":"instock","14":"sale","15":"shipping-taxable","16":"purchasable","17":"product-type-simple"},"_links":{"self":[{"href":"https:\/\/roveyayinevi.com.tr\/index.php\/wp-json\/wp\/v2\/product\/756802","targetHints":{"allow":["GET"]}}],"collection":[{"href":"https:\/\/roveyayinevi.com.tr\/index.php\/wp-json\/wp\/v2\/product"}],"about":[{"href":"https:\/\/roveyayinevi.com.tr\/index.php\/wp-json\/wp\/v2\/types\/product"}],"wp:attachment":[{"href":"https:\/\/roveyayinevi.com.tr\/index.php\/wp-json\/wp\/v2\/media?parent=756802"}],"wp:term":[{"taxonomy":"product_brand","embeddable":true,"href":"https:\/\/roveyayinevi.com.tr\/index.php\/wp-json\/wp\/v2\/product_brand?post=756802"},{"taxonomy":"product_cat","embeddable":true,"href":"https:\/\/roveyayinevi.com.tr\/index.php\/wp-json\/wp\/v2\/product_cat?post=756802"},{"taxonomy":"product_tag","embeddable":true,"href":"https:\/\/roveyayinevi.com.tr\/index.php\/wp-json\/wp\/v2\/product_tag?post=756802"}],"curies":[{"name":"wp","href":"https:\/\/api.w.org\/{rel}","templated":true}]}}