{"id":756799,"date":"2025-08-28T07:17:22","date_gmt":"2025-08-28T04:17:22","guid":{"rendered":"https:\/\/roveyayinevi.com.tr\/index.php\/urun\/mihrimah\/"},"modified":"2026-01-30T03:46:36","modified_gmt":"2026-01-30T00:46:36","slug":"mihrimah","status":"publish","type":"product","link":"https:\/\/roveyayinevi.com.tr\/index.php\/urun\/mihrimah\/","title":{"rendered":"Mihrimah"},"content":{"rendered":"<p>B\u00fcy\u00fck Usta Sinan gibi Sevmek laz\u0131m Onun gibi ilmik ilmik Nak\u015fetmek laz\u0131m eserine A\u015eKI. Sanat\u0131nda ya\u015famal\u0131 ebediyen . <\/p>\n","protected":false},"excerpt":{"rendered":"<p>B\u00fcy\u00fck Usta Sinan gibi Sevmek laz\u0131m Onun gibi ilmik ilmik Nak\u015fetmek laz\u0131m eserine A\u015eKI. Sanat\u0131nda ya\u015famal\u0131 ebediyen .<\/p>\n","protected":false},"featured_media":0,"template":"","meta":{"_monsterinsights_skip_tracking":false,"_monsterinsights_sitenote_active":false,"_monsterinsights_sitenote_note":"","_monsterinsights_sitenote_category":0},"product_brand":[],"product_cat":[12291,12509],"product_tag":[],"class_list":{"0":"post-756799","1":"product","2":"type-product","3":"status-publish","5":"product_cat-edebiyat","6":"product_cat-siir","7":"pa_cilt-ciltsiz","8":"pa_tur-kitap","9":"pa_yayinevi-vova-yayinlari","10":"pa_yazar-hasan-akcin","12":"first","13":"instock","14":"sale","15":"shipping-taxable","16":"purchasable","17":"product-type-simple"},"_links":{"self":[{"href":"https:\/\/roveyayinevi.com.tr\/index.php\/wp-json\/wp\/v2\/product\/756799","targetHints":{"allow":["GET"]}}],"collection":[{"href":"https:\/\/roveyayinevi.com.tr\/index.php\/wp-json\/wp\/v2\/product"}],"about":[{"href":"https:\/\/roveyayinevi.com.tr\/index.php\/wp-json\/wp\/v2\/types\/product"}],"wp:attachment":[{"href":"https:\/\/roveyayinevi.com.tr\/index.php\/wp-json\/wp\/v2\/media?parent=756799"}],"wp:term":[{"taxonomy":"product_brand","embeddable":true,"href":"https:\/\/roveyayinevi.com.tr\/index.php\/wp-json\/wp\/v2\/product_brand?post=756799"},{"taxonomy":"product_cat","embeddable":true,"href":"https:\/\/roveyayinevi.com.tr\/index.php\/wp-json\/wp\/v2\/product_cat?post=756799"},{"taxonomy":"product_tag","embeddable":true,"href":"https:\/\/roveyayinevi.com.tr\/index.php\/wp-json\/wp\/v2\/product_tag?post=756799"}],"curies":[{"name":"wp","href":"https:\/\/api.w.org\/{rel}","templated":true}]}}