{"id":756796,"date":"2025-08-28T07:17:17","date_gmt":"2025-08-28T04:17:17","guid":{"rendered":"https:\/\/roveyayinevi.com.tr\/index.php\/urun\/disney-yasli-cadinin-hikayesi-anneler-bilir\/"},"modified":"2026-04-11T03:18:55","modified_gmt":"2026-04-11T00:18:55","slug":"disney-yasli-cadinin-hikayesi-anneler-bilir","status":"publish","type":"product","link":"https:\/\/roveyayinevi.com.tr\/index.php\/urun\/disney-yasli-cadinin-hikayesi-anneler-bilir\/","title":{"rendered":"Disney Ya\u015fl\u0131 Cad\u0131n\u0131n Hikayesi &#8211; Anneler Bilir"},"content":{"rendered":"<p>Bu hik\u00e2ye, efsanesinin merkezindeki \u00f6r\u00fclm\u00fc\u015f sa\u00e7lar kadar uzun ve karma\u015f\u0131k g\u00f6r\u00fclebilir. Ailesinden ans\u0131z\u0131n ka\u00e7\u0131r\u0131lan masum bir \u00e7ocuk. Iss\u0131z bir kuleye hapsedilen b\u00fcy\u00fcl\u00fc sa\u00e7lara sahip bir k\u0131z. Onu hapseden ve her \u015feyin en iyisini bilen a\u015f\u0131r\u0131 korumac\u0131 bir anne k\u0131l\u0131\u011f\u0131na b\u00fcr\u00fcnen ya\u015fl\u0131 ve zorba bir cad\u0131.    Peki ama Gothel Anne ne biliyor asl\u0131nda? Neden \u00f6m\u00fcr boyu esaretin Rapunzel i\u00e7in en iyisi oldu\u011funu d\u00fc\u015f\u00fcn\u00fcyor? Ger\u00e7ekten prenses ile b\u00fcy\u00fcl\u00fc sa\u00e7lar\u0131n ac\u0131mas\u0131z ve zalim d\u00fcnyadan korumak m\u0131 istiyor yoksa hik\u00e2yenin bilinmeyen taraflar\u0131 m\u0131 var? Bu anlat\u0131 Gothel Anne\u2019nin asl\u0131nda ne bildi\u011fini ve i\u00e7ten i\u00e7e en iyisini neden kendisinin bildi\u011fine inand\u0131\u011f\u0131n\u0131 ortaya \u00e7\u0131karmak i\u00e7in ge\u00e7mi\u015fin derinliklerine iniyor.<\/p>\n","protected":false},"excerpt":{"rendered":"<p>Bu hik\u00e2ye, efsanesinin merkezindeki \u00f6r\u00fclm\u00fc\u015f sa\u00e7lar kadar uzun ve karma\u015f\u0131k g\u00f6r\u00fclebilir. Ailesinden ans\u0131z\u0131n ka\u00e7\u0131r\u0131lan masum bir \u00e7ocuk. Iss\u0131z bir kuleye hapsedilen b\u00fcy\u00fcl\u00fc sa\u00e7lara sahip bir k\u0131z.<span class=\"excerpt-hellip\"> [\u2026]<\/span><\/p>\n","protected":false},"featured_media":0,"template":"","meta":{"_monsterinsights_skip_tracking":false,"_monsterinsights_sitenote_active":false,"_monsterinsights_sitenote_note":"","_monsterinsights_sitenote_category":0},"product_brand":[],"product_cat":[12291,12711],"product_tag":[],"class_list":{"0":"post-756796","1":"product","2":"type-product","3":"status-publish","5":"product_cat-edebiyat","6":"product_cat-roman-oyku","7":"pa_cilt-ciltsiz","8":"pa_tur-kitap","9":"pa_yayinevi-beta-byou","10":"pa_yazar-serena-valentino","12":"first","13":"instock","14":"sale","15":"shipping-taxable","16":"purchasable","17":"product-type-simple"},"_links":{"self":[{"href":"https:\/\/roveyayinevi.com.tr\/index.php\/wp-json\/wp\/v2\/product\/756796","targetHints":{"allow":["GET"]}}],"collection":[{"href":"https:\/\/roveyayinevi.com.tr\/index.php\/wp-json\/wp\/v2\/product"}],"about":[{"href":"https:\/\/roveyayinevi.com.tr\/index.php\/wp-json\/wp\/v2\/types\/product"}],"wp:attachment":[{"href":"https:\/\/roveyayinevi.com.tr\/index.php\/wp-json\/wp\/v2\/media?parent=756796"}],"wp:term":[{"taxonomy":"product_brand","embeddable":true,"href":"https:\/\/roveyayinevi.com.tr\/index.php\/wp-json\/wp\/v2\/product_brand?post=756796"},{"taxonomy":"product_cat","embeddable":true,"href":"https:\/\/roveyayinevi.com.tr\/index.php\/wp-json\/wp\/v2\/product_cat?post=756796"},{"taxonomy":"product_tag","embeddable":true,"href":"https:\/\/roveyayinevi.com.tr\/index.php\/wp-json\/wp\/v2\/product_tag?post=756796"}],"curies":[{"name":"wp","href":"https:\/\/api.w.org\/{rel}","templated":true}]}}