{"id":756795,"date":"2025-08-28T07:17:15","date_gmt":"2025-08-28T04:17:15","guid":{"rendered":"https:\/\/roveyayinevi.com.tr\/index.php\/urun\/disney-manga-6-super-kahraman-vol-1\/"},"modified":"2026-04-11T03:18:55","modified_gmt":"2026-04-11T00:18:55","slug":"disney-manga-6-super-kahraman-vol-1","status":"publish","type":"product","link":"https:\/\/roveyayinevi.com.tr\/index.php\/urun\/disney-manga-6-super-kahraman-vol-1\/","title":{"rendered":"Disney Manga 6 S\u00fcper Kahraman -Vol 1"},"content":{"rendered":"<p>Kahramanlar\u0131m\u0131z yepyeni bir macerayla geri d\u00f6nd\u00fc! San Fransokyo sokaklar\u0131n\u0131 korumak i\u00e7in sava\u015fan Hiro, Baymax, Go Go, Wasabi, Honey Lemon ve Fred&#8217;e kat\u0131l. <\/p>\n","protected":false},"excerpt":{"rendered":"<p>Kahramanlar\u0131m\u0131z yepyeni bir macerayla geri d\u00f6nd\u00fc! San Fransokyo sokaklar\u0131n\u0131 korumak i\u00e7in sava\u015fan Hiro, Baymax, Go Go, Wasabi, Honey Lemon ve Fred&#8217;e kat\u0131l.<\/p>\n","protected":false},"featured_media":0,"template":"","meta":{"_monsterinsights_skip_tracking":false,"_monsterinsights_sitenote_active":false,"_monsterinsights_sitenote_note":"","_monsterinsights_sitenote_category":0},"product_brand":[],"product_cat":[12291,12711],"product_tag":[],"class_list":{"0":"post-756795","1":"product","2":"type-product","3":"status-publish","5":"product_cat-edebiyat","6":"product_cat-roman-oyku","7":"pa_cilt-ciltsiz","8":"pa_tur-kitap","9":"pa_yayinevi-beta-byou","10":"pa_yazar-hong-gyun-an","12":"first","13":"instock","14":"sale","15":"shipping-taxable","16":"purchasable","17":"product-type-simple"},"_links":{"self":[{"href":"https:\/\/roveyayinevi.com.tr\/index.php\/wp-json\/wp\/v2\/product\/756795","targetHints":{"allow":["GET"]}}],"collection":[{"href":"https:\/\/roveyayinevi.com.tr\/index.php\/wp-json\/wp\/v2\/product"}],"about":[{"href":"https:\/\/roveyayinevi.com.tr\/index.php\/wp-json\/wp\/v2\/types\/product"}],"wp:attachment":[{"href":"https:\/\/roveyayinevi.com.tr\/index.php\/wp-json\/wp\/v2\/media?parent=756795"}],"wp:term":[{"taxonomy":"product_brand","embeddable":true,"href":"https:\/\/roveyayinevi.com.tr\/index.php\/wp-json\/wp\/v2\/product_brand?post=756795"},{"taxonomy":"product_cat","embeddable":true,"href":"https:\/\/roveyayinevi.com.tr\/index.php\/wp-json\/wp\/v2\/product_cat?post=756795"},{"taxonomy":"product_tag","embeddable":true,"href":"https:\/\/roveyayinevi.com.tr\/index.php\/wp-json\/wp\/v2\/product_tag?post=756795"}],"curies":[{"name":"wp","href":"https:\/\/api.w.org\/{rel}","templated":true}]}}