{"id":756794,"date":"2025-08-28T07:17:13","date_gmt":"2025-08-28T04:17:13","guid":{"rendered":"https:\/\/roveyayinevi.com.tr\/index.php\/urun\/disney-manga-minik-perinin-gunlugu\/"},"modified":"2026-04-16T03:09:58","modified_gmt":"2026-04-16T00:09:58","slug":"disney-manga-minik-perinin-gunlugu","status":"publish","type":"product","link":"https:\/\/roveyayinevi.com.tr\/index.php\/urun\/disney-manga-minik-perinin-gunlugu\/","title":{"rendered":"Disney Manga Minik Perinin G\u00fcnl\u00fc\u011f\u00fc"},"content":{"rendered":"<p>&#8220;Petite, Neverland&#8217;in en k\u00fc\u00e7\u00fck perisidir. Bir b\u00f6cekten bile daha k\u00fc\u00e7\u00fckt\u00fcr! Petite&#8217;\u0131n k\u00fc\u00e7\u00fck boyutu onu Pixie Hollow&#8217;daki di\u011fer perilerin hepsinden daha sakar yapar. Yak\u0131nda Ay Ziyafeti&#8217;nin gelmesiyle birlikte, t\u00fcm periler yeteneklerini Krali\u00e7e Clarion, ancak Petite hen\u00fcz yetene\u011fini bulamad\u0131! Petite, Ay Ziyafeti&#8217;nden \u00f6nce yetene\u011fini birka\u00e7 g\u00fcn i\u00e7inde bulabilecek mi?Ba\u015fka bir tuhaf macerada Pixie Hollow&#8217;un perilerine kat\u0131l\u0131n!&#8221;<\/p>\n","protected":false},"excerpt":{"rendered":"<p>&#8220;Petite, Neverland&#8217;in en k\u00fc\u00e7\u00fck perisidir. Bir b\u00f6cekten bile daha k\u00fc\u00e7\u00fckt\u00fcr! Petite&#8217;\u0131n k\u00fc\u00e7\u00fck boyutu onu Pixie Hollow&#8217;daki di\u011fer perilerin hepsinden daha sakar yapar. Yak\u0131nda Ay Ziyafeti&#8217;nin gelmesiyle<span class=\"excerpt-hellip\"> [\u2026]<\/span><\/p>\n","protected":false},"featured_media":0,"template":"","meta":{"_monsterinsights_skip_tracking":false,"_monsterinsights_sitenote_active":false,"_monsterinsights_sitenote_note":"","_monsterinsights_sitenote_category":0},"product_brand":[],"product_cat":[12416,12291],"product_tag":[],"class_list":{"0":"post-756794","1":"product","2":"type-product","3":"status-publish","5":"product_cat-cizgi-roman","6":"product_cat-edebiyat","7":"pa_cilt-ciltsiz","8":"pa_tur-kitap","9":"pa_yayinevi-beta-byou","10":"pa_yazar-kolektif","12":"first","13":"instock","14":"sale","15":"shipping-taxable","16":"purchasable","17":"product-type-simple"},"_links":{"self":[{"href":"https:\/\/roveyayinevi.com.tr\/index.php\/wp-json\/wp\/v2\/product\/756794","targetHints":{"allow":["GET"]}}],"collection":[{"href":"https:\/\/roveyayinevi.com.tr\/index.php\/wp-json\/wp\/v2\/product"}],"about":[{"href":"https:\/\/roveyayinevi.com.tr\/index.php\/wp-json\/wp\/v2\/types\/product"}],"wp:attachment":[{"href":"https:\/\/roveyayinevi.com.tr\/index.php\/wp-json\/wp\/v2\/media?parent=756794"}],"wp:term":[{"taxonomy":"product_brand","embeddable":true,"href":"https:\/\/roveyayinevi.com.tr\/index.php\/wp-json\/wp\/v2\/product_brand?post=756794"},{"taxonomy":"product_cat","embeddable":true,"href":"https:\/\/roveyayinevi.com.tr\/index.php\/wp-json\/wp\/v2\/product_cat?post=756794"},{"taxonomy":"product_tag","embeddable":true,"href":"https:\/\/roveyayinevi.com.tr\/index.php\/wp-json\/wp\/v2\/product_tag?post=756794"}],"curies":[{"name":"wp","href":"https:\/\/api.w.org\/{rel}","templated":true}]}}