{"id":756793,"date":"2025-08-28T07:17:11","date_gmt":"2025-08-28T04:17:11","guid":{"rendered":"https:\/\/roveyayinevi.com.tr\/index.php\/urun\/disney-manga-prenses-kurbaga\/"},"modified":"2026-04-16T03:09:58","modified_gmt":"2026-04-16T00:09:58","slug":"disney-manga-prenses-kurbaga","status":"publish","type":"product","link":"https:\/\/roveyayinevi.com.tr\/index.php\/urun\/disney-manga-prenses-kurbaga\/","title":{"rendered":"Disney Manga Prenses Kurba\u011fa"},"content":{"rendered":"<p>Pop\u00fcler Disney filmi &#8220;Prenses ve Kurba\u011fa&#8221;dan esinlenilmi\u015ftir. Tiana, her zaman Louisianna&#8217;n\u0131n en iyi restoran\u0131na sahip olman\u0131n hayalini kuran \u00e7al\u0131\u015fkan bir gen\u00e7 kad\u0131nd\u0131r. R\u00fcyalar\u0131 ters gitti\u011finde ak\u015fam y\u0131ld\u0131z\u0131na bakar ve bir dilek tutar ve onu, hayallerini ger\u00e7ekle\u015ftirece\u011fine s\u00f6z veren kurba\u011fa prensle kar\u015f\u0131 kar\u015f\u0131ya getirir! Anla\u015fmay\u0131 imzalamak i\u00e7in onu \u00f6p\u00fcyor ama sonu\u00e7 Tiana&#8217;n\u0131n hayat\u0131n\u0131 alt \u00fcst ediyor ve ikisini de i\u015fleri yoluna koymak i\u00e7in zamana kar\u015f\u0131 yar\u0131\u015fa s\u00fcr\u00fckl\u00fcyor.   Hayat boyu s\u00fcrecek bir maceraya \u00e7\u0131kan Tiana, Prens Naveen ve Bayou arkada\u015flar\u0131na kat\u0131l\u0131n. Bu b\u00fcy\u00fcl\u00fc manga uyarlamas\u0131, Disney&#8217;in en iyi prenseslerinden birinin b\u00fcy\u00fcleyici hikayesini yeniden anlat\u0131yor. Bunu bug\u00fcn Disney Manga koleksiyonunuza ekleyin!<\/p>\n","protected":false},"excerpt":{"rendered":"<p>Pop\u00fcler Disney filmi &#8220;Prenses ve Kurba\u011fa&#8221;dan esinlenilmi\u015ftir. Tiana, her zaman Louisianna&#8217;n\u0131n en iyi restoran\u0131na sahip olman\u0131n hayalini kuran \u00e7al\u0131\u015fkan bir gen\u00e7 kad\u0131nd\u0131r. R\u00fcyalar\u0131 ters gitti\u011finde ak\u015fam<span class=\"excerpt-hellip\"> [\u2026]<\/span><\/p>\n","protected":false},"featured_media":0,"template":"","meta":{"_monsterinsights_skip_tracking":false,"_monsterinsights_sitenote_active":false,"_monsterinsights_sitenote_note":"","_monsterinsights_sitenote_category":0},"product_brand":[],"product_cat":[12416,12291],"product_tag":[],"class_list":{"0":"post-756793","1":"product","2":"type-product","3":"status-publish","5":"product_cat-cizgi-roman","6":"product_cat-edebiyat","7":"pa_cilt-ciltsiz","8":"pa_tur-kitap","9":"pa_yayinevi-beta-byou","10":"pa_yazar-kolektif","12":"first","13":"instock","14":"sale","15":"shipping-taxable","16":"purchasable","17":"product-type-simple"},"_links":{"self":[{"href":"https:\/\/roveyayinevi.com.tr\/index.php\/wp-json\/wp\/v2\/product\/756793","targetHints":{"allow":["GET"]}}],"collection":[{"href":"https:\/\/roveyayinevi.com.tr\/index.php\/wp-json\/wp\/v2\/product"}],"about":[{"href":"https:\/\/roveyayinevi.com.tr\/index.php\/wp-json\/wp\/v2\/types\/product"}],"wp:attachment":[{"href":"https:\/\/roveyayinevi.com.tr\/index.php\/wp-json\/wp\/v2\/media?parent=756793"}],"wp:term":[{"taxonomy":"product_brand","embeddable":true,"href":"https:\/\/roveyayinevi.com.tr\/index.php\/wp-json\/wp\/v2\/product_brand?post=756793"},{"taxonomy":"product_cat","embeddable":true,"href":"https:\/\/roveyayinevi.com.tr\/index.php\/wp-json\/wp\/v2\/product_cat?post=756793"},{"taxonomy":"product_tag","embeddable":true,"href":"https:\/\/roveyayinevi.com.tr\/index.php\/wp-json\/wp\/v2\/product_tag?post=756793"}],"curies":[{"name":"wp","href":"https:\/\/api.w.org\/{rel}","templated":true}]}}