{"id":756790,"date":"2025-08-28T07:17:05","date_gmt":"2025-08-28T04:17:05","guid":{"rendered":"https:\/\/roveyayinevi.com.tr\/index.php\/urun\/karanlikta-dolasan-sirlar-serisi-3\/"},"modified":"2026-04-16T03:09:58","modified_gmt":"2026-04-16T00:09:58","slug":"karanlikta-dolasan-sirlar-serisi-3","status":"publish","type":"product","link":"https:\/\/roveyayinevi.com.tr\/index.php\/urun\/karanlikta-dolasan-sirlar-serisi-3\/","title":{"rendered":"Karanl\u0131kta Dola\u015fan &#8211;  S\u0131rlar Serisi -3"},"content":{"rendered":"<p>S\u0131rlar Serisi yeni bir gizemle devam ediyor. Ya\u011fmurolu\u011fu Mahallesi\u2019nde yarasalar huzursuz, kan donduran s\u00f6ylentiler kulaktan kula\u011fa yay\u0131l\u0131yor. Terk edilmi\u015f bir binay\u0131 mesken tutmu\u015f bir gizem, Karanl\u0131kta Dola\u015fan, \u00fcrpertici bir hik\u00e2yeden mi ibaret? Peki mahallenin alt\u0131ndaki dehlizlerden \u00e7\u0131kagelen deh\u015fet kimlerin hayat\u0131n\u0131 de\u011fi\u015ftirecek? Deh\u015fetengiz s\u0131rlar\u0131 ortaya \u00e7\u0131karmakta usta olan \u00fc\u00e7 arkada\u015f; Ozan, \u0130lker ve \u00d6yk\u00fc, herkesin uzak durdu\u011fu mek\u00e2nlarda soluk kesen ger\u00e7eklerle y\u00fczle\u015fiyor\u2026 Dikkat! T\u00fcyler \u00fcrpertici bir polisiye roman okumak \u00fczeresiniz <\/p>\n","protected":false},"excerpt":{"rendered":"<p>S\u0131rlar Serisi yeni bir gizemle devam ediyor. Ya\u011fmurolu\u011fu Mahallesi\u2019nde yarasalar huzursuz, kan donduran s\u00f6ylentiler kulaktan kula\u011fa yay\u0131l\u0131yor. Terk edilmi\u015f bir binay\u0131 mesken tutmu\u015f bir gizem, Karanl\u0131kta<span class=\"excerpt-hellip\"> [\u2026]<\/span><\/p>\n","protected":false},"featured_media":0,"template":"","meta":{"_monsterinsights_skip_tracking":false,"_monsterinsights_sitenote_active":false,"_monsterinsights_sitenote_note":"","_monsterinsights_sitenote_category":0},"product_brand":[],"product_cat":[12291,12711],"product_tag":[],"class_list":{"0":"post-756790","1":"product","2":"type-product","3":"status-publish","5":"product_cat-edebiyat","6":"product_cat-roman-oyku","7":"pa_cilt-ciltsiz","8":"pa_tur-kitap","9":"pa_yayinevi-x-libris","10":"pa_yazar-deniz-erbulak","12":"first","13":"instock","14":"sale","15":"shipping-taxable","16":"purchasable","17":"product-type-simple"},"_links":{"self":[{"href":"https:\/\/roveyayinevi.com.tr\/index.php\/wp-json\/wp\/v2\/product\/756790","targetHints":{"allow":["GET"]}}],"collection":[{"href":"https:\/\/roveyayinevi.com.tr\/index.php\/wp-json\/wp\/v2\/product"}],"about":[{"href":"https:\/\/roveyayinevi.com.tr\/index.php\/wp-json\/wp\/v2\/types\/product"}],"wp:attachment":[{"href":"https:\/\/roveyayinevi.com.tr\/index.php\/wp-json\/wp\/v2\/media?parent=756790"}],"wp:term":[{"taxonomy":"product_brand","embeddable":true,"href":"https:\/\/roveyayinevi.com.tr\/index.php\/wp-json\/wp\/v2\/product_brand?post=756790"},{"taxonomy":"product_cat","embeddable":true,"href":"https:\/\/roveyayinevi.com.tr\/index.php\/wp-json\/wp\/v2\/product_cat?post=756790"},{"taxonomy":"product_tag","embeddable":true,"href":"https:\/\/roveyayinevi.com.tr\/index.php\/wp-json\/wp\/v2\/product_tag?post=756790"}],"curies":[{"name":"wp","href":"https:\/\/api.w.org\/{rel}","templated":true}]}}