{"id":756789,"date":"2025-08-28T07:17:04","date_gmt":"2025-08-28T04:17:04","guid":{"rendered":"https:\/\/roveyayinevi.com.tr\/index.php\/urun\/disney-atkuyrugu-ciftligi-fedakar-philippe-3\/"},"modified":"2026-04-16T03:09:58","modified_gmt":"2026-04-16T00:09:58","slug":"disney-atkuyrugu-ciftligi-fedakar-philippe-3","status":"publish","type":"product","link":"https:\/\/roveyayinevi.com.tr\/index.php\/urun\/disney-atkuyrugu-ciftligi-fedakar-philippe-3\/","title":{"rendered":"Disney Atkuyru\u011fu \u00c7iftli\u011fi Fedakar Philippe -3"},"content":{"rendered":"<p>New York Times&#8217;\u0131n en \u00e7ok satan Never Girls kitab\u0131n\u0131n yazar\u0131 Kiki Thorpe&#8217;un yeni ve b\u00fcy\u00fcl\u00fc bir kitap serisi.   Maddie ve k\u0131z karde\u015fi Evie, aileleriyle birlikte b\u00fcy\u00fck \u015fehirden Horsetail Hollow adl\u0131 bir \u00e7iftli\u011fe ta\u015f\u0131nd\u0131klar\u0131ndan beri, birbiri ard\u0131na b\u00fcy\u00fcl\u00fc bir macera ya\u015fand\u0131. Kar\u0131\u015f\u0131k bir dilek, masal d\u00fcnyalar\u0131ndan atlar\u0131 \u00e7iftliklerine getiriyor ve onlar\u0131n sonsuza dek mutlu ya\u015famalar\u0131na yard\u0131m edebilecek tek ki\u015fi k\u0131z karde\u015fler!Art\u0131k Maddie ve Evie peri masallar\u0131nda atlar\u0131 b\u0131rakma konusunda anla\u015ft\u0131lar; sonu\u00e7ta peri masallar\u0131n\u0131n onlara ihtiyac\u0131 var! Ancak Evie&#8217;nin do\u011fum g\u00fcn\u00fc dile\u011fi ger\u00e7ekle\u015fmeyecek gibi g\u00f6r\u00fcn\u00fcnce k\u0131zlar kendilerini tekrar dilek kuyusunun ba\u015f\u0131nda bulur. Belle&#8217;yi ar\u0131yorlar ama g\u00fcn\u00fc kurtaracak ki\u015fi onun at\u0131 Philippe&#8217;tir!<\/p>\n","protected":false},"excerpt":{"rendered":"<p>New York Times&#8217;\u0131n en \u00e7ok satan Never Girls kitab\u0131n\u0131n yazar\u0131 Kiki Thorpe&#8217;un yeni ve b\u00fcy\u00fcl\u00fc bir kitap serisi. Maddie ve k\u0131z karde\u015fi Evie, aileleriyle birlikte b\u00fcy\u00fck<span class=\"excerpt-hellip\"> [\u2026]<\/span><\/p>\n","protected":false},"featured_media":0,"template":"","meta":{"_monsterinsights_skip_tracking":false,"_monsterinsights_sitenote_active":false,"_monsterinsights_sitenote_note":"","_monsterinsights_sitenote_category":0},"product_brand":[],"product_cat":[12274,12284],"product_tag":[],"class_list":{"0":"post-756789","1":"product","2":"type-product","3":"status-publish","5":"product_cat-cocuk-ve-genclik-kitaplari","6":"product_cat-hikayeler","7":"pa_cilt-ciltsiz","8":"pa_tur-kitap","9":"pa_yayinevi-beta-kids","10":"pa_yazar-kiki-thorpe","12":"first","13":"instock","14":"sale","15":"shipping-taxable","16":"purchasable","17":"product-type-simple"},"_links":{"self":[{"href":"https:\/\/roveyayinevi.com.tr\/index.php\/wp-json\/wp\/v2\/product\/756789","targetHints":{"allow":["GET"]}}],"collection":[{"href":"https:\/\/roveyayinevi.com.tr\/index.php\/wp-json\/wp\/v2\/product"}],"about":[{"href":"https:\/\/roveyayinevi.com.tr\/index.php\/wp-json\/wp\/v2\/types\/product"}],"wp:attachment":[{"href":"https:\/\/roveyayinevi.com.tr\/index.php\/wp-json\/wp\/v2\/media?parent=756789"}],"wp:term":[{"taxonomy":"product_brand","embeddable":true,"href":"https:\/\/roveyayinevi.com.tr\/index.php\/wp-json\/wp\/v2\/product_brand?post=756789"},{"taxonomy":"product_cat","embeddable":true,"href":"https:\/\/roveyayinevi.com.tr\/index.php\/wp-json\/wp\/v2\/product_cat?post=756789"},{"taxonomy":"product_tag","embeddable":true,"href":"https:\/\/roveyayinevi.com.tr\/index.php\/wp-json\/wp\/v2\/product_tag?post=756789"}],"curies":[{"name":"wp","href":"https:\/\/api.w.org\/{rel}","templated":true}]}}