{"id":756788,"date":"2025-08-28T07:17:02","date_gmt":"2025-08-28T04:17:02","guid":{"rendered":"https:\/\/roveyayinevi.com.tr\/index.php\/urun\/disney-atkuyrugu-ciftligi-akilli-angus-2\/"},"modified":"2026-04-16T03:09:58","modified_gmt":"2026-04-16T00:09:58","slug":"disney-atkuyrugu-ciftligi-akilli-angus-2","status":"publish","type":"product","link":"https:\/\/roveyayinevi.com.tr\/index.php\/urun\/disney-atkuyrugu-ciftligi-akilli-angus-2\/","title":{"rendered":"Disney Atkuyru\u011fu \u00c7iftli\u011fi Ak\u0131ll\u0131 Angus -2"},"content":{"rendered":"<p>New York Times&#8217;\u0131n en \u00e7ok satan Never Girls kitab\u0131n\u0131n yazar\u0131 Kiki Thorpe&#8217;un yeni ve b\u00fcy\u00fcl\u00fc bir kitap serisi.   Maddie ve k\u0131z karde\u015fi Evie, sihirli bir dilek kuyusunun bulundu\u011fu bir \u00e7iftlikte ya\u015f\u0131yorlar. Maddie atlar\u0131 seviyor. Evie peri masallar\u0131 hakk\u0131nda bilinmesi gereken her \u015feyi biliyor. Kar\u0131\u015f\u0131k bir dilek hayatlar\u0131na Maximus ad\u0131nda bir masal at\u0131 girince, onu eve geri d\u00f6nd\u00fcrmenin bir yolunu bulmak zorunda kald\u0131lar. Sonsuza dek mutluluk buna ba\u011fl\u0131yd\u0131!Ancak tam maceralar\u0131n\u0131n bitti\u011fini d\u00fc\u015f\u00fcnd\u00fckleri s\u0131rada Angus ad\u0131nda g\u00fczel bir Shire at\u0131 ortaya \u00e7\u0131kar. . . ve kaderlerini de\u011fi\u015ftirir.<\/p>\n","protected":false},"excerpt":{"rendered":"<p>New York Times&#8217;\u0131n en \u00e7ok satan Never Girls kitab\u0131n\u0131n yazar\u0131 Kiki Thorpe&#8217;un yeni ve b\u00fcy\u00fcl\u00fc bir kitap serisi. Maddie ve k\u0131z karde\u015fi Evie, sihirli bir dilek<span class=\"excerpt-hellip\"> [\u2026]<\/span><\/p>\n","protected":false},"featured_media":0,"template":"","meta":{"_monsterinsights_skip_tracking":false,"_monsterinsights_sitenote_active":false,"_monsterinsights_sitenote_note":"","_monsterinsights_sitenote_category":0},"product_brand":[],"product_cat":[12274,12284],"product_tag":[],"class_list":{"0":"post-756788","1":"product","2":"type-product","3":"status-publish","5":"product_cat-cocuk-ve-genclik-kitaplari","6":"product_cat-hikayeler","7":"pa_cilt-ciltsiz","8":"pa_tur-kitap","9":"pa_yayinevi-beta-kids","10":"pa_yazar-kiki-thorpe","12":"first","13":"instock","14":"sale","15":"shipping-taxable","16":"purchasable","17":"product-type-simple"},"_links":{"self":[{"href":"https:\/\/roveyayinevi.com.tr\/index.php\/wp-json\/wp\/v2\/product\/756788","targetHints":{"allow":["GET"]}}],"collection":[{"href":"https:\/\/roveyayinevi.com.tr\/index.php\/wp-json\/wp\/v2\/product"}],"about":[{"href":"https:\/\/roveyayinevi.com.tr\/index.php\/wp-json\/wp\/v2\/types\/product"}],"wp:attachment":[{"href":"https:\/\/roveyayinevi.com.tr\/index.php\/wp-json\/wp\/v2\/media?parent=756788"}],"wp:term":[{"taxonomy":"product_brand","embeddable":true,"href":"https:\/\/roveyayinevi.com.tr\/index.php\/wp-json\/wp\/v2\/product_brand?post=756788"},{"taxonomy":"product_cat","embeddable":true,"href":"https:\/\/roveyayinevi.com.tr\/index.php\/wp-json\/wp\/v2\/product_cat?post=756788"},{"taxonomy":"product_tag","embeddable":true,"href":"https:\/\/roveyayinevi.com.tr\/index.php\/wp-json\/wp\/v2\/product_tag?post=756788"}],"curies":[{"name":"wp","href":"https:\/\/api.w.org\/{rel}","templated":true}]}}