{"id":756787,"date":"2025-08-28T07:17:00","date_gmt":"2025-08-28T04:17:00","guid":{"rendered":"https:\/\/roveyayinevi.com.tr\/index.php\/urun\/disney-atkuyrugu-ciftligi-muhtesem-maksimus-1\/"},"modified":"2026-04-16T03:09:58","modified_gmt":"2026-04-16T00:09:58","slug":"disney-atkuyrugu-ciftligi-muhtesem-maksimus-1","status":"publish","type":"product","link":"https:\/\/roveyayinevi.com.tr\/index.php\/urun\/disney-atkuyrugu-ciftligi-muhtesem-maksimus-1\/","title":{"rendered":"Disney Atkuyru\u011fu \u00c7iftli\u011fi Muhte\u015fem Maksimus -1"},"content":{"rendered":"<p>New York Times&#8217;\u0131n en \u00e7ok satan Never Girls kitab\u0131n\u0131n yazar\u0131 Kiki Thorpe&#8217;un yeni ve b\u00fcy\u00fcl\u00fc bir kitap serisi.   Maddie ve k\u0131z karde\u015fi Evie, aileleriyle birlikte b\u00fcy\u00fck \u015fehirden Horsetail Hollow adl\u0131 bir \u00e7iftli\u011fe yeni ta\u015f\u0131nd\u0131lar. Maddie kendine ait bir at\u0131n hayalini kurar. Evie en sevdi\u011fi masal kitab\u0131n\u0131 okumay\u0131 tercih ederdi. Bu \u00e7iftlikte atlar\u0131n ya da masal prenseslerinin olmad\u0131\u011f\u0131n\u0131 \u00f6\u011frenince hayal k\u0131r\u0131kl\u0131\u011f\u0131na u\u011frarlar.Ama bir dilek kuyusu var. . . .<\/p>\n","protected":false},"excerpt":{"rendered":"<p>New York Times&#8217;\u0131n en \u00e7ok satan Never Girls kitab\u0131n\u0131n yazar\u0131 Kiki Thorpe&#8217;un yeni ve b\u00fcy\u00fcl\u00fc bir kitap serisi. Maddie ve k\u0131z karde\u015fi Evie, aileleriyle birlikte b\u00fcy\u00fck<span class=\"excerpt-hellip\"> [\u2026]<\/span><\/p>\n","protected":false},"featured_media":0,"template":"","meta":{"_monsterinsights_skip_tracking":false,"_monsterinsights_sitenote_active":false,"_monsterinsights_sitenote_note":"","_monsterinsights_sitenote_category":0},"product_brand":[],"product_cat":[12274],"product_tag":[],"class_list":{"0":"post-756787","1":"product","2":"type-product","3":"status-publish","5":"product_cat-cocuk-ve-genclik-kitaplari","6":"pa_cilt-ciltsiz","7":"pa_tur-kitap","8":"pa_yayinevi-beta-kids","9":"pa_yazar-kiki-thorpe","11":"first","12":"instock","13":"sale","14":"shipping-taxable","15":"purchasable","16":"product-type-simple"},"_links":{"self":[{"href":"https:\/\/roveyayinevi.com.tr\/index.php\/wp-json\/wp\/v2\/product\/756787","targetHints":{"allow":["GET"]}}],"collection":[{"href":"https:\/\/roveyayinevi.com.tr\/index.php\/wp-json\/wp\/v2\/product"}],"about":[{"href":"https:\/\/roveyayinevi.com.tr\/index.php\/wp-json\/wp\/v2\/types\/product"}],"wp:attachment":[{"href":"https:\/\/roveyayinevi.com.tr\/index.php\/wp-json\/wp\/v2\/media?parent=756787"}],"wp:term":[{"taxonomy":"product_brand","embeddable":true,"href":"https:\/\/roveyayinevi.com.tr\/index.php\/wp-json\/wp\/v2\/product_brand?post=756787"},{"taxonomy":"product_cat","embeddable":true,"href":"https:\/\/roveyayinevi.com.tr\/index.php\/wp-json\/wp\/v2\/product_cat?post=756787"},{"taxonomy":"product_tag","embeddable":true,"href":"https:\/\/roveyayinevi.com.tr\/index.php\/wp-json\/wp\/v2\/product_tag?post=756787"}],"curies":[{"name":"wp","href":"https:\/\/api.w.org\/{rel}","templated":true}]}}