{"id":756785,"date":"2025-08-28T07:16:57","date_gmt":"2025-08-28T04:16:57","guid":{"rendered":"https:\/\/roveyayinevi.com.tr\/index.php\/urun\/gercek-askin-laneti\/"},"modified":"2026-04-16T03:09:57","modified_gmt":"2026-04-16T00:09:57","slug":"gercek-askin-laneti","status":"publish","type":"product","link":"https:\/\/roveyayinevi.com.tr\/index.php\/urun\/gercek-askin-laneti\/","title":{"rendered":"Ger\u00e7ek A\u015fk\u0131n Laneti"},"content":{"rendered":"<p>Hayal kur, umut et ve sihre inanmaktan hi\u00e7 vazge\u00e7me, t\u0131pk\u0131 Evangeline gibi&#8230;   New York Times\u2019\u0131n \u00e7ok satan yazar\u0131 Stephanie Garber\u2019dan Caraval serisinin sihirli evreninde ge\u00e7en lanetli a\u015fk \u00fc\u00e7lemesi K\u0131r\u0131k Bir Kalp, muhte\u015fem bir sona ula\u015f\u0131yor\u2026 \u015eimdilik.   Bir g\u00fcn mutlaka kendini bir peri masal\u0131nda bulaca\u011f\u0131na inanan Evangeline Fox, mutlu sona ula\u015fmak i\u00e7in Muhte\u015fem Kuzey\u2019e gitti. Burada yak\u0131\u015f\u0131kl\u0131 bir prensle evlendi ve efsanevi bir \u015fatoda ya\u015famaya ba\u015flad\u0131. Ancak Evangeline\u2019in bu masal i\u00e7in \u00f6dedi\u011fi y\u0131k\u0131c\u0131 bedelden haberi yok. Ve kocas\u0131 bunu \u00f6\u011frenmemesi i\u00e7in gereken her \u015feyi yapmaya kararl\u0131 ama \u00f6nce Kupa Prensi\u2019ni \u00f6ld\u00fcrmesi gerekiyor.   \u0130ki adam, bir kad\u0131n ve sonsuza dek mutluluk i\u00e7in \u00f6l\u00fcmc\u00fcl bir sava\u015f. Ger\u00e7ek A\u015fk\u0131n Laneti\u2019ndekan d\u00f6k\u00fclecek, kalpler \u00e7al\u0131nacak ve b\u00fcy\u00fck bir s\u0131r ortaya \u00e7\u0131kacak.   \u201cStephanie Garber, peri masallar\u0131n\u0131n tart\u0131\u015fmas\u0131z krali\u00e7esi. Onun d\u00fcnyas\u0131na dalar dalmaz, b\u00fcy\u00fcn\u00fcn, hilenin ve tutkunun i\u00e7inde mutlulukla kayboluyorsunuz.\u201dMary E. Pearson     Hayal kur, umut et ve sihre inanmaktan hi\u00e7 vazge\u00e7me, t\u0131pk\u0131 Evangeline gibi&#8230;   New York Times\u2019\u0131n \u00e7ok satan yazar\u0131 Stephanie Garber\u2019dan Caraval serisinin sihirli evreninde ge\u00e7en lanetli a\u015fk \u00fc\u00e7lemesi K\u0131r\u0131k Bir Kalp, muhte\u015fem bir sona ula\u015f\u0131yor\u2026 \u015eimdilik.   Bir g\u00fcn mutlaka kendini bir peri masal\u0131nda bulaca\u011f\u0131na inanan Evangeline Fox, mutlu sona ula\u015fmak i\u00e7in Muhte\u015fem Kuzey\u2019e gitti. Burada yak\u0131\u015f\u0131kl\u0131 bir prensle evlendi ve efsanevi bir \u015fatoda ya\u015famaya ba\u015flad\u0131. Ancak Evangeline\u2019in bu masal i\u00e7in \u00f6dedi\u011fi y\u0131k\u0131c\u0131 bedelden haberi yok. Ve kocas\u0131 bunu \u00f6\u011frenmemesi i\u00e7in gereken her \u015feyi yapmaya kararl\u0131 ama \u00f6nce Kupa Prensi\u2019ni \u00f6ld\u00fcrmesi gerekiyor.   \u0130ki adam, bir kad\u0131n ve sonsuza dek mutluluk i\u00e7in \u00f6l\u00fcmc\u00fcl bir sava\u015f. Ger\u00e7ek A\u015fk\u0131n Laneti\u2019ndekan d\u00f6k\u00fclecek, kalpler \u00e7al\u0131nacak ve b\u00fcy\u00fck bir s\u0131r ortaya \u00e7\u0131kacak.   \u201cStephanie Garber, peri masallar\u0131n\u0131n tart\u0131\u015fmas\u0131z krali\u00e7esi. Onun d\u00fcnyas\u0131na dalar dalmaz, b\u00fcy\u00fcn\u00fcn, hilenin ve tutkunun i\u00e7inde mutlulukla kayboluyorsunuz.\u201dMary E. Pearson <\/p>\n","protected":false},"excerpt":{"rendered":"<p>Hayal kur, umut et ve sihre inanmaktan hi\u00e7 vazge\u00e7me, t\u0131pk\u0131 Evangeline gibi&#8230; New York Times\u2019\u0131n \u00e7ok satan yazar\u0131 Stephanie Garber\u2019dan Caraval serisinin sihirli evreninde ge\u00e7en lanetli<span class=\"excerpt-hellip\"> [\u2026]<\/span><\/p>\n","protected":false},"featured_media":0,"template":"","meta":{"_monsterinsights_skip_tracking":false,"_monsterinsights_sitenote_active":false,"_monsterinsights_sitenote_note":"","_monsterinsights_sitenote_category":0},"product_brand":[],"product_cat":[12291,14777],"product_tag":[],"class_list":{"0":"post-756785","1":"product","2":"type-product","3":"status-publish","5":"product_cat-edebiyat","6":"product_cat-fantastik","7":"pa_cilt-ciltsiz","8":"pa_tur-kitap","9":"pa_yayinevi-dex-yayinevi","10":"pa_yazar-stephanie-garber","12":"first","13":"instock","14":"sale","15":"shipping-taxable","16":"purchasable","17":"product-type-simple"},"_links":{"self":[{"href":"https:\/\/roveyayinevi.com.tr\/index.php\/wp-json\/wp\/v2\/product\/756785","targetHints":{"allow":["GET"]}}],"collection":[{"href":"https:\/\/roveyayinevi.com.tr\/index.php\/wp-json\/wp\/v2\/product"}],"about":[{"href":"https:\/\/roveyayinevi.com.tr\/index.php\/wp-json\/wp\/v2\/types\/product"}],"wp:attachment":[{"href":"https:\/\/roveyayinevi.com.tr\/index.php\/wp-json\/wp\/v2\/media?parent=756785"}],"wp:term":[{"taxonomy":"product_brand","embeddable":true,"href":"https:\/\/roveyayinevi.com.tr\/index.php\/wp-json\/wp\/v2\/product_brand?post=756785"},{"taxonomy":"product_cat","embeddable":true,"href":"https:\/\/roveyayinevi.com.tr\/index.php\/wp-json\/wp\/v2\/product_cat?post=756785"},{"taxonomy":"product_tag","embeddable":true,"href":"https:\/\/roveyayinevi.com.tr\/index.php\/wp-json\/wp\/v2\/product_tag?post=756785"}],"curies":[{"name":"wp","href":"https:\/\/api.w.org\/{rel}","templated":true}]}}