{"id":756784,"date":"2025-08-28T07:16:55","date_gmt":"2025-08-28T04:16:55","guid":{"rendered":"https:\/\/roveyayinevi.com.tr\/index.php\/urun\/baska-kuslar\/"},"modified":"2026-04-16T03:09:57","modified_gmt":"2026-04-16T00:09:57","slug":"baska-kuslar","status":"publish","type":"product","link":"https:\/\/roveyayinevi.com.tr\/index.php\/urun\/baska-kuslar\/","title":{"rendered":"Ba\u015fka Ku\u015flar"},"content":{"rendered":"<p>Sarah Addison Allen, b\u0131rak\u0131p gitmeyi ve \u00f6zg\u00fcrce ya\u015famay\u0131 kucaklayan lirik bir gizem anlat\u0131s\u0131 Ba\u015fka Ku\u015flar\u2019da hayal ve ger\u00e7ek aras\u0131nda, en s\u0131ra d\u0131\u015f\u0131 \u015fekillerde u\u00e7u\u015fan hik\u00e2yeler oldu\u011funu g\u00f6steriyor.   G\u00fcney Carolina\u2019n\u0131n k\u00fc\u00e7\u00fck sahil kasabas\u0131 Ebeg\u00fcmeci Adas\u0131\u2019nda dar bir sokakta, be\u015f daireden olu\u015fan, Bilgecik ad\u0131nda g\u00f6z al\u0131c\u0131 bir ta\u015f bina yer al\u0131r. Bina ad\u0131n\u0131, insan kirac\u0131lar\u0131n\u0131n yan\u0131 s\u0131ra b\u00fcy\u00fcl\u00fc bir gizlilik havas\u0131nda ya\u015fayan minik turkuaz rengi ku\u015flardan alm\u0131\u015ft\u0131r.   Zoey Hennessey, \u00f6len annesinin Bilgecik Apartman\u0131\u2019ndaki dairesini almaya geldi\u011finde, ka\u00e7ak bir k\u0131z, keyif verici yemekleri kendisini hi\u00e7 de rahatlatmayan kederli bir \u015fef, birbirine yabanc\u0131la\u015fm\u0131\u015f orta ya\u015fl\u0131 iki k\u0131z karde\u015f ve \u00fc\u00e7 hayalet dahil olmak \u00fczere ilgin\u00e7, esrarengiz kom\u015fular\u0131yla tan\u0131\u015f\u0131r. Her birinin kendi hik\u00e2yesi vard\u0131r, kendi \u00f6zlemleri vard\u0131r.   Zoey, \u00e7ok ge\u00e7meden, burada yar\u0131m kalm\u0131\u015f pek \u00e7ok hik\u00e2ye oldu\u011funu ve \u00e7evresindeki insanlar\u0131n en az kendisi kadar ge\u00e7mi\u015fin yanl\u0131\u015flar\u0131ndan ar\u0131nmaya ihtiya\u00e7 duydu\u011funu ke\u015ffeder. Yollar\u0131n\u0131 bulmak i\u00e7in birbirlerine nas\u0131l g\u00fcveneceklerini, en derin korkular\u0131yla nas\u0131l y\u00fczle\u015feceklerini ve onlar\u0131 rahats\u0131z eden \u015feyleri nas\u0131l geride b\u0131rakacaklar\u0131n\u0131 \u00f6\u011frenmek zorundad\u0131rlar.   ***** \u201cBa\u015fka Ku\u015flar benzersizli\u011fiyle beni b\u00fcy\u00fcledi. Bir hayalet hik\u00e2yesi mi? Bir k\u0131z ve onun hayali g\u00fcvercini hakk\u0131nda bir peri masal\u0131 m\u0131? Zor ko\u015fullarda hayatta kalmay\u0131 ba\u015farm\u0131\u015f bir grubun karakter \u00e7al\u0131\u015fmas\u0131 m\u0131? Y\u0131l\u0131n en sevdi\u011fim kitaplar\u0131ndan biri olmas\u0131n\u0131n yan\u0131 s\u0131ra bunlar\u0131n hepsi.\u201d &#8211; Colleen Oakley <\/p>\n","protected":false},"excerpt":{"rendered":"<p>Sarah Addison Allen, b\u0131rak\u0131p gitmeyi ve \u00f6zg\u00fcrce ya\u015famay\u0131 kucaklayan lirik bir gizem anlat\u0131s\u0131 Ba\u015fka Ku\u015flar\u2019da hayal ve ger\u00e7ek aras\u0131nda, en s\u0131ra d\u0131\u015f\u0131 \u015fekillerde u\u00e7u\u015fan hik\u00e2yeler oldu\u011funu<span class=\"excerpt-hellip\"> [\u2026]<\/span><\/p>\n","protected":false},"featured_media":0,"template":"","meta":{"_monsterinsights_skip_tracking":false,"_monsterinsights_sitenote_active":false,"_monsterinsights_sitenote_note":"","_monsterinsights_sitenote_category":0},"product_brand":[],"product_cat":[12291,12711],"product_tag":[],"class_list":{"0":"post-756784","1":"product","2":"type-product","3":"status-publish","5":"product_cat-edebiyat","6":"product_cat-roman-oyku","7":"pa_cilt-ciltsiz","8":"pa_tur-kitap","9":"pa_yayinevi-eksik-parca-yayinlari","10":"pa_yazar-sarah-addison-allen","12":"first","13":"instock","14":"sale","15":"shipping-taxable","16":"purchasable","17":"product-type-simple"},"_links":{"self":[{"href":"https:\/\/roveyayinevi.com.tr\/index.php\/wp-json\/wp\/v2\/product\/756784","targetHints":{"allow":["GET"]}}],"collection":[{"href":"https:\/\/roveyayinevi.com.tr\/index.php\/wp-json\/wp\/v2\/product"}],"about":[{"href":"https:\/\/roveyayinevi.com.tr\/index.php\/wp-json\/wp\/v2\/types\/product"}],"wp:attachment":[{"href":"https:\/\/roveyayinevi.com.tr\/index.php\/wp-json\/wp\/v2\/media?parent=756784"}],"wp:term":[{"taxonomy":"product_brand","embeddable":true,"href":"https:\/\/roveyayinevi.com.tr\/index.php\/wp-json\/wp\/v2\/product_brand?post=756784"},{"taxonomy":"product_cat","embeddable":true,"href":"https:\/\/roveyayinevi.com.tr\/index.php\/wp-json\/wp\/v2\/product_cat?post=756784"},{"taxonomy":"product_tag","embeddable":true,"href":"https:\/\/roveyayinevi.com.tr\/index.php\/wp-json\/wp\/v2\/product_tag?post=756784"}],"curies":[{"name":"wp","href":"https:\/\/api.w.org\/{rel}","templated":true}]}}