{"id":756781,"date":"2025-08-28T07:16:50","date_gmt":"2025-08-28T04:16:50","guid":{"rendered":"https:\/\/roveyayinevi.com.tr\/index.php\/urun\/filtresiz-bir-dunya-mumkun\/"},"modified":"2026-04-16T03:09:57","modified_gmt":"2026-04-16T00:09:57","slug":"filtresiz-bir-dunya-mumkun","status":"publish","type":"product","link":"https:\/\/roveyayinevi.com.tr\/index.php\/urun\/filtresiz-bir-dunya-mumkun\/","title":{"rendered":"Filtresiz Bir D\u00fcnya M\u00fcmk\u00fcn"},"content":{"rendered":"<p>\u2022  G\u00fczellik neydi, ne oldu, ne olacak? \u2022 G\u00fczelle\u015fmek i\u00e7in \u00f6nce \u00e7irkinle\u015fmeyi mi g\u00f6ze almal\u0131s\u0131n? \u2022 Estetik uygulamalar asl\u0131nda bir ill\u00fczyondan m\u0131 ibaret? \u2022 Aynalar yalan s\u00f6yler mi? \u2022 Esteti\u011fe d\u00fc\u015fk\u00fcn insanlar asl\u0131nda mutsuz mu? \u2022 Kad\u0131nlar m\u0131, yoksa erkekler mi estetik merakl\u0131s\u0131? \u2022 Estetik facialar\u0131 neden, nas\u0131l olur?   Plastik Rekonstr\u00fcktif ve Estetik Cerrahi Uzman\u0131 Dr. Serdar Bora Bayraktaro\u011flu, bu sorulardan yola \u00e7\u0131karak tarihte g\u00fczelli\u011fin izini s\u00fcr\u00fcyor ve g\u00fcn\u00fcm\u00fcz modern insan\u0131 i\u00e7in giderek daha da \u00f6nem kazanan y\u00fcz germe, meme ve burun esteti\u011fi, liposuction, botoks gibi estetik cerrahiyle ilgili bilinmesi gerekenleri ayr\u0131nt\u0131lar\u0131yla aktar\u0131yor bizlere. Aynalarla olan ili\u015fkimizi etkileyen bu \u201cde\u011fi\u015fim\u201d iste\u011finin ve m\u00fckemmeli aray\u0131\u015f\u0131m\u0131z\u0131n nedenlerini ve sonu\u00e7lar\u0131n\u0131 anlamaya \u00e7al\u0131\u015f\u0131rken \u201cKimin neye, ger\u00e7ekten ne kadar ihtiyac\u0131 var?\u201d sorusuna da yan\u0131t veriyor.   Elbette bizi en iyi halimize getiren \u00e7\u00f6z\u00fcmler sunarak\u2026 <\/p>\n","protected":false},"excerpt":{"rendered":"<p>\u2022 G\u00fczellik neydi, ne oldu, ne olacak? \u2022 G\u00fczelle\u015fmek i\u00e7in \u00f6nce \u00e7irkinle\u015fmeyi mi g\u00f6ze almal\u0131s\u0131n? \u2022 Estetik uygulamalar asl\u0131nda bir ill\u00fczyondan m\u0131 ibaret? \u2022 Aynalar yalan<span class=\"excerpt-hellip\"> [\u2026]<\/span><\/p>\n","protected":false},"featured_media":0,"template":"","meta":{"_monsterinsights_skip_tracking":false,"_monsterinsights_sitenote_active":false,"_monsterinsights_sitenote_note":"","_monsterinsights_sitenote_category":0},"product_brand":[],"product_cat":[13366,13365],"product_tag":[],"class_list":{"0":"post-756781","1":"product","2":"type-product","3":"status-publish","5":"product_cat-diger-saglik","6":"product_cat-saglik","7":"pa_cilt-ciltsiz","8":"pa_tur-kitap","9":"pa_yayinevi-dogan-solibri-yayinlari","10":"pa_yazar-serdar-bora-bayraktaroglu","12":"first","13":"instock","14":"sale","15":"shipping-taxable","16":"purchasable","17":"product-type-simple"},"_links":{"self":[{"href":"https:\/\/roveyayinevi.com.tr\/index.php\/wp-json\/wp\/v2\/product\/756781","targetHints":{"allow":["GET"]}}],"collection":[{"href":"https:\/\/roveyayinevi.com.tr\/index.php\/wp-json\/wp\/v2\/product"}],"about":[{"href":"https:\/\/roveyayinevi.com.tr\/index.php\/wp-json\/wp\/v2\/types\/product"}],"wp:attachment":[{"href":"https:\/\/roveyayinevi.com.tr\/index.php\/wp-json\/wp\/v2\/media?parent=756781"}],"wp:term":[{"taxonomy":"product_brand","embeddable":true,"href":"https:\/\/roveyayinevi.com.tr\/index.php\/wp-json\/wp\/v2\/product_brand?post=756781"},{"taxonomy":"product_cat","embeddable":true,"href":"https:\/\/roveyayinevi.com.tr\/index.php\/wp-json\/wp\/v2\/product_cat?post=756781"},{"taxonomy":"product_tag","embeddable":true,"href":"https:\/\/roveyayinevi.com.tr\/index.php\/wp-json\/wp\/v2\/product_tag?post=756781"}],"curies":[{"name":"wp","href":"https:\/\/api.w.org\/{rel}","templated":true}]}}