{"id":756780,"date":"2025-08-28T07:16:49","date_gmt":"2025-08-28T04:16:49","guid":{"rendered":"https:\/\/roveyayinevi.com.tr\/index.php\/urun\/aydinlanma-3\/"},"modified":"2026-04-16T03:09:57","modified_gmt":"2026-04-16T00:09:57","slug":"aydinlanma-3","status":"publish","type":"product","link":"https:\/\/roveyayinevi.com.tr\/index.php\/urun\/aydinlanma-3\/","title":{"rendered":"Ayd\u0131nlanma"},"content":{"rendered":"<p>\u0130nsan olmak risklidir, risk bir dizi nevrozdan ge\u00e7mek zorunda olmakt\u0131r. Kendi \u00f6z varl\u0131\u011f\u0131n\u0131zda merkezlenmeden \u00f6nce, sizi merkez d\u0131\u015f\u0131na \u00e7\u0131karan bir\u00e7ok tecr\u00fcbeden ge\u00e7mek zorundas\u0131n\u0131z. Zen insanlar\u0131 der ki: Meditasyon yapmaya ba\u015flamadan \u00f6nce da\u011f sadece da\u011fd\u0131r, nehir sadece nehir. Meditasyon yap\u0131nca da\u011flar art\u0131k da\u011f, nehirler art\u0131k nehir de\u011fildir. Ancak \u0131srarc\u0131 olur ve meditasyonun en y\u00fcksek zirvesine \u00e7\u0131karsan\u0131z, o zaman da\u011flar tekrar da\u011f olur ve nehirler tekrar nehir.   \u0130nsan ilk kez bir yarat\u0131c\u0131 olman\u0131n e\u015fi\u011finde. Tarih y\u00f6n de\u011fi\u015ftiriyor, yeni bir bilincin e\u015fi\u011findesiniz.   Kendinizi yarat\u0131n&#8230; Hayat\u0131n\u0131z\u0131n resmini \u00e7izin, kendinizi bir heykel gibi oyun. Her ne olacaksan\u0131z, sizin elinizden \u00e7\u0131kacak. Kader de\u011fil bu, sorumlu sizsiniz.   Osho, kimilerine g\u00f6re bir provokat\u00f6r mistik, \u00fcnl\u00fc yazar Tom Robbins\u2019e g\u00f6re \u201c\u0130sa\u2019dan sonra d\u00fcnyaya gelen en tehlikeli adam\u201d, Sunday Times\u2019a g\u00f6reyse, 20. y\u00fczy\u0131l\u0131n en \u00f6nemli 1000 kurucusundan biri. \u00d6l\u00fcm\u00fcn\u00fcn \u00fczerinden bunca y\u0131l ge\u00e7mesine ra\u011fmen, Osho\u2019nun \u0131\u015f\u0131lt\u0131s\u0131 azalmad\u0131\u011f\u0131 gibi \u00fczerine at\u0131lan ta\u015flar da eksilmedi. Ama o h\u00e2l\u00e2 milyonlarca insan\u0131 pe\u015finden s\u00fcr\u00fckl\u00fcyor.   Osho Ayd\u0131nlanma\u2019da, Bat\u0131 psikolojisinin modern \u00e7a\u011f\u0131n her ge\u00e7en g\u00fcn nevrotikle\u015fen insan\u0131na neden bir \u00e7are olmad\u0131\u011f\u0131n\u0131 o sars\u0131c\u0131 uslubuyla anlatmakla kalm\u0131yor, bu nevrozdan \u00e7\u0131k\u0131\u015f\u0131n ancak ayd\u0131nlanma ile olabilece\u011fini anlat\u0131yor. Her sat\u0131rda kendinize gelmeniz i\u00e7in sizi k\u00f6klerinizden sarsan ve sonunda huzurlu bir k\u0131y\u0131ya ula\u015ft\u0131ran bir kitap, Ayd\u0131nlanma. <\/p>\n","protected":false},"excerpt":{"rendered":"<p>\u0130nsan olmak risklidir, risk bir dizi nevrozdan ge\u00e7mek zorunda olmakt\u0131r. Kendi \u00f6z varl\u0131\u011f\u0131n\u0131zda merkezlenmeden \u00f6nce, sizi merkez d\u0131\u015f\u0131na \u00e7\u0131karan bir\u00e7ok tecr\u00fcbeden ge\u00e7mek zorundas\u0131n\u0131z. Zen insanlar\u0131 der<span class=\"excerpt-hellip\"> [\u2026]<\/span><\/p>\n","protected":false},"featured_media":0,"template":"","meta":{"_monsterinsights_skip_tracking":false,"_monsterinsights_sitenote_active":false,"_monsterinsights_sitenote_note":"","_monsterinsights_sitenote_category":0},"product_brand":[],"product_cat":[12364,12376],"product_tag":[],"class_list":{"0":"post-756780","1":"product","2":"type-product","3":"status-publish","5":"product_cat-genel-konular","6":"product_cat-kisisel-gelisim","7":"pa_cilt-ciltsiz","8":"pa_tur-kitap","9":"pa_yayinevi-dogan-novus","10":"pa_yazar-osho","12":"first","13":"instock","14":"sale","15":"shipping-taxable","16":"purchasable","17":"product-type-simple"},"_links":{"self":[{"href":"https:\/\/roveyayinevi.com.tr\/index.php\/wp-json\/wp\/v2\/product\/756780","targetHints":{"allow":["GET"]}}],"collection":[{"href":"https:\/\/roveyayinevi.com.tr\/index.php\/wp-json\/wp\/v2\/product"}],"about":[{"href":"https:\/\/roveyayinevi.com.tr\/index.php\/wp-json\/wp\/v2\/types\/product"}],"wp:attachment":[{"href":"https:\/\/roveyayinevi.com.tr\/index.php\/wp-json\/wp\/v2\/media?parent=756780"}],"wp:term":[{"taxonomy":"product_brand","embeddable":true,"href":"https:\/\/roveyayinevi.com.tr\/index.php\/wp-json\/wp\/v2\/product_brand?post=756780"},{"taxonomy":"product_cat","embeddable":true,"href":"https:\/\/roveyayinevi.com.tr\/index.php\/wp-json\/wp\/v2\/product_cat?post=756780"},{"taxonomy":"product_tag","embeddable":true,"href":"https:\/\/roveyayinevi.com.tr\/index.php\/wp-json\/wp\/v2\/product_tag?post=756780"}],"curies":[{"name":"wp","href":"https:\/\/api.w.org\/{rel}","templated":true}]}}