{"id":756779,"date":"2025-08-28T07:16:47","date_gmt":"2025-08-28T04:16:47","guid":{"rendered":"https:\/\/roveyayinevi.com.tr\/index.php\/urun\/dunyalar-kadar-seviyorum-seni-ciltli\/"},"modified":"2026-04-16T03:09:57","modified_gmt":"2026-04-16T00:09:57","slug":"dunyalar-kadar-seviyorum-seni-ciltli","status":"publish","type":"product","link":"https:\/\/roveyayinevi.com.tr\/index.php\/urun\/dunyalar-kadar-seviyorum-seni-ciltli\/","title":{"rendered":"D\u00fcnyalar Kadar Seviyorum Seni (Ciltli)"},"content":{"rendered":"<p>Amazon \u00c7ok Satan\u0131\u2026   Ebeveyn ve biricik yavrusu aras\u0131ndaki sevginin s\u0131cac\u0131k bir kutlamas\u0131.!   B\u00fcy\u00fck bir klasik olan bu k\u00fc\u00e7\u00fck kitap \u00e7ocu\u011funuza sevginizi ifade etmek ve onu sakinle\u015ftirmek i\u00e7in uyku \u00f6ncesi favoriniz olacak.   Ciltli,S\u00fcnger dolgulu kapak ve Karton Sayfalar.<\/p>\n","protected":false},"excerpt":{"rendered":"<p>Amazon \u00c7ok Satan\u0131\u2026 Ebeveyn ve biricik yavrusu aras\u0131ndaki sevginin s\u0131cac\u0131k bir kutlamas\u0131.! B\u00fcy\u00fck bir klasik olan bu k\u00fc\u00e7\u00fck kitap \u00e7ocu\u011funuza sevginizi ifade etmek ve onu sakinle\u015ftirmek<span class=\"excerpt-hellip\"> [\u2026]<\/span><\/p>\n","protected":false},"featured_media":0,"template":"","meta":{"_monsterinsights_skip_tracking":false,"_monsterinsights_sitenote_active":false,"_monsterinsights_sitenote_note":"","_monsterinsights_sitenote_category":0},"product_brand":[],"product_cat":[12274,12284],"product_tag":[],"class_list":{"0":"post-756779","1":"product","2":"type-product","3":"status-publish","5":"product_cat-cocuk-ve-genclik-kitaplari","6":"product_cat-hikayeler","7":"pa_cilt-ciltli","8":"pa_tur-kitap","9":"pa_yayinevi-beta-kids","10":"pa_yazar-amelia-hepsworth","12":"first","13":"instock","14":"sale","15":"shipping-taxable","16":"purchasable","17":"product-type-simple"},"_links":{"self":[{"href":"https:\/\/roveyayinevi.com.tr\/index.php\/wp-json\/wp\/v2\/product\/756779","targetHints":{"allow":["GET"]}}],"collection":[{"href":"https:\/\/roveyayinevi.com.tr\/index.php\/wp-json\/wp\/v2\/product"}],"about":[{"href":"https:\/\/roveyayinevi.com.tr\/index.php\/wp-json\/wp\/v2\/types\/product"}],"wp:attachment":[{"href":"https:\/\/roveyayinevi.com.tr\/index.php\/wp-json\/wp\/v2\/media?parent=756779"}],"wp:term":[{"taxonomy":"product_brand","embeddable":true,"href":"https:\/\/roveyayinevi.com.tr\/index.php\/wp-json\/wp\/v2\/product_brand?post=756779"},{"taxonomy":"product_cat","embeddable":true,"href":"https:\/\/roveyayinevi.com.tr\/index.php\/wp-json\/wp\/v2\/product_cat?post=756779"},{"taxonomy":"product_tag","embeddable":true,"href":"https:\/\/roveyayinevi.com.tr\/index.php\/wp-json\/wp\/v2\/product_tag?post=756779"}],"curies":[{"name":"wp","href":"https:\/\/api.w.org\/{rel}","templated":true}]}}