{"id":756778,"date":"2025-08-28T07:16:46","date_gmt":"2025-08-28T04:16:46","guid":{"rendered":"https:\/\/roveyayinevi.com.tr\/index.php\/urun\/fare-dortlemesi-yesil-kapak\/"},"modified":"2026-04-16T03:09:57","modified_gmt":"2026-04-16T00:09:57","slug":"fare-dortlemesi-yesil-kapak","status":"publish","type":"product","link":"https:\/\/roveyayinevi.com.tr\/index.php\/urun\/fare-dortlemesi-yesil-kapak\/","title":{"rendered":"Fare D\u00f6rtlemesi (Ye\u015fil Kapak)"},"content":{"rendered":"<p>\u201cFare D\u00f6rtlemesi\u201d zaman\u0131m\u0131z\u0131n ya\u015fayan en \u00f6nemli yazarlar\u0131ndan biri olarak kabul edilen Haruki Murakami\u2019nin edebiyat yolculu\u011funun en \u00f6nemli izleklerinden birini temsil ediyor.   Ba\u015flarda \u201cFare \u00dc\u00e7lemesi\u201d olarak an\u0131lan seri R\u00fczg\u00e2r\u0131n \u015eark\u0131s\u0131n\u0131 Dinle, Pinball 1973 ve Yaban Koyununun \u0130zinde\u2019den olu\u015fur. Bu \u00fc\u00e7 kitab\u0131 birbirine ba\u011flayan, anlat\u0131c\u0131 kahraman\u0131n arkada\u015f\u0131 \u201cFare\u201ddir. Ama Yaban Koyununun \u0130zinde\u2019de Fare ortadan kaybolur. Yerine Koyun Adam\u2019\u0131 b\u0131rak\u0131r. Ve Koyun Adam hik\u00e2yeyi bir sonraki kitap olan Dans Dans Dans\u2019a ba\u011flayarak seriyi bir d\u00f6rtleme haline getirir.   Gen\u00e7lik, a\u015fk, edebiyat, gizem, yaln\u0131zl\u0131k, kay\u0131p duygusu&#8230; Murakami severler i\u00e7in ger\u00e7ek bir okuma \u015f\u00f6leni olan bu d\u00f6rt kitap \u015fimdi tek cilt halinde bir arada&#8230; <\/p>\n","protected":false},"excerpt":{"rendered":"<p>\u201cFare D\u00f6rtlemesi\u201d zaman\u0131m\u0131z\u0131n ya\u015fayan en \u00f6nemli yazarlar\u0131ndan biri olarak kabul edilen Haruki Murakami\u2019nin edebiyat yolculu\u011funun en \u00f6nemli izleklerinden birini temsil ediyor. Ba\u015flarda \u201cFare \u00dc\u00e7lemesi\u201d olarak an\u0131lan<span class=\"excerpt-hellip\"> [\u2026]<\/span><\/p>\n","protected":false},"featured_media":0,"template":"","meta":{"_monsterinsights_skip_tracking":false,"_monsterinsights_sitenote_active":false,"_monsterinsights_sitenote_note":"","_monsterinsights_sitenote_category":0},"product_brand":[],"product_cat":[12291,12711],"product_tag":[],"class_list":{"0":"post-756778","1":"product","2":"type-product","3":"status-publish","5":"product_cat-edebiyat","6":"product_cat-roman-oyku","7":"pa_cilt-ciltli","8":"pa_tur-kitap","9":"pa_yayinevi-dogan-kitap","10":"pa_yazar-haruki-murakami","12":"first","13":"instock","14":"sale","15":"shipping-taxable","16":"purchasable","17":"product-type-simple"},"_links":{"self":[{"href":"https:\/\/roveyayinevi.com.tr\/index.php\/wp-json\/wp\/v2\/product\/756778","targetHints":{"allow":["GET"]}}],"collection":[{"href":"https:\/\/roveyayinevi.com.tr\/index.php\/wp-json\/wp\/v2\/product"}],"about":[{"href":"https:\/\/roveyayinevi.com.tr\/index.php\/wp-json\/wp\/v2\/types\/product"}],"wp:attachment":[{"href":"https:\/\/roveyayinevi.com.tr\/index.php\/wp-json\/wp\/v2\/media?parent=756778"}],"wp:term":[{"taxonomy":"product_brand","embeddable":true,"href":"https:\/\/roveyayinevi.com.tr\/index.php\/wp-json\/wp\/v2\/product_brand?post=756778"},{"taxonomy":"product_cat","embeddable":true,"href":"https:\/\/roveyayinevi.com.tr\/index.php\/wp-json\/wp\/v2\/product_cat?post=756778"},{"taxonomy":"product_tag","embeddable":true,"href":"https:\/\/roveyayinevi.com.tr\/index.php\/wp-json\/wp\/v2\/product_tag?post=756778"}],"curies":[{"name":"wp","href":"https:\/\/api.w.org\/{rel}","templated":true}]}}