{"id":756776,"date":"2025-08-28T07:16:43","date_gmt":"2025-08-28T04:16:43","guid":{"rendered":"https:\/\/roveyayinevi.com.tr\/index.php\/urun\/istihbaratin-donusumu\/"},"modified":"2026-04-16T03:09:57","modified_gmt":"2026-04-16T00:09:57","slug":"istihbaratin-donusumu","status":"publish","type":"product","link":"https:\/\/roveyayinevi.com.tr\/index.php\/urun\/istihbaratin-donusumu\/","title":{"rendered":"\u0130stihbarat\u0131n D\u00f6n\u00fc\u015f\u00fcm\u00fc"},"content":{"rendered":"<p>Elinizdeki bu kitap, devletler i\u00e7in vazge\u00e7ilmez olan istihbarat sistemlerinin ulusal \u015foklar ve yeni tehditler sonucu olu\u015fan d\u00f6n\u00fc\u015f\u00fcm\u00fcn\u00fc, yazar taraf\u0131ndan in\u015fa edilen \u00f6zg\u00fcn bir teorik yakla\u015f\u0131m ile ele almaktad\u0131r. Buna g\u00f6re \u00fclkelerin istihbarat sistemleri, kimi zaman ulusal \u015foklarla kimi zaman ise ortaya \u00e7\u0131kan yeni i\u00e7 ve d\u0131\u015f tehditlerle de\u011fi\u015fime u\u011framaktad\u0131r. Eser, bu d\u00f6n\u00fc\u015f\u00fcm\u00fc Amerika\u2019daki 11 Eyl\u00fcl Sald\u0131r\u0131s\u0131\u2019ndan T\u00fcrkiye\u2019deki PKK faaliyetlerine ve Rusya\u2019daki \u00c7e\u00e7en Sava\u015flar\u0131na kadar, on iki farkl\u0131 vaka analizi ile ele almaktad\u0131r. Do\u011fas\u0131 gere\u011fi gizlilik ta\u015f\u0131yan istihbarat faaliyetleri, farkl\u0131 rejim t\u00fcrlerinde etkinlik ve hesap verebilirlik a\u00e7\u0131s\u0131ndan ayr\u0131\u015fmaktad\u0131r. Bu eser, demokratik (Amerika Birle\u015fik Devletleri), otoriter (Rusya Federasyonu) ve hibrit (T\u00fcrkiye Cumhuriyeti) rejimleri \u00e7er\u00e7evesinde, \u00fc\u00e7 \u00fclkenin istihbarat sistemlerinin, enformatik \u015foklar ve tehditler kar\u015f\u0131s\u0131nda ya\u015fad\u0131\u011f\u0131 de\u011fi\u015fim ve d\u00f6n\u00fc\u015f\u00fcmleri, kar\u015f\u0131la\u015ft\u0131rmal\u0131 olarak analiz etmektedir. Dolay\u0131s\u0131yla bu eser hem d\u00fcnyada hem de T\u00fcrkiye\u2019deki istihbarat bilimi \u00e7al\u0131\u015fmalar\u0131ndaki en b\u00fcy\u00fck noksanlardan birisi olarak de\u011ferlendirilen teori eksikli\u011fine \u201cArtan Tehditler ve Enformatik \u015eoklar Teorisi\u201d ile katk\u0131 sa\u011flamaktad\u0131r. <\/p>\n","protected":false},"excerpt":{"rendered":"<p>Elinizdeki bu kitap, devletler i\u00e7in vazge\u00e7ilmez olan istihbarat sistemlerinin ulusal \u015foklar ve yeni tehditler sonucu olu\u015fan d\u00f6n\u00fc\u015f\u00fcm\u00fcn\u00fc, yazar taraf\u0131ndan in\u015fa edilen \u00f6zg\u00fcn bir teorik yakla\u015f\u0131m ile<span class=\"excerpt-hellip\"> [\u2026]<\/span><\/p>\n","protected":false},"featured_media":0,"template":"","meta":{"_monsterinsights_skip_tracking":false,"_monsterinsights_sitenote_active":false,"_monsterinsights_sitenote_note":"","_monsterinsights_sitenote_category":0},"product_brand":[],"product_cat":[13590,12337],"product_tag":[],"class_list":{"0":"post-756776","1":"product","2":"type-product","3":"status-publish","5":"product_cat-arastirma-inceleme-politika-siyaset","6":"product_cat-politika-siyaset","7":"pa_cilt-ciltsiz","8":"pa_tur-kitap","9":"pa_yayinevi-yeditepe-yayinevi","10":"pa_yazar-ahmet-ates","12":"first","13":"instock","14":"sale","15":"shipping-taxable","16":"purchasable","17":"product-type-simple"},"_links":{"self":[{"href":"https:\/\/roveyayinevi.com.tr\/index.php\/wp-json\/wp\/v2\/product\/756776","targetHints":{"allow":["GET"]}}],"collection":[{"href":"https:\/\/roveyayinevi.com.tr\/index.php\/wp-json\/wp\/v2\/product"}],"about":[{"href":"https:\/\/roveyayinevi.com.tr\/index.php\/wp-json\/wp\/v2\/types\/product"}],"wp:attachment":[{"href":"https:\/\/roveyayinevi.com.tr\/index.php\/wp-json\/wp\/v2\/media?parent=756776"}],"wp:term":[{"taxonomy":"product_brand","embeddable":true,"href":"https:\/\/roveyayinevi.com.tr\/index.php\/wp-json\/wp\/v2\/product_brand?post=756776"},{"taxonomy":"product_cat","embeddable":true,"href":"https:\/\/roveyayinevi.com.tr\/index.php\/wp-json\/wp\/v2\/product_cat?post=756776"},{"taxonomy":"product_tag","embeddable":true,"href":"https:\/\/roveyayinevi.com.tr\/index.php\/wp-json\/wp\/v2\/product_tag?post=756776"}],"curies":[{"name":"wp","href":"https:\/\/api.w.org\/{rel}","templated":true}]}}