{"id":756775,"date":"2025-08-28T07:16:41","date_gmt":"2025-08-28T04:16:41","guid":{"rendered":"https:\/\/roveyayinevi.com.tr\/index.php\/urun\/dikkat-isirir\/"},"modified":"2026-04-08T03:18:04","modified_gmt":"2026-04-08T00:18:04","slug":"dikkat-isirir","status":"publish","type":"product","link":"https:\/\/roveyayinevi.com.tr\/index.php\/urun\/dikkat-isirir\/","title":{"rendered":"Dikkat Is\u0131r\u0131r"},"content":{"rendered":"<p>D\u00d6N\u00dc\u015eENLER\u0130N KASABASINA HO\u015e GELD\u0130N\u0130Z\u2026 Sel Archer, normal bir kasabada normal insanlarla birlikte sakin bir hayat s\u00fcrer, ayda bir gece hari\u00e7&#8230; Dolunay gecesi, neredeyse t\u00fcm yeti\u015fkinler kurtadama d\u00f6n\u00fc\u015f\u00fcr ve onlar\u0131 tehlikelerden korumak da Sel ve arkada\u015flar\u0131na d\u00fc\u015fer. Bu sakin ya\u015fam\u0131n ard\u0131ndaki ger\u00e7ekler a\u00e7\u0131\u011fa \u00e7\u0131kt\u0131\u011f\u0131nda ve D\u00f6n\u00fc\u015fenler ka\u00e7maya ba\u015flad\u0131\u011f\u0131nda, acaba Sel ve arkada\u015flar\u0131, her ad\u0131mlar\u0131n\u0131 kimin veya neyin izledi\u011fini \u00e7ok ge\u00e7 olmadan ortaya \u00e7\u0131karabilecekler mi? <\/p>\n","protected":false},"excerpt":{"rendered":"<p>D\u00d6N\u00dc\u015eENLER\u0130N KASABASINA HO\u015e GELD\u0130N\u0130Z\u2026 Sel Archer, normal bir kasabada normal insanlarla birlikte sakin bir hayat s\u00fcrer, ayda bir gece hari\u00e7&#8230; Dolunay gecesi, neredeyse t\u00fcm yeti\u015fkinler kurtadama<span class=\"excerpt-hellip\"> [\u2026]<\/span><\/p>\n","protected":false},"featured_media":0,"template":"","meta":{"_monsterinsights_skip_tracking":false,"_monsterinsights_sitenote_active":false,"_monsterinsights_sitenote_note":"","_monsterinsights_sitenote_category":0},"product_brand":[],"product_cat":[12291,12711],"product_tag":[],"class_list":{"0":"post-756775","1":"product","2":"type-product","3":"status-publish","5":"product_cat-edebiyat","6":"product_cat-roman-oyku","7":"pa_cilt-ciltsiz","8":"pa_tur-kitap","9":"pa_yayinevi-x-libris","10":"pa_yazar-s-j-wills","12":"first","13":"instock","14":"sale","15":"shipping-taxable","16":"purchasable","17":"product-type-simple"},"_links":{"self":[{"href":"https:\/\/roveyayinevi.com.tr\/index.php\/wp-json\/wp\/v2\/product\/756775","targetHints":{"allow":["GET"]}}],"collection":[{"href":"https:\/\/roveyayinevi.com.tr\/index.php\/wp-json\/wp\/v2\/product"}],"about":[{"href":"https:\/\/roveyayinevi.com.tr\/index.php\/wp-json\/wp\/v2\/types\/product"}],"wp:attachment":[{"href":"https:\/\/roveyayinevi.com.tr\/index.php\/wp-json\/wp\/v2\/media?parent=756775"}],"wp:term":[{"taxonomy":"product_brand","embeddable":true,"href":"https:\/\/roveyayinevi.com.tr\/index.php\/wp-json\/wp\/v2\/product_brand?post=756775"},{"taxonomy":"product_cat","embeddable":true,"href":"https:\/\/roveyayinevi.com.tr\/index.php\/wp-json\/wp\/v2\/product_cat?post=756775"},{"taxonomy":"product_tag","embeddable":true,"href":"https:\/\/roveyayinevi.com.tr\/index.php\/wp-json\/wp\/v2\/product_tag?post=756775"}],"curies":[{"name":"wp","href":"https:\/\/api.w.org\/{rel}","templated":true}]}}