{"id":756774,"date":"2025-08-28T07:16:40","date_gmt":"2025-08-28T04:16:40","guid":{"rendered":"https:\/\/roveyayinevi.com.tr\/index.php\/urun\/amerikada-bir-fenerbahceli\/"},"modified":"2026-04-16T03:09:57","modified_gmt":"2026-04-16T00:09:57","slug":"amerikada-bir-fenerbahceli","status":"publish","type":"product","link":"https:\/\/roveyayinevi.com.tr\/index.php\/urun\/amerikada-bir-fenerbahceli\/","title":{"rendered":"Amerika&#8217;da Bir Fenerbah\u00e7eli"},"content":{"rendered":"<p>\u201cSpor, bilhassa futbol, bir insan\u0131 yabanc\u0131 bir memlekette hayat\u0131n zorluklar\u0131ndan koruyabilir mi?\u201d Fenerbah\u00e7e ve T\u00fcrk Milli futbol tak\u0131m\u0131n\u0131n \u00fcnl\u00fc oyuncusu Hasan K\u00e2mil Sporel, Resimli Gazete\u2019de yazd\u0131\u011f\u0131 yaz\u0131 dizisine i\u015fte bu c\u00fcmleyle ba\u015flam\u0131\u015ft\u0131. 24 Mart 1928 ile 7 Temmuz 1928 tarihleri aras\u0131nda 16 b\u00f6l\u00fcm halinde yay\u0131mlanan tefrika, \u201cAmerika\u2019y\u0131 tan\u0131mak isteyen gen\u00e7lere bir hizmet edebilmek i\u00e7in\u201d okuyucu ile bulu\u015ftu. Hasan K\u00e2mil Bey gen\u00e7 ya\u015f\u0131nda at\u0131ld\u0131\u011f\u0131 Amerika maceras\u0131n\u0131 aktar\u0131rken; sadece sporcu kimli\u011fiyle de\u011fil, ayn\u0131 zamanda gen\u00e7 bir Osmanl\u0131 T\u00fcrk\u00fc olarak 20.y\u00fczy\u0131l\u0131n ilk \u00e7eyre\u011fi i\u00e7in \u00f6nemli bilgiler verdi\u011fi gibi i\u00e7inde ya\u015fad\u0131\u011f\u0131 d\u00f6nemin ruhunu m\u00fckemmel bir \u015fekilde yans\u0131t\u0131yordu. Bu kitapta Hasan K\u00e2mil Bey\u2019in Titanik facias\u0131ndan, bir makarna \u00e7e\u015fidi olan spaghetti\u2019ye; Mekteb-i Sultani\u2019den, ilk otomobil markalar\u0131ndan biri olan Olds Mobile\u2019e; \u00fcnl\u00fc diplomat Celal M\u00fcnif Bey\u2019den, T\u00fcrk tarihinin en \u015f\u00f6hretli vapuru G\u00fclcemal\u2019e kadar uzanan an\u0131lar\u0131n\u0131 okuyacak ve gen\u00e7 bir adam\u0131n vatan \u00f6zlemine tan\u0131k olacaks\u0131n\u0131z. <\/p>\n","protected":false},"excerpt":{"rendered":"<p>\u201cSpor, bilhassa futbol, bir insan\u0131 yabanc\u0131 bir memlekette hayat\u0131n zorluklar\u0131ndan koruyabilir mi?\u201d Fenerbah\u00e7e ve T\u00fcrk Milli futbol tak\u0131m\u0131n\u0131n \u00fcnl\u00fc oyuncusu Hasan K\u00e2mil Sporel, Resimli Gazete\u2019de yazd\u0131\u011f\u0131<span class=\"excerpt-hellip\"> [\u2026]<\/span><\/p>\n","protected":false},"featured_media":0,"template":"","meta":{"_monsterinsights_skip_tracking":false,"_monsterinsights_sitenote_active":false,"_monsterinsights_sitenote_note":"","_monsterinsights_sitenote_category":0},"product_brand":[],"product_cat":[13701,12291],"product_tag":[],"class_list":{"0":"post-756774","1":"product","2":"type-product","3":"status-publish","5":"product_cat-ani-mektup-gunluk","6":"product_cat-edebiyat","7":"pa_cilt-ciltsiz","8":"pa_tur-kitap","9":"pa_yayinevi-yeditepe-yayinevi","10":"pa_yazar-baris-kenaroglu-baris-eymen","12":"first","13":"instock","14":"sale","15":"shipping-taxable","16":"purchasable","17":"product-type-simple"},"_links":{"self":[{"href":"https:\/\/roveyayinevi.com.tr\/index.php\/wp-json\/wp\/v2\/product\/756774","targetHints":{"allow":["GET"]}}],"collection":[{"href":"https:\/\/roveyayinevi.com.tr\/index.php\/wp-json\/wp\/v2\/product"}],"about":[{"href":"https:\/\/roveyayinevi.com.tr\/index.php\/wp-json\/wp\/v2\/types\/product"}],"wp:attachment":[{"href":"https:\/\/roveyayinevi.com.tr\/index.php\/wp-json\/wp\/v2\/media?parent=756774"}],"wp:term":[{"taxonomy":"product_brand","embeddable":true,"href":"https:\/\/roveyayinevi.com.tr\/index.php\/wp-json\/wp\/v2\/product_brand?post=756774"},{"taxonomy":"product_cat","embeddable":true,"href":"https:\/\/roveyayinevi.com.tr\/index.php\/wp-json\/wp\/v2\/product_cat?post=756774"},{"taxonomy":"product_tag","embeddable":true,"href":"https:\/\/roveyayinevi.com.tr\/index.php\/wp-json\/wp\/v2\/product_tag?post=756774"}],"curies":[{"name":"wp","href":"https:\/\/api.w.org\/{rel}","templated":true}]}}