{"id":756773,"date":"2025-08-28T07:16:39","date_gmt":"2025-08-28T04:16:39","guid":{"rendered":"https:\/\/roveyayinevi.com.tr\/index.php\/urun\/james-porterin-istanbul-buyukelciligi\/"},"modified":"2026-04-16T03:09:57","modified_gmt":"2026-04-16T00:09:57","slug":"james-porterin-istanbul-buyukelciligi","status":"publish","type":"product","link":"https:\/\/roveyayinevi.com.tr\/index.php\/urun\/james-porterin-istanbul-buyukelciligi\/","title":{"rendered":"James Porter&#8217;in \u0130stanbul B\u00fcy\u00fckel\u00e7ili\u011fi"},"content":{"rendered":"<p>Gerek Osmanl\u0131 Devleti gerek B\u00fcy\u00fck Britanya Krall\u0131\u011f\u0131, tarihin belirli d\u00f6nemlerinde k\u00fcresel s\u00fcper g\u00fc\u00e7 olmay\u0131 ba\u015farm\u0131\u015f ve imparatorluk olarak an\u0131lm\u0131\u015ft\u0131r. 18. y\u00fczy\u0131la gelindi\u011finde, bu iki devletten Osmanl\u0131 \u0130mparatorlu\u011fu siyasi a\u011f\u0131rl\u0131\u011f\u0131n\u0131 kaybederken Britanya Krall\u0131\u011f\u0131 ise y\u00fckseli\u015fe ge\u00e7mi\u015fti. Bununla beraber her iki devlet de 18. y\u00fczy\u0131lda Avrupa dengeler sistemi i\u00e7inde \u00f6nemli birer oyuncu konumundayd\u0131. Devlet aras\u0131nda denge ve rekabete dayanan bu konjonkt\u00fcr i\u00e7erisinde, Britanya\u2019n\u0131n \u0130stanbul\u2019daki b\u00fcy\u00fckel\u00e7ili\u011fine atanan James Porter 1747-1762 y\u0131llar\u0131 aras\u0131nda bu vazifeyi s\u00fcrd\u00fcrm\u00fc\u015ft\u00fcr. Hem ticaret d\u00fcnyas\u0131n\u0131n i\u00e7inden gelen bir tacir hem de entelekt\u00fcel bak\u0131m\u0131ndan iyi yeti\u015fmi\u015f bir diplomat olan James Porter, g\u00f6rev s\u00fcresi boyunca sahip oldu\u011fu birikimini, Britanya\u2019n\u0131n Osmanl\u0131 \u0130mparatorlu\u011fu nezdindeki \u00e7\u0131karlar\u0131n\u0131 korumak i\u00e7in kullanm\u0131\u015ft\u0131r. Porter\u2019\u0131n b\u00fcy\u00fckel\u00e7ilik d\u00f6neminde, farkl\u0131 konularla ilgili bilgileri kay\u0131t alt\u0131na alm\u0131\u015ft\u0131r. Onun el\u00e7ilik d\u00f6nemi ile alakal\u0131 kay\u0131tlar\u0131ndan yararlan\u0131larak haz\u0131rlanan bu eserde, 18. y\u00fczy\u0131l\u0131n ortas\u0131nda \u0130stanbul\u2019daki diplomatik misyonlar\u0131n m\u00fccadelesi, Osmanl\u0131 \u0130mparatorlu\u011fu\u2019ndaki g\u00fcnl\u00fck hayat, \u0130stanbul\u2019da ya\u015fanan tabii afetler, ayaklanmalar, imparatorluk genelindeki sosyal, k\u00fclt\u00fcrel ve ticari hayat gibi konular ele al\u0131nm\u0131\u015f ve James Porter\u2019\u0131n el\u00e7ilik g\u00f6revindeki faaliyetleri de\u011ferlendirilmi\u015ftir. <\/p>\n","protected":false},"excerpt":{"rendered":"<p>Gerek Osmanl\u0131 Devleti gerek B\u00fcy\u00fck Britanya Krall\u0131\u011f\u0131, tarihin belirli d\u00f6nemlerinde k\u00fcresel s\u00fcper g\u00fc\u00e7 olmay\u0131 ba\u015farm\u0131\u015f ve imparatorluk olarak an\u0131lm\u0131\u015ft\u0131r. 18. y\u00fczy\u0131la gelindi\u011finde, bu iki devletten Osmanl\u0131<span class=\"excerpt-hellip\"> [\u2026]<\/span><\/p>\n","protected":false},"featured_media":0,"template":"","meta":{"_monsterinsights_skip_tracking":false,"_monsterinsights_sitenote_active":false,"_monsterinsights_sitenote_note":"","_monsterinsights_sitenote_category":0},"product_brand":[],"product_cat":[12370,12304],"product_tag":[],"class_list":{"0":"post-756773","1":"product","2":"type-product","3":"status-publish","5":"product_cat-arastirma-inceleme","6":"product_cat-tarih","7":"pa_cilt-ciltsiz","8":"pa_tur-kitap","9":"pa_yayinevi-yeditepe-yayinevi","10":"pa_yazar-ahmet-buyukaksoy","12":"first","13":"instock","14":"sale","15":"shipping-taxable","16":"purchasable","17":"product-type-simple"},"_links":{"self":[{"href":"https:\/\/roveyayinevi.com.tr\/index.php\/wp-json\/wp\/v2\/product\/756773","targetHints":{"allow":["GET"]}}],"collection":[{"href":"https:\/\/roveyayinevi.com.tr\/index.php\/wp-json\/wp\/v2\/product"}],"about":[{"href":"https:\/\/roveyayinevi.com.tr\/index.php\/wp-json\/wp\/v2\/types\/product"}],"wp:attachment":[{"href":"https:\/\/roveyayinevi.com.tr\/index.php\/wp-json\/wp\/v2\/media?parent=756773"}],"wp:term":[{"taxonomy":"product_brand","embeddable":true,"href":"https:\/\/roveyayinevi.com.tr\/index.php\/wp-json\/wp\/v2\/product_brand?post=756773"},{"taxonomy":"product_cat","embeddable":true,"href":"https:\/\/roveyayinevi.com.tr\/index.php\/wp-json\/wp\/v2\/product_cat?post=756773"},{"taxonomy":"product_tag","embeddable":true,"href":"https:\/\/roveyayinevi.com.tr\/index.php\/wp-json\/wp\/v2\/product_tag?post=756773"}],"curies":[{"name":"wp","href":"https:\/\/api.w.org\/{rel}","templated":true}]}}