{"id":756770,"date":"2025-08-28T07:16:35","date_gmt":"2025-08-28T04:16:35","guid":{"rendered":"https:\/\/roveyayinevi.com.tr\/index.php\/urun\/aristo-diyeti-ile-yeni-yasam\/"},"modified":"2026-04-16T03:09:57","modified_gmt":"2026-04-16T00:09:57","slug":"aristo-diyeti-ile-yeni-yasam","status":"publish","type":"product","link":"https:\/\/roveyayinevi.com.tr\/index.php\/urun\/aristo-diyeti-ile-yeni-yasam\/","title":{"rendered":"Aristo Diyeti \u0130le Yeni Ya\u015fam"},"content":{"rendered":"<p>Kilo verip almaktan yoruldunuz mu? Basenleriniz ve g\u00f6be\u011finiz ne yapsan\u0131z gitmiyor mu? Sabahlar\u0131 yorgun mu uyan\u0131yorsunuz? Ne yerseniz \u015fi\u015fkinlik mi yap\u0131yor? Diyet yapmaktan b\u0131kt\u0131n\u0131z m\u0131? Yemek yerken su\u00e7luluk hissediyor musunuz? \u201cCan\u0131m istiyor\u201d diyerek yedi\u011finiz yemekleri, siz de\u011fil ger\u00e7ekte ba\u011f\u0131rsak bakterileriniz istiyor olabilir mi? Protein, hormon, antibiyotik i\u00e7eren et, bal\u0131k, tavuk, s\u00fct, yo\u011furt, peynir ve yumurtay\u0131 her g\u00fcn t\u00fcketiyor musunuz? Eskiden yapt\u0131\u011f\u0131n\u0131z diyetler \u015fimdi i\u015fe yaram\u0131yor mu? Bu sorulardan birine bile evet dediyseniz, sizin i\u00e7in bir \u015feyleri de\u011fi\u015ftirme zaman\u0131 gelmi\u015f demektir. S\u00fcrd\u00fcr\u00fclebilir \u201cAristo Ya\u015fam Program\u0131\u201d ile hayalinizdeki bedene kavu\u015fman\u0131z m\u00fcmk\u00fcn. \u0130stedi\u011finiz kadar yiyerek kolay ve kal\u0131c\u0131 kilo verebilirsiniz. Aristo Diyeti, ruhsal ve fiziksel dengede olman\u0131z\u0131 sa\u011flayan, bitkisel bazl\u0131, ne sadece vegan ya da protein ne de keto bazl\u0131 bir diyet. Detokslar, \u00f6zel ya\u011f yak\u0131c\u0131 kar\u0131\u015f\u0131mlar, yemek tarifleri ve bilin\u00e7alt\u0131n\u0131z\u0131 hareketlendirecek olumlamalarla beslenme al\u0131\u015fkanl\u0131klar\u0131n\u0131z\u0131 t\u00fcmden de\u011fi\u015ftiren s\u00fcrd\u00fcr\u00fclebilir bir sa\u011fl\u0131kl\u0131 ya\u015fam program\u0131. O zaman haydi ba\u015flayal\u0131m\u2026 <\/p>\n","protected":false},"excerpt":{"rendered":"<p>Kilo verip almaktan yoruldunuz mu? Basenleriniz ve g\u00f6be\u011finiz ne yapsan\u0131z gitmiyor mu? Sabahlar\u0131 yorgun mu uyan\u0131yorsunuz? Ne yerseniz \u015fi\u015fkinlik mi yap\u0131yor? Diyet yapmaktan b\u0131kt\u0131n\u0131z m\u0131? Yemek<span class=\"excerpt-hellip\"> [\u2026]<\/span><\/p>\n","protected":false},"featured_media":0,"template":"","meta":{"_monsterinsights_skip_tracking":false,"_monsterinsights_sitenote_active":false,"_monsterinsights_sitenote_note":"","_monsterinsights_sitenote_category":0},"product_brand":[],"product_cat":[13402,13365],"product_tag":[],"class_list":{"0":"post-756770","1":"product","2":"type-product","3":"status-publish","5":"product_cat-beslenme-ve-diyet","6":"product_cat-saglik","7":"pa_cilt-ciltsiz","8":"pa_tur-kitap","9":"pa_yayinevi-dogan-novus","10":"pa_yazar-gonul-atessacan","12":"first","13":"instock","14":"sale","15":"shipping-taxable","16":"purchasable","17":"product-type-simple"},"_links":{"self":[{"href":"https:\/\/roveyayinevi.com.tr\/index.php\/wp-json\/wp\/v2\/product\/756770","targetHints":{"allow":["GET"]}}],"collection":[{"href":"https:\/\/roveyayinevi.com.tr\/index.php\/wp-json\/wp\/v2\/product"}],"about":[{"href":"https:\/\/roveyayinevi.com.tr\/index.php\/wp-json\/wp\/v2\/types\/product"}],"wp:attachment":[{"href":"https:\/\/roveyayinevi.com.tr\/index.php\/wp-json\/wp\/v2\/media?parent=756770"}],"wp:term":[{"taxonomy":"product_brand","embeddable":true,"href":"https:\/\/roveyayinevi.com.tr\/index.php\/wp-json\/wp\/v2\/product_brand?post=756770"},{"taxonomy":"product_cat","embeddable":true,"href":"https:\/\/roveyayinevi.com.tr\/index.php\/wp-json\/wp\/v2\/product_cat?post=756770"},{"taxonomy":"product_tag","embeddable":true,"href":"https:\/\/roveyayinevi.com.tr\/index.php\/wp-json\/wp\/v2\/product_tag?post=756770"}],"curies":[{"name":"wp","href":"https:\/\/api.w.org\/{rel}","templated":true}]}}