{"id":756766,"date":"2025-08-28T07:16:30","date_gmt":"2025-08-28T04:16:30","guid":{"rendered":"https:\/\/roveyayinevi.com.tr\/index.php\/urun\/koy-enstituleri-kirsal-kalkinma-ve-saglik-kolu-2-cilt-takim\/"},"modified":"2026-04-16T03:09:57","modified_gmt":"2026-04-16T00:09:57","slug":"koy-enstituleri-kirsal-kalkinma-ve-saglik-kolu-2-cilt-takim","status":"publish","type":"product","link":"https:\/\/roveyayinevi.com.tr\/index.php\/urun\/koy-enstituleri-kirsal-kalkinma-ve-saglik-kolu-2-cilt-takim\/","title":{"rendered":"K\u00f6y Enstit\u00fcleri K\u0131rsal Kalk\u0131nma ve Sa\u011fl\u0131k Kolu &#8211; ( 2 Cilt Tak\u0131m)"},"content":{"rendered":"<p>Ancak,K\u00f6y Enstit\u00fcleri,t\u0131pk\u0131 1923 devrimi ve kazan\u0131mlar\u0131 gibi i\u00e7in i\u00e7in yanan bir kor gibi halk \u00f6nderli\u011fini \u00fcstlenecekler a\u00e7\u0131s\u0131ndan bir ba\u015far\u0131lm\u0131\u015f, geni\u015f anlamda toplumu etkilemi\u015f bir ileri at\u0131l\u0131\u015f, devrimci bir y\u00f6ntem ve uygulama olarak kabul g\u00f6rmeyi s\u00fcrd\u00fcrmektedir.   Bir K\u00f6y enstit\u00fcl\u00fc baban\u0131n o\u011flu olarak Sercan \u00dcnsal&#8217;\u0131n haz\u0131rlad\u0131\u011f\u0131 &#8221;K\u00f6y Enstit\u00fcleri\/K\u0131rsal Kalk\u0131nma ve Sa\u011fl\u0131k Kolu &#8221; i\u015fte bu kabul\u00fcn; yurt birikimine, k\u00fct\u00fcphanelerine, gelecek ku\u015faklara,akl\u0131n\u0131 kullanacak olanlara b\u0131rak\u0131lan se\u00e7kin \u00f6rneklerinden biridir&#8230;Sayg\u0131lar\u0131mla&#8230; I\u015f\u0131k Kansu                                                                                                                   <\/p>\n","protected":false},"excerpt":{"rendered":"<p>Ancak,K\u00f6y Enstit\u00fcleri,t\u0131pk\u0131 1923 devrimi ve kazan\u0131mlar\u0131 gibi i\u00e7in i\u00e7in yanan bir kor gibi halk \u00f6nderli\u011fini \u00fcstlenecekler a\u00e7\u0131s\u0131ndan bir ba\u015far\u0131lm\u0131\u015f, geni\u015f anlamda toplumu etkilemi\u015f bir ileri at\u0131l\u0131\u015f,<span class=\"excerpt-hellip\"> [\u2026]<\/span><\/p>\n","protected":false},"featured_media":0,"template":"","meta":{"_monsterinsights_skip_tracking":false,"_monsterinsights_sitenote_active":false,"_monsterinsights_sitenote_note":"","_monsterinsights_sitenote_category":0},"product_brand":[],"product_cat":[12370,12304],"product_tag":[],"class_list":{"0":"post-756766","1":"product","2":"type-product","3":"status-publish","5":"product_cat-arastirma-inceleme","6":"product_cat-tarih","7":"pa_cilt-ciltsiz","8":"pa_tur-kitap","9":"pa_yayinevi-baris-kitap","10":"pa_yazar-sercan-unsal","12":"first","13":"instock","14":"sale","15":"shipping-taxable","16":"purchasable","17":"product-type-simple"},"_links":{"self":[{"href":"https:\/\/roveyayinevi.com.tr\/index.php\/wp-json\/wp\/v2\/product\/756766","targetHints":{"allow":["GET"]}}],"collection":[{"href":"https:\/\/roveyayinevi.com.tr\/index.php\/wp-json\/wp\/v2\/product"}],"about":[{"href":"https:\/\/roveyayinevi.com.tr\/index.php\/wp-json\/wp\/v2\/types\/product"}],"wp:attachment":[{"href":"https:\/\/roveyayinevi.com.tr\/index.php\/wp-json\/wp\/v2\/media?parent=756766"}],"wp:term":[{"taxonomy":"product_brand","embeddable":true,"href":"https:\/\/roveyayinevi.com.tr\/index.php\/wp-json\/wp\/v2\/product_brand?post=756766"},{"taxonomy":"product_cat","embeddable":true,"href":"https:\/\/roveyayinevi.com.tr\/index.php\/wp-json\/wp\/v2\/product_cat?post=756766"},{"taxonomy":"product_tag","embeddable":true,"href":"https:\/\/roveyayinevi.com.tr\/index.php\/wp-json\/wp\/v2\/product_tag?post=756766"}],"curies":[{"name":"wp","href":"https:\/\/api.w.org\/{rel}","templated":true}]}}